{"id":257891,"date":"2025-11-28T18:15:47","date_gmt":"2025-11-28T17:15:47","guid":{"rendered":"https:\/\/shop.natur-konkret.ch\/produkt\/formaggio-dalpeggio-di-sfii\/"},"modified":"2026-04-13T17:14:00","modified_gmt":"2026-04-13T15:14:00","slug":"formaggio-dalpeggio-di-sfii","status":"publish","type":"product","link":"https:\/\/shop.natur-konkret.ch\/it\/prodotti\/formaggio-dalpeggio-di-sfii\/","title":{"rendered":"Formaggio d\u2019alpeggio di Sfii"},"content":{"rendered":"<p>\n      <b>Alpenk\u00e4se aus dem Valle\u00a0Maggia<\/b><br \/>Aus den wundersch\u00f6nen<br \/>\n      Maggiatals im Tessin, kann nur ein ausserordentlich guter K\u00e4se stammen.\n    <\/p>\n<p>\n      Nach der eigenen Tradition wird die Milch gew\u00fcrzt, der K\u00e4se dann geformt<br \/>\n      und gereift, und das Endprodukt schmeckt immer exzellent.\n    <\/p>\n<p>\n      <b>Zutaten<\/b><br \/>100% Kuhmilch\n    <\/p>\n<p>\n      <b>Allergene<\/b><br \/>Milchprodukt<br \/>\u00a0\n    <\/p>\n","protected":false},"excerpt":{"rendered":"<p>Alpenk\u00e4se aus dem Valle\u00a0MaggiaAus den wundersch\u00f6nen Maggiatals im Tessin, kann nur ein ausserordentlich guter K\u00e4se stammen. Nach der eigenen Tradition wird die Milch gew\u00fcrzt, der K\u00e4se dann geformt und gereift, und das Endprodukt schmeckt immer exzellent. Zutaten100% Kuhmilch AllergeneMilchprodukt\u00a0<\/p>\n","protected":false},"featured_media":286724,"template":"","meta":{"_acf_changed":false},"product_brand":[],"product_cat":[158,612],"product_tag":[],"class_list":{"0":"post-257891","1":"product","2":"type-product","3":"status-publish","4":"has-post-thumbnail","6":"product_cat-prodotti","7":"product_cat-formaggio-it","9":"first","10":"instock","11":"taxable","12":"shipping-taxable","13":"purchasable","14":"product-type-simple"},"acf":[],"yoast_head":"<!-- This site is optimized with the Yoast SEO plugin v27.4 - https:\/\/yoast.com\/product\/yoast-seo-wordpress\/ -->\n<title>Formaggio d\u2019alpeggio di Sfii - Natur Konkret - Onlineshop<\/title>\n<meta name=\"description\" content=\"Formaggio d\u2019alpeggio di Sfii - Con metodi di produzione naturali conciliamo la tutela dell&#039;ambiente, il benessere degli animali e la produzione di alimenti sani e di alta qualit\u00e0.\" \/>\n<meta name=\"robots\" content=\"index, follow, max-snippet:-1, max-image-preview:large, max-video-preview:-1\" \/>\n<link rel=\"canonical\" href=\"https:\/\/shop.natur-konkret.ch\/it\/prodotti\/formaggio-dalpeggio-di-sfii\/\" \/>\n<meta property=\"og:locale\" content=\"it_IT\" \/>\n<meta property=\"og:type\" content=\"article\" \/>\n<meta property=\"og:title\" content=\"Formaggio d\u2019alpeggio di Sfii - Natur Konkret - Onlineshop\" \/>\n<meta property=\"og:description\" content=\"Formaggio d\u2019alpeggio di Sfii - Con metodi di produzione naturali conciliamo la tutela dell&#039;ambiente, il benessere degli animali e la produzione di alimenti sani e di alta qualit\u00e0.\" \/>\n<meta property=\"og:url\" content=\"https:\/\/shop.natur-konkret.ch\/it\/prodotti\/formaggio-dalpeggio-di-sfii\/\" \/>\n<meta property=\"og:site_name\" content=\"Natur Konkret - Onlineshop\" \/>\n<meta property=\"article:modified_time\" content=\"2026-04-13T15:14:00+00:00\" \/>\n<meta property=\"og:image\" content=\"https:\/\/shop.natur-konkret.ch\/wp-content\/uploads\/6033_09.jpeg\" \/>\n\t<meta property=\"og:image:width\" content=\"950\" \/>\n\t<meta property=\"og:image:height\" content=\"950\" \/>\n\t<meta property=\"og:image:type\" content=\"image\/jpeg\" \/>\n<meta name=\"twitter:card\" content=\"summary_large_image\" \/>\n<script type=\"application\/ld+json\" class=\"yoast-schema-graph\">{\"@context\":\"https:\\\/\\\/schema.org\",\"@graph\":[{\"@type\":\"WebPage\",\"@id\":\"https:\\\/\\\/shop.natur-konkret.ch\\\/it\\\/prodotti\\\/formaggio-dalpeggio-di-sfii\\\/\",\"url\":\"https:\\\/\\\/shop.natur-konkret.ch\\\/it\\\/prodotti\\\/formaggio-dalpeggio-di-sfii\\\/\",\"name\":\"Formaggio d\u2019alpeggio di Sfii - Natur Konkret - Onlineshop\",\"isPartOf\":{\"@id\":\"https:\\\/\\\/shop.natur-konkret.ch\\\/it\\\/#website\"},\"primaryImageOfPage\":{\"@id\":\"https:\\\/\\\/shop.natur-konkret.ch\\\/it\\\/prodotti\\\/formaggio-dalpeggio-di-sfii\\\/#primaryimage\"},\"image\":{\"@id\":\"https:\\\/\\\/shop.natur-konkret.ch\\\/it\\\/prodotti\\\/formaggio-dalpeggio-di-sfii\\\/#primaryimage\"},\"thumbnailUrl\":\"https:\\\/\\\/shop.natur-konkret.ch\\\/wp-content\\\/uploads\\\/6033_09.jpeg\",\"datePublished\":\"2025-11-28T17:15:47+00:00\",\"dateModified\":\"2026-04-13T15:14:00+00:00\",\"description\":\"Formaggio d\u2019alpeggio di Sfii - Con metodi di produzione naturali conciliamo la tutela dell'ambiente, il benessere degli animali e la produzione di alimenti sani e di alta qualit\u00e0.\",\"breadcrumb\":{\"@id\":\"https:\\\/\\\/shop.natur-konkret.ch\\\/it\\\/prodotti\\\/formaggio-dalpeggio-di-sfii\\\/#breadcrumb\"},\"inLanguage\":\"it-IT\",\"potentialAction\":[{\"@type\":\"ReadAction\",\"target\":[\"https:\\\/\\\/shop.natur-konkret.ch\\\/it\\\/prodotti\\\/formaggio-dalpeggio-di-sfii\\\/\"]}]},{\"@type\":\"ImageObject\",\"inLanguage\":\"it-IT\",\"@id\":\"https:\\\/\\\/shop.natur-konkret.ch\\\/it\\\/prodotti\\\/formaggio-dalpeggio-di-sfii\\\/#primaryimage\",\"url\":\"https:\\\/\\\/shop.natur-konkret.ch\\\/wp-content\\\/uploads\\\/6033_09.jpeg\",\"contentUrl\":\"https:\\\/\\\/shop.natur-konkret.ch\\\/wp-content\\\/uploads\\\/6033_09.jpeg\",\"width\":950,\"height\":950},{\"@type\":\"BreadcrumbList\",\"@id\":\"https:\\\/\\\/shop.natur-konkret.ch\\\/it\\\/prodotti\\\/formaggio-dalpeggio-di-sfii\\\/#breadcrumb\",\"itemListElement\":[{\"@type\":\"ListItem\",\"position\":1,\"name\":\"Home\",\"item\":\"https:\\\/\\\/shop.natur-konkret.ch\\\/it\\\/\"},{\"@type\":\"ListItem\",\"position\":2,\"name\":\"Prodotti\",\"item\":\"https:\\\/\\\/shop.natur-konkret.ch\\\/it\\\/prodotti\\\/\"},{\"@type\":\"ListItem\",\"position\":3,\"name\":\"Formaggio d\u2019alpeggio di Sfii\"}]},{\"@type\":\"WebSite\",\"@id\":\"https:\\\/\\\/shop.natur-konkret.ch\\\/it\\\/#website\",\"url\":\"https:\\\/\\\/shop.natur-konkret.ch\\\/it\\\/\",\"name\":\"Natur Konkret\",\"description\":\"Wenn nur das Beste auf den Tisch soll\",\"publisher\":{\"@id\":\"https:\\\/\\\/shop.natur-konkret.ch\\\/it\\\/#organization\"},\"potentialAction\":[{\"@type\":\"SearchAction\",\"target\":{\"@type\":\"EntryPoint\",\"urlTemplate\":\"https:\\\/\\\/shop.natur-konkret.ch\\\/it\\\/?s={search_term_string}\"},\"query-input\":{\"@type\":\"PropertyValueSpecification\",\"valueRequired\":true,\"valueName\":\"search_term_string\"}}],\"inLanguage\":\"it-IT\"},{\"@type\":\"Organization\",\"@id\":\"https:\\\/\\\/shop.natur-konkret.ch\\\/it\\\/#organization\",\"name\":\"Natur Konkret\",\"url\":\"https:\\\/\\\/shop.natur-konkret.ch\\\/it\\\/\",\"logo\":{\"@type\":\"ImageObject\",\"inLanguage\":\"it-IT\",\"@id\":\"https:\\\/\\\/shop.natur-konkret.ch\\\/it\\\/#\\\/schema\\\/logo\\\/image\\\/\",\"url\":\"\",\"contentUrl\":\"\",\"caption\":\"Natur Konkret\"},\"image\":{\"@id\":\"https:\\\/\\\/shop.natur-konkret.ch\\\/it\\\/#\\\/schema\\\/logo\\\/image\\\/\"}}]}<\/script>\n<!-- \/ Yoast SEO plugin. -->","yoast_head_json":{"title":"Formaggio d\u2019alpeggio di Sfii - Natur Konkret - Onlineshop","description":"Formaggio d\u2019alpeggio di Sfii - Con metodi di produzione naturali conciliamo la tutela dell'ambiente, il benessere degli animali e la produzione di alimenti sani e di alta qualit\u00e0.","robots":{"index":"index","follow":"follow","max-snippet":"max-snippet:-1","max-image-preview":"max-image-preview:large","max-video-preview":"max-video-preview:-1"},"canonical":"https:\/\/shop.natur-konkret.ch\/it\/prodotti\/formaggio-dalpeggio-di-sfii\/","og_locale":"it_IT","og_type":"article","og_title":"Formaggio d\u2019alpeggio di Sfii - Natur Konkret - Onlineshop","og_description":"Formaggio d\u2019alpeggio di Sfii - Con metodi di produzione naturali conciliamo la tutela dell'ambiente, il benessere degli animali e la produzione di alimenti sani e di alta qualit\u00e0.","og_url":"https:\/\/shop.natur-konkret.ch\/it\/prodotti\/formaggio-dalpeggio-di-sfii\/","og_site_name":"Natur Konkret - Onlineshop","article_modified_time":"2026-04-13T15:14:00+00:00","og_image":[{"width":950,"height":950,"url":"https:\/\/shop.natur-konkret.ch\/wp-content\/uploads\/6033_09.jpeg","type":"image\/jpeg"}],"twitter_card":"summary_large_image","schema":{"@context":"https:\/\/schema.org","@graph":[{"@type":"WebPage","@id":"https:\/\/shop.natur-konkret.ch\/it\/prodotti\/formaggio-dalpeggio-di-sfii\/","url":"https:\/\/shop.natur-konkret.ch\/it\/prodotti\/formaggio-dalpeggio-di-sfii\/","name":"Formaggio d\u2019alpeggio di Sfii - Natur Konkret - Onlineshop","isPartOf":{"@id":"https:\/\/shop.natur-konkret.ch\/it\/#website"},"primaryImageOfPage":{"@id":"https:\/\/shop.natur-konkret.ch\/it\/prodotti\/formaggio-dalpeggio-di-sfii\/#primaryimage"},"image":{"@id":"https:\/\/shop.natur-konkret.ch\/it\/prodotti\/formaggio-dalpeggio-di-sfii\/#primaryimage"},"thumbnailUrl":"https:\/\/shop.natur-konkret.ch\/wp-content\/uploads\/6033_09.jpeg","datePublished":"2025-11-28T17:15:47+00:00","dateModified":"2026-04-13T15:14:00+00:00","description":"Formaggio d\u2019alpeggio di Sfii - Con metodi di produzione naturali conciliamo la tutela dell'ambiente, il benessere degli animali e la produzione di alimenti sani e di alta qualit\u00e0.","breadcrumb":{"@id":"https:\/\/shop.natur-konkret.ch\/it\/prodotti\/formaggio-dalpeggio-di-sfii\/#breadcrumb"},"inLanguage":"it-IT","potentialAction":[{"@type":"ReadAction","target":["https:\/\/shop.natur-konkret.ch\/it\/prodotti\/formaggio-dalpeggio-di-sfii\/"]}]},{"@type":"ImageObject","inLanguage":"it-IT","@id":"https:\/\/shop.natur-konkret.ch\/it\/prodotti\/formaggio-dalpeggio-di-sfii\/#primaryimage","url":"https:\/\/shop.natur-konkret.ch\/wp-content\/uploads\/6033_09.jpeg","contentUrl":"https:\/\/shop.natur-konkret.ch\/wp-content\/uploads\/6033_09.jpeg","width":950,"height":950},{"@type":"BreadcrumbList","@id":"https:\/\/shop.natur-konkret.ch\/it\/prodotti\/formaggio-dalpeggio-di-sfii\/#breadcrumb","itemListElement":[{"@type":"ListItem","position":1,"name":"Home","item":"https:\/\/shop.natur-konkret.ch\/it\/"},{"@type":"ListItem","position":2,"name":"Prodotti","item":"https:\/\/shop.natur-konkret.ch\/it\/prodotti\/"},{"@type":"ListItem","position":3,"name":"Formaggio d\u2019alpeggio di Sfii"}]},{"@type":"WebSite","@id":"https:\/\/shop.natur-konkret.ch\/it\/#website","url":"https:\/\/shop.natur-konkret.ch\/it\/","name":"Natur Konkret","description":"Wenn nur das Beste auf den Tisch soll","publisher":{"@id":"https:\/\/shop.natur-konkret.ch\/it\/#organization"},"potentialAction":[{"@type":"SearchAction","target":{"@type":"EntryPoint","urlTemplate":"https:\/\/shop.natur-konkret.ch\/it\/?s={search_term_string}"},"query-input":{"@type":"PropertyValueSpecification","valueRequired":true,"valueName":"search_term_string"}}],"inLanguage":"it-IT"},{"@type":"Organization","@id":"https:\/\/shop.natur-konkret.ch\/it\/#organization","name":"Natur Konkret","url":"https:\/\/shop.natur-konkret.ch\/it\/","logo":{"@type":"ImageObject","inLanguage":"it-IT","@id":"https:\/\/shop.natur-konkret.ch\/it\/#\/schema\/logo\/image\/","url":"","contentUrl":"","caption":"Natur Konkret"},"image":{"@id":"https:\/\/shop.natur-konkret.ch\/it\/#\/schema\/logo\/image\/"}}]}},"_links":{"self":[{"href":"https:\/\/shop.natur-konkret.ch\/it\/wp-json\/wp\/v2\/product\/257891","targetHints":{"allow":["GET"]}}],"collection":[{"href":"https:\/\/shop.natur-konkret.ch\/it\/wp-json\/wp\/v2\/product"}],"about":[{"href":"https:\/\/shop.natur-konkret.ch\/it\/wp-json\/wp\/v2\/types\/product"}],"wp:featuredmedia":[{"embeddable":true,"href":"https:\/\/shop.natur-konkret.ch\/it\/wp-json\/wp\/v2\/media\/286724"}],"wp:attachment":[{"href":"https:\/\/shop.natur-konkret.ch\/it\/wp-json\/wp\/v2\/media?parent=257891"}],"wp:term":[{"taxonomy":"product_brand","embeddable":true,"href":"https:\/\/shop.natur-konkret.ch\/it\/wp-json\/wp\/v2\/product_brand?post=257891"},{"taxonomy":"product_cat","embeddable":true,"href":"https:\/\/shop.natur-konkret.ch\/it\/wp-json\/wp\/v2\/product_cat?post=257891"},{"taxonomy":"product_tag","embeddable":true,"href":"https:\/\/shop.natur-konkret.ch\/it\/wp-json\/wp\/v2\/product_tag?post=257891"}],"curies":[{"name":"wp","href":"https:\/\/api.w.org\/{rel}","templated":true}]}}