{"id":284777,"date":"2025-12-15T17:05:58","date_gmt":"2025-12-15T16:05:58","guid":{"rendered":"https:\/\/shop.natur-konkret.ch\/produkt\/arrosto-2\/"},"modified":"2026-04-13T17:10:24","modified_gmt":"2026-04-13T15:10:24","slug":"arrosto-2","status":"publish","type":"product","link":"https:\/\/shop.natur-konkret.ch\/it\/prodotti\/arrosto-2\/","title":{"rendered":"Arrosto"},"content":{"rendered":"<p>\n      <b>Halsbraten Sattelschwein<\/b><br \/>Kr\u00e4ftiger Geschmack und dennoch<br \/>\n      zartes Fleisch erf\u00fcllen alle Anspr\u00fcche an einen Braten. Die Verwendung<br \/>\n      von Sattelschweinefleisch sorgt zudem f\u00fcr aussergew\u00f6hnliche Qualit\u00e4t.\n    <\/p>\n<p>\n      <b>Rezeptinspiration<\/b><br \/>Den Ofen auf etwa 180 bis 200 Grad<br \/>\n      vorheizen. Zwei Liter Wasser mit den Bouillonw\u00fcrfeln und dem<br \/>\n      Bratensaucen-Konzentrat zum Kochen bringen. Etwas k\u00f6cheln lassen, bis es<br \/>\n      gebraucht wird. Den Braten mit Salz, Pfeffer und Paprikapulver gut<br \/>\n      einreiben und anschliessend mit etwas Senf einstreichen. Eine Bratpfanne<br \/>\n      mit dem <b><a href=\"https:\/\/shop.natur-konkret.ch\/de\/A~5797\/Schmalz-zum-Anbraten-%28in-Dose%29-300g-Schmalz-zum-Anbraten-%28in-Dose%29\" rel=\"nofollow\">Schmalz<\/a><\/b><br \/>\n      erhitzen, den Braten darin rundherum gut anbraten. Herausnehmen und in<br \/>\n      ein hohes, f\u00fcr den Ofen geeignetes, Geschirr geben. Geschnittenes <b><a href=\"https:\/\/shop.natur-konkret.ch\/de\/1~177\/Gem%C3%BCse-Salate-Fr%C3%BCchte\" rel=\"nofollow\">Gem\u00fcse<\/a><\/b><br \/>\n      darum verteilen und alles f\u00fcr 15 bis 20 Minuten in den Ofen geben, bis<br \/>\n      das Gem\u00fcse etwas anger\u00f6stet ist. Dann die Sauce beigeben und den Braten<br \/>\n      f\u00fcr eine Stunde schmoren lassen (bei 180- 200 Grad). Von Zeit zu Zeit<br \/>\n      den Braten wenden. Den Braten aus der Sauce nehmen, in d\u00fcnne Tranchen<br \/>\n      schneiden. Die Sauce absieben, mit Salz, Pfeffer, Worcestershiresauce<br \/>\n      und etwas Sahne abschmecken. Das Fleisch wieder in die Sauce geben und<br \/>\n      bis zum Anrichten warm halten. Tipp: Auf vorgew\u00e4rmten Tellern servieren,<br \/>\n      damit das Gericht warm bleibt.\n    <\/p>\n<p>\n      <b>Zutaten<br \/><\/b>Fleisch vom Schwein\n    <\/p>\n<p>\n      <b>Allergene<br \/><\/b>Keine\n    <\/p>\n<p>\n      <b>Herkunft<\/b><br \/>Das Schwein stammt von unseren eigenen Betrieben in<br \/>\n      Brandenburg (DE).\n    <\/p>\n","protected":false},"excerpt":{"rendered":"<p>Halsbraten SattelschweinKr\u00e4ftiger Geschmack und dennoch zartes Fleisch erf\u00fcllen alle Anspr\u00fcche an einen Braten. Die Verwendung von Sattelschweinefleisch sorgt zudem f\u00fcr aussergew\u00f6hnliche Qualit\u00e4t. RezeptinspirationDen Ofen auf etwa 180 bis 200 Grad vorheizen. Zwei Liter Wasser mit den Bouillonw\u00fcrfeln und dem Bratensaucen-Konzentrat zum Kochen bringen. Etwas k\u00f6cheln lassen, bis es gebraucht wird. Den Braten mit Salz, Pfeffer [&hellip;]<\/p>\n","protected":false},"featured_media":286625,"template":"","meta":{"_acf_changed":false},"product_brand":[],"product_cat":[158,647],"product_tag":[],"class_list":{"0":"post-284777","1":"product","2":"type-product","3":"status-publish","4":"has-post-thumbnail","6":"product_cat-prodotti","7":"product_cat-maiale-lanuto-it","9":"first","10":"instock","11":"taxable","12":"shipping-taxable","13":"purchasable","14":"product-type-simple"},"acf":[],"yoast_head":"<!-- This site is optimized with the Yoast SEO plugin v27.4 - https:\/\/yoast.com\/product\/yoast-seo-wordpress\/ -->\n<title>Arrosto - Natur Konkret - Onlineshop<\/title>\n<meta name=\"description\" content=\"Arrosto - Con metodi di produzione naturali conciliamo la tutela dell&#039;ambiente, il benessere degli animali e la produzione di alimenti sani e di alta qualit\u00e0.\" \/>\n<meta name=\"robots\" content=\"index, follow, max-snippet:-1, max-image-preview:large, max-video-preview:-1\" \/>\n<link rel=\"canonical\" href=\"https:\/\/shop.natur-konkret.ch\/it\/prodotti\/arrosto-2\/\" \/>\n<meta property=\"og:locale\" content=\"it_IT\" \/>\n<meta property=\"og:type\" content=\"article\" \/>\n<meta property=\"og:title\" content=\"Arrosto - Natur Konkret - Onlineshop\" \/>\n<meta property=\"og:description\" content=\"Arrosto - Con metodi di produzione naturali conciliamo la tutela dell&#039;ambiente, il benessere degli animali e la produzione di alimenti sani e di alta qualit\u00e0.\" \/>\n<meta property=\"og:url\" content=\"https:\/\/shop.natur-konkret.ch\/it\/prodotti\/arrosto-2\/\" \/>\n<meta property=\"og:site_name\" content=\"Natur Konkret - Onlineshop\" \/>\n<meta property=\"article:modified_time\" content=\"2026-04-13T15:10:24+00:00\" \/>\n<meta property=\"og:image\" content=\"https:\/\/shop.natur-konkret.ch\/wp-content\/uploads\/1587_02.jpeg\" \/>\n\t<meta property=\"og:image:width\" content=\"950\" \/>\n\t<meta property=\"og:image:height\" content=\"950\" \/>\n\t<meta property=\"og:image:type\" content=\"image\/jpeg\" \/>\n<meta name=\"twitter:card\" content=\"summary_large_image\" \/>\n<meta name=\"twitter:label1\" content=\"Est. reading time\" \/>\n\t<meta name=\"twitter:data1\" content=\"1 minute\" \/>\n<script type=\"application\/ld+json\" class=\"yoast-schema-graph\">{\"@context\":\"https:\\\/\\\/schema.org\",\"@graph\":[{\"@type\":\"WebPage\",\"@id\":\"https:\\\/\\\/shop.natur-konkret.ch\\\/it\\\/prodotti\\\/arrosto-2\\\/\",\"url\":\"https:\\\/\\\/shop.natur-konkret.ch\\\/it\\\/prodotti\\\/arrosto-2\\\/\",\"name\":\"Arrosto - Natur Konkret - Onlineshop\",\"isPartOf\":{\"@id\":\"https:\\\/\\\/shop.natur-konkret.ch\\\/it\\\/#website\"},\"primaryImageOfPage\":{\"@id\":\"https:\\\/\\\/shop.natur-konkret.ch\\\/it\\\/prodotti\\\/arrosto-2\\\/#primaryimage\"},\"image\":{\"@id\":\"https:\\\/\\\/shop.natur-konkret.ch\\\/it\\\/prodotti\\\/arrosto-2\\\/#primaryimage\"},\"thumbnailUrl\":\"https:\\\/\\\/shop.natur-konkret.ch\\\/wp-content\\\/uploads\\\/1587_02.jpeg\",\"datePublished\":\"2025-12-15T16:05:58+00:00\",\"dateModified\":\"2026-04-13T15:10:24+00:00\",\"description\":\"Arrosto - Con metodi di produzione naturali conciliamo la tutela dell'ambiente, il benessere degli animali e la produzione di alimenti sani e di alta qualit\u00e0.\",\"breadcrumb\":{\"@id\":\"https:\\\/\\\/shop.natur-konkret.ch\\\/it\\\/prodotti\\\/arrosto-2\\\/#breadcrumb\"},\"inLanguage\":\"it-IT\",\"potentialAction\":[{\"@type\":\"ReadAction\",\"target\":[\"https:\\\/\\\/shop.natur-konkret.ch\\\/it\\\/prodotti\\\/arrosto-2\\\/\"]}]},{\"@type\":\"ImageObject\",\"inLanguage\":\"it-IT\",\"@id\":\"https:\\\/\\\/shop.natur-konkret.ch\\\/it\\\/prodotti\\\/arrosto-2\\\/#primaryimage\",\"url\":\"https:\\\/\\\/shop.natur-konkret.ch\\\/wp-content\\\/uploads\\\/1587_02.jpeg\",\"contentUrl\":\"https:\\\/\\\/shop.natur-konkret.ch\\\/wp-content\\\/uploads\\\/1587_02.jpeg\",\"width\":950,\"height\":950},{\"@type\":\"BreadcrumbList\",\"@id\":\"https:\\\/\\\/shop.natur-konkret.ch\\\/it\\\/prodotti\\\/arrosto-2\\\/#breadcrumb\",\"itemListElement\":[{\"@type\":\"ListItem\",\"position\":1,\"name\":\"Home\",\"item\":\"https:\\\/\\\/shop.natur-konkret.ch\\\/it\\\/\"},{\"@type\":\"ListItem\",\"position\":2,\"name\":\"Prodotti\",\"item\":\"https:\\\/\\\/shop.natur-konkret.ch\\\/it\\\/prodotti\\\/\"},{\"@type\":\"ListItem\",\"position\":3,\"name\":\"Arrosto\"}]},{\"@type\":\"WebSite\",\"@id\":\"https:\\\/\\\/shop.natur-konkret.ch\\\/it\\\/#website\",\"url\":\"https:\\\/\\\/shop.natur-konkret.ch\\\/it\\\/\",\"name\":\"Natur Konkret\",\"description\":\"Wenn nur das Beste auf den Tisch soll\",\"publisher\":{\"@id\":\"https:\\\/\\\/shop.natur-konkret.ch\\\/it\\\/#organization\"},\"potentialAction\":[{\"@type\":\"SearchAction\",\"target\":{\"@type\":\"EntryPoint\",\"urlTemplate\":\"https:\\\/\\\/shop.natur-konkret.ch\\\/it\\\/?s={search_term_string}\"},\"query-input\":{\"@type\":\"PropertyValueSpecification\",\"valueRequired\":true,\"valueName\":\"search_term_string\"}}],\"inLanguage\":\"it-IT\"},{\"@type\":\"Organization\",\"@id\":\"https:\\\/\\\/shop.natur-konkret.ch\\\/it\\\/#organization\",\"name\":\"Natur Konkret\",\"url\":\"https:\\\/\\\/shop.natur-konkret.ch\\\/it\\\/\",\"logo\":{\"@type\":\"ImageObject\",\"inLanguage\":\"it-IT\",\"@id\":\"https:\\\/\\\/shop.natur-konkret.ch\\\/it\\\/#\\\/schema\\\/logo\\\/image\\\/\",\"url\":\"\",\"contentUrl\":\"\",\"caption\":\"Natur Konkret\"},\"image\":{\"@id\":\"https:\\\/\\\/shop.natur-konkret.ch\\\/it\\\/#\\\/schema\\\/logo\\\/image\\\/\"}}]}<\/script>\n<!-- \/ Yoast SEO plugin. -->","yoast_head_json":{"title":"Arrosto - Natur Konkret - Onlineshop","description":"Arrosto - Con metodi di produzione naturali conciliamo la tutela dell'ambiente, il benessere degli animali e la produzione di alimenti sani e di alta qualit\u00e0.","robots":{"index":"index","follow":"follow","max-snippet":"max-snippet:-1","max-image-preview":"max-image-preview:large","max-video-preview":"max-video-preview:-1"},"canonical":"https:\/\/shop.natur-konkret.ch\/it\/prodotti\/arrosto-2\/","og_locale":"it_IT","og_type":"article","og_title":"Arrosto - Natur Konkret - Onlineshop","og_description":"Arrosto - Con metodi di produzione naturali conciliamo la tutela dell'ambiente, il benessere degli animali e la produzione di alimenti sani e di alta qualit\u00e0.","og_url":"https:\/\/shop.natur-konkret.ch\/it\/prodotti\/arrosto-2\/","og_site_name":"Natur Konkret - Onlineshop","article_modified_time":"2026-04-13T15:10:24+00:00","og_image":[{"width":950,"height":950,"url":"https:\/\/shop.natur-konkret.ch\/wp-content\/uploads\/1587_02.jpeg","type":"image\/jpeg"}],"twitter_card":"summary_large_image","twitter_misc":{"Est. reading time":"1 minute"},"schema":{"@context":"https:\/\/schema.org","@graph":[{"@type":"WebPage","@id":"https:\/\/shop.natur-konkret.ch\/it\/prodotti\/arrosto-2\/","url":"https:\/\/shop.natur-konkret.ch\/it\/prodotti\/arrosto-2\/","name":"Arrosto - Natur Konkret - Onlineshop","isPartOf":{"@id":"https:\/\/shop.natur-konkret.ch\/it\/#website"},"primaryImageOfPage":{"@id":"https:\/\/shop.natur-konkret.ch\/it\/prodotti\/arrosto-2\/#primaryimage"},"image":{"@id":"https:\/\/shop.natur-konkret.ch\/it\/prodotti\/arrosto-2\/#primaryimage"},"thumbnailUrl":"https:\/\/shop.natur-konkret.ch\/wp-content\/uploads\/1587_02.jpeg","datePublished":"2025-12-15T16:05:58+00:00","dateModified":"2026-04-13T15:10:24+00:00","description":"Arrosto - Con metodi di produzione naturali conciliamo la tutela dell'ambiente, il benessere degli animali e la produzione di alimenti sani e di alta qualit\u00e0.","breadcrumb":{"@id":"https:\/\/shop.natur-konkret.ch\/it\/prodotti\/arrosto-2\/#breadcrumb"},"inLanguage":"it-IT","potentialAction":[{"@type":"ReadAction","target":["https:\/\/shop.natur-konkret.ch\/it\/prodotti\/arrosto-2\/"]}]},{"@type":"ImageObject","inLanguage":"it-IT","@id":"https:\/\/shop.natur-konkret.ch\/it\/prodotti\/arrosto-2\/#primaryimage","url":"https:\/\/shop.natur-konkret.ch\/wp-content\/uploads\/1587_02.jpeg","contentUrl":"https:\/\/shop.natur-konkret.ch\/wp-content\/uploads\/1587_02.jpeg","width":950,"height":950},{"@type":"BreadcrumbList","@id":"https:\/\/shop.natur-konkret.ch\/it\/prodotti\/arrosto-2\/#breadcrumb","itemListElement":[{"@type":"ListItem","position":1,"name":"Home","item":"https:\/\/shop.natur-konkret.ch\/it\/"},{"@type":"ListItem","position":2,"name":"Prodotti","item":"https:\/\/shop.natur-konkret.ch\/it\/prodotti\/"},{"@type":"ListItem","position":3,"name":"Arrosto"}]},{"@type":"WebSite","@id":"https:\/\/shop.natur-konkret.ch\/it\/#website","url":"https:\/\/shop.natur-konkret.ch\/it\/","name":"Natur Konkret","description":"Wenn nur das Beste auf den Tisch soll","publisher":{"@id":"https:\/\/shop.natur-konkret.ch\/it\/#organization"},"potentialAction":[{"@type":"SearchAction","target":{"@type":"EntryPoint","urlTemplate":"https:\/\/shop.natur-konkret.ch\/it\/?s={search_term_string}"},"query-input":{"@type":"PropertyValueSpecification","valueRequired":true,"valueName":"search_term_string"}}],"inLanguage":"it-IT"},{"@type":"Organization","@id":"https:\/\/shop.natur-konkret.ch\/it\/#organization","name":"Natur Konkret","url":"https:\/\/shop.natur-konkret.ch\/it\/","logo":{"@type":"ImageObject","inLanguage":"it-IT","@id":"https:\/\/shop.natur-konkret.ch\/it\/#\/schema\/logo\/image\/","url":"","contentUrl":"","caption":"Natur Konkret"},"image":{"@id":"https:\/\/shop.natur-konkret.ch\/it\/#\/schema\/logo\/image\/"}}]}},"_links":{"self":[{"href":"https:\/\/shop.natur-konkret.ch\/it\/wp-json\/wp\/v2\/product\/284777","targetHints":{"allow":["GET"]}}],"collection":[{"href":"https:\/\/shop.natur-konkret.ch\/it\/wp-json\/wp\/v2\/product"}],"about":[{"href":"https:\/\/shop.natur-konkret.ch\/it\/wp-json\/wp\/v2\/types\/product"}],"wp:featuredmedia":[{"embeddable":true,"href":"https:\/\/shop.natur-konkret.ch\/it\/wp-json\/wp\/v2\/media\/286625"}],"wp:attachment":[{"href":"https:\/\/shop.natur-konkret.ch\/it\/wp-json\/wp\/v2\/media?parent=284777"}],"wp:term":[{"taxonomy":"product_brand","embeddable":true,"href":"https:\/\/shop.natur-konkret.ch\/it\/wp-json\/wp\/v2\/product_brand?post=284777"},{"taxonomy":"product_cat","embeddable":true,"href":"https:\/\/shop.natur-konkret.ch\/it\/wp-json\/wp\/v2\/product_cat?post=284777"},{"taxonomy":"product_tag","embeddable":true,"href":"https:\/\/shop.natur-konkret.ch\/it\/wp-json\/wp\/v2\/product_tag?post=284777"}],"curies":[{"name":"wp","href":"https:\/\/api.w.org\/{rel}","templated":true}]}}