{"id":284818,"date":"2025-12-15T17:09:39","date_gmt":"2025-12-15T16:09:39","guid":{"rendered":"https:\/\/shop.natur-konkret.ch\/produkt\/scaloppine-300-g\/"},"modified":"2026-04-13T17:22:15","modified_gmt":"2026-04-13T15:22:15","slug":"scaloppine-300-g","status":"publish","type":"product","link":"https:\/\/shop.natur-konkret.ch\/it\/prodotti\/scaloppine-300-g\/","title":{"rendered":"Scaloppine 300 g"},"content":{"rendered":"<p>    <b>Sattelschwein Pl\u00e4tzli<br \/><\/b>Unsere Haltungsform unterscheidet<br \/>\n    sich deutlich von der industriellen Massentierhaltung. Ganzj\u00e4hrig im<br \/>\n    Freien, eine H\u00fctte mit ausreichend Stroh, Suhlm\u00f6glichkeiten und eine<br \/>\n    Haltung in kleinen Gruppen kommt den \u00abSchweinebed\u00fcrfnissen\u00bb entgegen.<br \/>\n    Gef\u00fcttert werden die Schweine mit Biofutter, Bioschotte von einem<br \/>\n    Ziegenk\u00e4seproduzenten, Kastanien und Eicheln.<\/p>\n<p>\n      <b>Rezeptinspiration<br \/><\/b>In Minuten zaubern Sie zarte Pl\u00e4tzli mit<br \/>\n      einzigartigem Geschmack: Anbraten, w\u00fcrzen, geniessen. Schweinspl\u00e4tzli 30<br \/>\n      Minuten vorher aus dem K\u00fchlschrank nehmen. Pl\u00e4tzli beidseitig mit <b><a href=\"https:\/\/shop.natur-konkret.ch\/de\/1~120\/Wollschwein\" rel=\"nofollow\">Schmalz<\/a><\/b><br \/>\n      bestreichen. Grillpfanne bei voller Stufe auf den Herd legen und 2\u20133<br \/>\n      Minuten leer aufheizen. Wenn die Pfanne richtig heiss ist, Pl\u00e4tzli<br \/>\n      hineingeben. Pl\u00e4tzli nach rund 2 Minuten wenden und weitere 2 Minuten<br \/>\n      braten. Fleisch aus der Pfanne nehmen, mit Salz und Pfeffer w\u00fcrzen und<br \/>\n      sofort servieren. Dazu passt <b><a href=\"https:\/\/shop.natur-konkret.ch\/de\/1~177\/Gem%C3%BCse-Salate-Fr%C3%BCchte\" rel=\"nofollow\">Ofengem\u00fcse<\/a><\/b><br \/>\n      wie Randen und K\u00fcrbis auf dem Blech die leicht s\u00fcsslich schmecken<br \/>\n      hervorragend mit einem feinen Meerrettichdipp&#8230;ab in die K\u00fcche und in<br \/>\n      K\u00fcrze zaubern sie eine K\u00f6stlichkeit\u2026\n    <\/p>\n<p>\n      <b>Zutaten<br \/><\/b>Fleisch vom Schwein\n    <\/p>\n<p>\n      <b>Allergene<br \/><\/b>Keine\n    <\/p>\n<p>\n      <b>Herkunft<\/b><br \/>Das Schwein stammt von unseren eigenen Betrieben in<br \/>\n      Brandenburg (DE).\n    <\/p>\n","protected":false},"excerpt":{"rendered":"<p>Sattelschwein Pl\u00e4tzliUnsere Haltungsform unterscheidet sich deutlich von der industriellen Massentierhaltung. Ganzj\u00e4hrig im Freien, eine H\u00fctte mit ausreichend Stroh, Suhlm\u00f6glichkeiten und eine Haltung in kleinen Gruppen kommt den \u00abSchweinebed\u00fcrfnissen\u00bb entgegen. Gef\u00fcttert werden die Schweine mit Biofutter, Bioschotte von einem Ziegenk\u00e4seproduzenten, Kastanien und Eicheln. RezeptinspirationIn Minuten zaubern Sie zarte Pl\u00e4tzli mit einzigartigem Geschmack: Anbraten, w\u00fcrzen, geniessen. Schweinspl\u00e4tzli [&hellip;]<\/p>\n","protected":false},"featured_media":287139,"template":"","meta":{"_acf_changed":false},"product_brand":[],"product_cat":[158,647],"product_tag":[],"class_list":{"0":"post-284818","1":"product","2":"type-product","3":"status-publish","4":"has-post-thumbnail","6":"product_cat-prodotti","7":"product_cat-maiale-lanuto-it","9":"first","10":"instock","11":"taxable","12":"shipping-taxable","13":"purchasable","14":"product-type-simple"},"acf":[],"yoast_head":"<!-- This site is optimized with the Yoast SEO plugin v27.4 - https:\/\/yoast.com\/product\/yoast-seo-wordpress\/ -->\n<title>Scaloppine 300 g - Natur Konkret - Onlineshop<\/title>\n<meta name=\"description\" content=\"Scaloppine 300 g - Con metodi di produzione naturali conciliamo la tutela dell&#039;ambiente, il benessere degli animali e la produzione di alimenti sani e di alta qualit\u00e0.\" \/>\n<meta name=\"robots\" content=\"index, follow, max-snippet:-1, max-image-preview:large, max-video-preview:-1\" \/>\n<link rel=\"canonical\" href=\"https:\/\/shop.natur-konkret.ch\/it\/prodotti\/scaloppine-300-g\/\" \/>\n<meta property=\"og:locale\" content=\"it_IT\" \/>\n<meta property=\"og:type\" content=\"article\" \/>\n<meta property=\"og:title\" content=\"Scaloppine 300 g - Natur Konkret - Onlineshop\" \/>\n<meta property=\"og:description\" content=\"Scaloppine 300 g - Con metodi di produzione naturali conciliamo la tutela dell&#039;ambiente, il benessere degli animali e la produzione di alimenti sani e di alta qualit\u00e0.\" \/>\n<meta property=\"og:url\" content=\"https:\/\/shop.natur-konkret.ch\/it\/prodotti\/scaloppine-300-g\/\" \/>\n<meta property=\"og:site_name\" content=\"Natur Konkret - Onlineshop\" \/>\n<meta property=\"article:modified_time\" content=\"2026-04-13T15:22:15+00:00\" \/>\n<meta property=\"og:image\" content=\"https:\/\/shop.natur-konkret.ch\/wp-content\/uploads\/4791_02.jpeg\" \/>\n\t<meta property=\"og:image:width\" content=\"950\" \/>\n\t<meta property=\"og:image:height\" content=\"950\" \/>\n\t<meta property=\"og:image:type\" content=\"image\/jpeg\" \/>\n<meta name=\"twitter:card\" content=\"summary_large_image\" \/>\n<meta name=\"twitter:label1\" content=\"Est. reading time\" \/>\n\t<meta name=\"twitter:data1\" content=\"1 minute\" \/>\n<script type=\"application\/ld+json\" class=\"yoast-schema-graph\">{\"@context\":\"https:\\\/\\\/schema.org\",\"@graph\":[{\"@type\":\"WebPage\",\"@id\":\"https:\\\/\\\/shop.natur-konkret.ch\\\/it\\\/prodotti\\\/scaloppine-300-g\\\/\",\"url\":\"https:\\\/\\\/shop.natur-konkret.ch\\\/it\\\/prodotti\\\/scaloppine-300-g\\\/\",\"name\":\"Scaloppine 300 g - Natur Konkret - Onlineshop\",\"isPartOf\":{\"@id\":\"https:\\\/\\\/shop.natur-konkret.ch\\\/it\\\/#website\"},\"primaryImageOfPage\":{\"@id\":\"https:\\\/\\\/shop.natur-konkret.ch\\\/it\\\/prodotti\\\/scaloppine-300-g\\\/#primaryimage\"},\"image\":{\"@id\":\"https:\\\/\\\/shop.natur-konkret.ch\\\/it\\\/prodotti\\\/scaloppine-300-g\\\/#primaryimage\"},\"thumbnailUrl\":\"https:\\\/\\\/shop.natur-konkret.ch\\\/wp-content\\\/uploads\\\/4791_02.jpeg\",\"datePublished\":\"2025-12-15T16:09:39+00:00\",\"dateModified\":\"2026-04-13T15:22:15+00:00\",\"description\":\"Scaloppine 300 g - Con metodi di produzione naturali conciliamo la tutela dell'ambiente, il benessere degli animali e la produzione di alimenti sani e di alta qualit\u00e0.\",\"breadcrumb\":{\"@id\":\"https:\\\/\\\/shop.natur-konkret.ch\\\/it\\\/prodotti\\\/scaloppine-300-g\\\/#breadcrumb\"},\"inLanguage\":\"it-IT\",\"potentialAction\":[{\"@type\":\"ReadAction\",\"target\":[\"https:\\\/\\\/shop.natur-konkret.ch\\\/it\\\/prodotti\\\/scaloppine-300-g\\\/\"]}]},{\"@type\":\"ImageObject\",\"inLanguage\":\"it-IT\",\"@id\":\"https:\\\/\\\/shop.natur-konkret.ch\\\/it\\\/prodotti\\\/scaloppine-300-g\\\/#primaryimage\",\"url\":\"https:\\\/\\\/shop.natur-konkret.ch\\\/wp-content\\\/uploads\\\/4791_02.jpeg\",\"contentUrl\":\"https:\\\/\\\/shop.natur-konkret.ch\\\/wp-content\\\/uploads\\\/4791_02.jpeg\",\"width\":950,\"height\":950},{\"@type\":\"BreadcrumbList\",\"@id\":\"https:\\\/\\\/shop.natur-konkret.ch\\\/it\\\/prodotti\\\/scaloppine-300-g\\\/#breadcrumb\",\"itemListElement\":[{\"@type\":\"ListItem\",\"position\":1,\"name\":\"Home\",\"item\":\"https:\\\/\\\/shop.natur-konkret.ch\\\/it\\\/\"},{\"@type\":\"ListItem\",\"position\":2,\"name\":\"Prodotti\",\"item\":\"https:\\\/\\\/shop.natur-konkret.ch\\\/it\\\/prodotti\\\/\"},{\"@type\":\"ListItem\",\"position\":3,\"name\":\"Scaloppine 300 g\"}]},{\"@type\":\"WebSite\",\"@id\":\"https:\\\/\\\/shop.natur-konkret.ch\\\/it\\\/#website\",\"url\":\"https:\\\/\\\/shop.natur-konkret.ch\\\/it\\\/\",\"name\":\"Natur Konkret\",\"description\":\"Wenn nur das Beste auf den Tisch soll\",\"publisher\":{\"@id\":\"https:\\\/\\\/shop.natur-konkret.ch\\\/it\\\/#organization\"},\"potentialAction\":[{\"@type\":\"SearchAction\",\"target\":{\"@type\":\"EntryPoint\",\"urlTemplate\":\"https:\\\/\\\/shop.natur-konkret.ch\\\/it\\\/?s={search_term_string}\"},\"query-input\":{\"@type\":\"PropertyValueSpecification\",\"valueRequired\":true,\"valueName\":\"search_term_string\"}}],\"inLanguage\":\"it-IT\"},{\"@type\":\"Organization\",\"@id\":\"https:\\\/\\\/shop.natur-konkret.ch\\\/it\\\/#organization\",\"name\":\"Natur Konkret\",\"url\":\"https:\\\/\\\/shop.natur-konkret.ch\\\/it\\\/\",\"logo\":{\"@type\":\"ImageObject\",\"inLanguage\":\"it-IT\",\"@id\":\"https:\\\/\\\/shop.natur-konkret.ch\\\/it\\\/#\\\/schema\\\/logo\\\/image\\\/\",\"url\":\"\",\"contentUrl\":\"\",\"caption\":\"Natur Konkret\"},\"image\":{\"@id\":\"https:\\\/\\\/shop.natur-konkret.ch\\\/it\\\/#\\\/schema\\\/logo\\\/image\\\/\"}}]}<\/script>\n<!-- \/ Yoast SEO plugin. -->","yoast_head_json":{"title":"Scaloppine 300 g - Natur Konkret - Onlineshop","description":"Scaloppine 300 g - Con metodi di produzione naturali conciliamo la tutela dell'ambiente, il benessere degli animali e la produzione di alimenti sani e di alta qualit\u00e0.","robots":{"index":"index","follow":"follow","max-snippet":"max-snippet:-1","max-image-preview":"max-image-preview:large","max-video-preview":"max-video-preview:-1"},"canonical":"https:\/\/shop.natur-konkret.ch\/it\/prodotti\/scaloppine-300-g\/","og_locale":"it_IT","og_type":"article","og_title":"Scaloppine 300 g - Natur Konkret - Onlineshop","og_description":"Scaloppine 300 g - Con metodi di produzione naturali conciliamo la tutela dell'ambiente, il benessere degli animali e la produzione di alimenti sani e di alta qualit\u00e0.","og_url":"https:\/\/shop.natur-konkret.ch\/it\/prodotti\/scaloppine-300-g\/","og_site_name":"Natur Konkret - Onlineshop","article_modified_time":"2026-04-13T15:22:15+00:00","og_image":[{"width":950,"height":950,"url":"https:\/\/shop.natur-konkret.ch\/wp-content\/uploads\/4791_02.jpeg","type":"image\/jpeg"}],"twitter_card":"summary_large_image","twitter_misc":{"Est. reading time":"1 minute"},"schema":{"@context":"https:\/\/schema.org","@graph":[{"@type":"WebPage","@id":"https:\/\/shop.natur-konkret.ch\/it\/prodotti\/scaloppine-300-g\/","url":"https:\/\/shop.natur-konkret.ch\/it\/prodotti\/scaloppine-300-g\/","name":"Scaloppine 300 g - Natur Konkret - Onlineshop","isPartOf":{"@id":"https:\/\/shop.natur-konkret.ch\/it\/#website"},"primaryImageOfPage":{"@id":"https:\/\/shop.natur-konkret.ch\/it\/prodotti\/scaloppine-300-g\/#primaryimage"},"image":{"@id":"https:\/\/shop.natur-konkret.ch\/it\/prodotti\/scaloppine-300-g\/#primaryimage"},"thumbnailUrl":"https:\/\/shop.natur-konkret.ch\/wp-content\/uploads\/4791_02.jpeg","datePublished":"2025-12-15T16:09:39+00:00","dateModified":"2026-04-13T15:22:15+00:00","description":"Scaloppine 300 g - Con metodi di produzione naturali conciliamo la tutela dell'ambiente, il benessere degli animali e la produzione di alimenti sani e di alta qualit\u00e0.","breadcrumb":{"@id":"https:\/\/shop.natur-konkret.ch\/it\/prodotti\/scaloppine-300-g\/#breadcrumb"},"inLanguage":"it-IT","potentialAction":[{"@type":"ReadAction","target":["https:\/\/shop.natur-konkret.ch\/it\/prodotti\/scaloppine-300-g\/"]}]},{"@type":"ImageObject","inLanguage":"it-IT","@id":"https:\/\/shop.natur-konkret.ch\/it\/prodotti\/scaloppine-300-g\/#primaryimage","url":"https:\/\/shop.natur-konkret.ch\/wp-content\/uploads\/4791_02.jpeg","contentUrl":"https:\/\/shop.natur-konkret.ch\/wp-content\/uploads\/4791_02.jpeg","width":950,"height":950},{"@type":"BreadcrumbList","@id":"https:\/\/shop.natur-konkret.ch\/it\/prodotti\/scaloppine-300-g\/#breadcrumb","itemListElement":[{"@type":"ListItem","position":1,"name":"Home","item":"https:\/\/shop.natur-konkret.ch\/it\/"},{"@type":"ListItem","position":2,"name":"Prodotti","item":"https:\/\/shop.natur-konkret.ch\/it\/prodotti\/"},{"@type":"ListItem","position":3,"name":"Scaloppine 300 g"}]},{"@type":"WebSite","@id":"https:\/\/shop.natur-konkret.ch\/it\/#website","url":"https:\/\/shop.natur-konkret.ch\/it\/","name":"Natur Konkret","description":"Wenn nur das Beste auf den Tisch soll","publisher":{"@id":"https:\/\/shop.natur-konkret.ch\/it\/#organization"},"potentialAction":[{"@type":"SearchAction","target":{"@type":"EntryPoint","urlTemplate":"https:\/\/shop.natur-konkret.ch\/it\/?s={search_term_string}"},"query-input":{"@type":"PropertyValueSpecification","valueRequired":true,"valueName":"search_term_string"}}],"inLanguage":"it-IT"},{"@type":"Organization","@id":"https:\/\/shop.natur-konkret.ch\/it\/#organization","name":"Natur Konkret","url":"https:\/\/shop.natur-konkret.ch\/it\/","logo":{"@type":"ImageObject","inLanguage":"it-IT","@id":"https:\/\/shop.natur-konkret.ch\/it\/#\/schema\/logo\/image\/","url":"","contentUrl":"","caption":"Natur Konkret"},"image":{"@id":"https:\/\/shop.natur-konkret.ch\/it\/#\/schema\/logo\/image\/"}}]}},"_links":{"self":[{"href":"https:\/\/shop.natur-konkret.ch\/it\/wp-json\/wp\/v2\/product\/284818","targetHints":{"allow":["GET"]}}],"collection":[{"href":"https:\/\/shop.natur-konkret.ch\/it\/wp-json\/wp\/v2\/product"}],"about":[{"href":"https:\/\/shop.natur-konkret.ch\/it\/wp-json\/wp\/v2\/types\/product"}],"wp:featuredmedia":[{"embeddable":true,"href":"https:\/\/shop.natur-konkret.ch\/it\/wp-json\/wp\/v2\/media\/287139"}],"wp:attachment":[{"href":"https:\/\/shop.natur-konkret.ch\/it\/wp-json\/wp\/v2\/media?parent=284818"}],"wp:term":[{"taxonomy":"product_brand","embeddable":true,"href":"https:\/\/shop.natur-konkret.ch\/it\/wp-json\/wp\/v2\/product_brand?post=284818"},{"taxonomy":"product_cat","embeddable":true,"href":"https:\/\/shop.natur-konkret.ch\/it\/wp-json\/wp\/v2\/product_cat?post=284818"},{"taxonomy":"product_tag","embeddable":true,"href":"https:\/\/shop.natur-konkret.ch\/it\/wp-json\/wp\/v2\/product_tag?post=284818"}],"curies":[{"name":"wp","href":"https:\/\/api.w.org\/{rel}","templated":true}]}}