{"id":284852,"date":"2025-12-15T17:10:05","date_gmt":"2025-12-15T16:10:05","guid":{"rendered":"https:\/\/shop.natur-konkret.ch\/produkt\/filetto-6\/"},"modified":"2026-04-13T17:22:23","modified_gmt":"2026-04-13T15:22:23","slug":"filetto-6","status":"publish","type":"product","link":"https:\/\/shop.natur-konkret.ch\/it\/prodotti\/filetto-6\/","title":{"rendered":"Filetto"},"content":{"rendered":"<p>\n      Verkaufseinheit: 1 St\u00fcck ca. 250g\n    <\/p>\n<p>\n      <b>Filet Sattelschwein<\/b><br \/>Ein unvergleichlicher Genuss ist das<br \/>\n      saftige und schmackhafte Filet von unseren Sattelschweinen. Das zarte<br \/>\n      und magere Fleisch z\u00e4hlt zu den wertvollsten des Schweins.\n    <\/p>\n<p>\n      <b>Rezeptinspiration<\/b><br \/>Peterli, Rosmarin und <b><a href=\"https:\/\/shop.natur-konkret.ch\/de\/1~177\/Gem%C3%BCse-Salate-Fr%C3%BCchte\" rel=\"nofollow\">Knoblauch<\/a><\/b><br \/>\n      fein hacken und mit <b><a href=\"https:\/\/shop.natur-konkret.ch\/de\/1~177\/Gem%C3%BCse-Salate-Fr%C3%BCchte\" rel=\"nofollow\">Oliven\u00f6l<\/a><\/b><br \/>\n      vermischen. Einen grossen Topf mit Wasser f\u00fcllen und auf ca. 60 bis 70<br \/>\n      Grad erhitzen und die Temperatur halten. Das Filet dick in eine<br \/>\n      Frischhaltefolie einrollen. Das Filet f\u00fcr 12 Minuten in der Folie ins<br \/>\n      Wasser geben und ziehen lassen. Inzwischen den Backofen auf 60 Grad<br \/>\n      vorheizen. Das Filet aus dem Wasser nehmen und in der Folie bei 60 Grad<br \/>\n      im Backofen eingepackt liegen lassen. Kurz vor dem Servieren das Filet<br \/>\n      auspacken und in einer heissen Pfanne scharf auf allen Seiten anbraten.<br \/>\n      Die Kr\u00e4uter-Gew\u00fcrzmischung beigeben und arrosieren. Das Fleischst\u00fcck<br \/>\n      kurz abtropfen lassen und aufschneiden. Zusammen mit <b><a href=\"https:\/\/shop.natur-konkret.ch\/de\/1~174\/Pasta-Reis-Polenta\" rel=\"nofollow\">Couscous<\/a><\/b><br \/>\n      und <b><a href=\"https:\/\/shop.natur-konkret.ch\/de\/1~177\/Gem%C3%BCse-Salate-Fr%C3%BCchte\" rel=\"nofollow\">Gem\u00fcse<\/a><\/b><br \/>\n      als Beilage servieren.\n    <\/p>\n<p>\n      <b>Zutaten<br \/><\/b>Fleisch vom Schwein\n    <\/p>\n<p>\n      <b>Allergene<br \/><\/b>Keine\n    <\/p>\n<p>\n      <b>Herkunft<\/b><br \/>Das Schwein stammt von unseren eigenen Betrieben in<br \/>\n      Brandenburg (DE).\n    <\/p>\n","protected":false},"excerpt":{"rendered":"<p>Verkaufseinheit: 1 St\u00fcck ca. 250g Filet SattelschweinEin unvergleichlicher Genuss ist das saftige und schmackhafte Filet von unseren Sattelschweinen. Das zarte und magere Fleisch z\u00e4hlt zu den wertvollsten des Schweins. RezeptinspirationPeterli, Rosmarin und Knoblauch fein hacken und mit Oliven\u00f6l vermischen. Einen grossen Topf mit Wasser f\u00fcllen und auf ca. 60 bis 70 Grad erhitzen und die [&hellip;]<\/p>\n","protected":false},"featured_media":287147,"template":"","meta":{"_acf_changed":false},"product_brand":[],"product_cat":[158,647],"product_tag":[],"class_list":{"0":"post-284852","1":"product","2":"type-product","3":"status-publish","4":"has-post-thumbnail","6":"product_cat-prodotti","7":"product_cat-maiale-lanuto-it","9":"first","10":"instock","11":"taxable","12":"shipping-taxable","13":"purchasable","14":"product-type-simple"},"acf":[],"yoast_head":"<!-- This site is optimized with the Yoast SEO plugin v27.4 - https:\/\/yoast.com\/product\/yoast-seo-wordpress\/ -->\n<title>Filetto - Natur Konkret - Onlineshop<\/title>\n<meta name=\"description\" content=\"Filetto - Con metodi di produzione naturali conciliamo la tutela dell&#039;ambiente, il benessere degli animali e la produzione di alimenti sani e di alta qualit\u00e0.\" \/>\n<meta name=\"robots\" content=\"index, follow, max-snippet:-1, max-image-preview:large, max-video-preview:-1\" \/>\n<link rel=\"canonical\" href=\"https:\/\/shop.natur-konkret.ch\/it\/prodotti\/filetto-6\/\" \/>\n<meta property=\"og:locale\" content=\"it_IT\" \/>\n<meta property=\"og:type\" content=\"article\" \/>\n<meta property=\"og:title\" content=\"Filetto - Natur Konkret - Onlineshop\" \/>\n<meta property=\"og:description\" content=\"Filetto - Con metodi di produzione naturali conciliamo la tutela dell&#039;ambiente, il benessere degli animali e la produzione di alimenti sani e di alta qualit\u00e0.\" \/>\n<meta property=\"og:url\" content=\"https:\/\/shop.natur-konkret.ch\/it\/prodotti\/filetto-6\/\" \/>\n<meta property=\"og:site_name\" content=\"Natur Konkret - Onlineshop\" \/>\n<meta property=\"article:modified_time\" content=\"2026-04-13T15:22:23+00:00\" \/>\n<meta property=\"og:image\" content=\"https:\/\/shop.natur-konkret.ch\/wp-content\/uploads\/4781_01.jpeg\" \/>\n\t<meta property=\"og:image:width\" content=\"950\" \/>\n\t<meta property=\"og:image:height\" content=\"950\" \/>\n\t<meta property=\"og:image:type\" content=\"image\/jpeg\" \/>\n<meta name=\"twitter:card\" content=\"summary_large_image\" \/>\n<meta name=\"twitter:label1\" content=\"Est. reading time\" \/>\n\t<meta name=\"twitter:data1\" content=\"1 minute\" \/>\n<script type=\"application\/ld+json\" class=\"yoast-schema-graph\">{\"@context\":\"https:\\\/\\\/schema.org\",\"@graph\":[{\"@type\":\"WebPage\",\"@id\":\"https:\\\/\\\/shop.natur-konkret.ch\\\/it\\\/prodotti\\\/filetto-6\\\/\",\"url\":\"https:\\\/\\\/shop.natur-konkret.ch\\\/it\\\/prodotti\\\/filetto-6\\\/\",\"name\":\"Filetto - Natur Konkret - Onlineshop\",\"isPartOf\":{\"@id\":\"https:\\\/\\\/shop.natur-konkret.ch\\\/it\\\/#website\"},\"primaryImageOfPage\":{\"@id\":\"https:\\\/\\\/shop.natur-konkret.ch\\\/it\\\/prodotti\\\/filetto-6\\\/#primaryimage\"},\"image\":{\"@id\":\"https:\\\/\\\/shop.natur-konkret.ch\\\/it\\\/prodotti\\\/filetto-6\\\/#primaryimage\"},\"thumbnailUrl\":\"https:\\\/\\\/shop.natur-konkret.ch\\\/wp-content\\\/uploads\\\/4781_01.jpeg\",\"datePublished\":\"2025-12-15T16:10:05+00:00\",\"dateModified\":\"2026-04-13T15:22:23+00:00\",\"description\":\"Filetto - Con metodi di produzione naturali conciliamo la tutela dell'ambiente, il benessere degli animali e la produzione di alimenti sani e di alta qualit\u00e0.\",\"breadcrumb\":{\"@id\":\"https:\\\/\\\/shop.natur-konkret.ch\\\/it\\\/prodotti\\\/filetto-6\\\/#breadcrumb\"},\"inLanguage\":\"it-IT\",\"potentialAction\":[{\"@type\":\"ReadAction\",\"target\":[\"https:\\\/\\\/shop.natur-konkret.ch\\\/it\\\/prodotti\\\/filetto-6\\\/\"]}]},{\"@type\":\"ImageObject\",\"inLanguage\":\"it-IT\",\"@id\":\"https:\\\/\\\/shop.natur-konkret.ch\\\/it\\\/prodotti\\\/filetto-6\\\/#primaryimage\",\"url\":\"https:\\\/\\\/shop.natur-konkret.ch\\\/wp-content\\\/uploads\\\/4781_01.jpeg\",\"contentUrl\":\"https:\\\/\\\/shop.natur-konkret.ch\\\/wp-content\\\/uploads\\\/4781_01.jpeg\",\"width\":950,\"height\":950},{\"@type\":\"BreadcrumbList\",\"@id\":\"https:\\\/\\\/shop.natur-konkret.ch\\\/it\\\/prodotti\\\/filetto-6\\\/#breadcrumb\",\"itemListElement\":[{\"@type\":\"ListItem\",\"position\":1,\"name\":\"Home\",\"item\":\"https:\\\/\\\/shop.natur-konkret.ch\\\/it\\\/\"},{\"@type\":\"ListItem\",\"position\":2,\"name\":\"Prodotti\",\"item\":\"https:\\\/\\\/shop.natur-konkret.ch\\\/it\\\/prodotti\\\/\"},{\"@type\":\"ListItem\",\"position\":3,\"name\":\"Filetto\"}]},{\"@type\":\"WebSite\",\"@id\":\"https:\\\/\\\/shop.natur-konkret.ch\\\/it\\\/#website\",\"url\":\"https:\\\/\\\/shop.natur-konkret.ch\\\/it\\\/\",\"name\":\"Natur Konkret\",\"description\":\"Wenn nur das Beste auf den Tisch soll\",\"publisher\":{\"@id\":\"https:\\\/\\\/shop.natur-konkret.ch\\\/it\\\/#organization\"},\"potentialAction\":[{\"@type\":\"SearchAction\",\"target\":{\"@type\":\"EntryPoint\",\"urlTemplate\":\"https:\\\/\\\/shop.natur-konkret.ch\\\/it\\\/?s={search_term_string}\"},\"query-input\":{\"@type\":\"PropertyValueSpecification\",\"valueRequired\":true,\"valueName\":\"search_term_string\"}}],\"inLanguage\":\"it-IT\"},{\"@type\":\"Organization\",\"@id\":\"https:\\\/\\\/shop.natur-konkret.ch\\\/it\\\/#organization\",\"name\":\"Natur Konkret\",\"url\":\"https:\\\/\\\/shop.natur-konkret.ch\\\/it\\\/\",\"logo\":{\"@type\":\"ImageObject\",\"inLanguage\":\"it-IT\",\"@id\":\"https:\\\/\\\/shop.natur-konkret.ch\\\/it\\\/#\\\/schema\\\/logo\\\/image\\\/\",\"url\":\"\",\"contentUrl\":\"\",\"caption\":\"Natur Konkret\"},\"image\":{\"@id\":\"https:\\\/\\\/shop.natur-konkret.ch\\\/it\\\/#\\\/schema\\\/logo\\\/image\\\/\"}}]}<\/script>\n<!-- \/ Yoast SEO plugin. -->","yoast_head_json":{"title":"Filetto - Natur Konkret - Onlineshop","description":"Filetto - Con metodi di produzione naturali conciliamo la tutela dell'ambiente, il benessere degli animali e la produzione di alimenti sani e di alta qualit\u00e0.","robots":{"index":"index","follow":"follow","max-snippet":"max-snippet:-1","max-image-preview":"max-image-preview:large","max-video-preview":"max-video-preview:-1"},"canonical":"https:\/\/shop.natur-konkret.ch\/it\/prodotti\/filetto-6\/","og_locale":"it_IT","og_type":"article","og_title":"Filetto - Natur Konkret - Onlineshop","og_description":"Filetto - Con metodi di produzione naturali conciliamo la tutela dell'ambiente, il benessere degli animali e la produzione di alimenti sani e di alta qualit\u00e0.","og_url":"https:\/\/shop.natur-konkret.ch\/it\/prodotti\/filetto-6\/","og_site_name":"Natur Konkret - Onlineshop","article_modified_time":"2026-04-13T15:22:23+00:00","og_image":[{"width":950,"height":950,"url":"https:\/\/shop.natur-konkret.ch\/wp-content\/uploads\/4781_01.jpeg","type":"image\/jpeg"}],"twitter_card":"summary_large_image","twitter_misc":{"Est. reading time":"1 minute"},"schema":{"@context":"https:\/\/schema.org","@graph":[{"@type":"WebPage","@id":"https:\/\/shop.natur-konkret.ch\/it\/prodotti\/filetto-6\/","url":"https:\/\/shop.natur-konkret.ch\/it\/prodotti\/filetto-6\/","name":"Filetto - Natur Konkret - Onlineshop","isPartOf":{"@id":"https:\/\/shop.natur-konkret.ch\/it\/#website"},"primaryImageOfPage":{"@id":"https:\/\/shop.natur-konkret.ch\/it\/prodotti\/filetto-6\/#primaryimage"},"image":{"@id":"https:\/\/shop.natur-konkret.ch\/it\/prodotti\/filetto-6\/#primaryimage"},"thumbnailUrl":"https:\/\/shop.natur-konkret.ch\/wp-content\/uploads\/4781_01.jpeg","datePublished":"2025-12-15T16:10:05+00:00","dateModified":"2026-04-13T15:22:23+00:00","description":"Filetto - Con metodi di produzione naturali conciliamo la tutela dell'ambiente, il benessere degli animali e la produzione di alimenti sani e di alta qualit\u00e0.","breadcrumb":{"@id":"https:\/\/shop.natur-konkret.ch\/it\/prodotti\/filetto-6\/#breadcrumb"},"inLanguage":"it-IT","potentialAction":[{"@type":"ReadAction","target":["https:\/\/shop.natur-konkret.ch\/it\/prodotti\/filetto-6\/"]}]},{"@type":"ImageObject","inLanguage":"it-IT","@id":"https:\/\/shop.natur-konkret.ch\/it\/prodotti\/filetto-6\/#primaryimage","url":"https:\/\/shop.natur-konkret.ch\/wp-content\/uploads\/4781_01.jpeg","contentUrl":"https:\/\/shop.natur-konkret.ch\/wp-content\/uploads\/4781_01.jpeg","width":950,"height":950},{"@type":"BreadcrumbList","@id":"https:\/\/shop.natur-konkret.ch\/it\/prodotti\/filetto-6\/#breadcrumb","itemListElement":[{"@type":"ListItem","position":1,"name":"Home","item":"https:\/\/shop.natur-konkret.ch\/it\/"},{"@type":"ListItem","position":2,"name":"Prodotti","item":"https:\/\/shop.natur-konkret.ch\/it\/prodotti\/"},{"@type":"ListItem","position":3,"name":"Filetto"}]},{"@type":"WebSite","@id":"https:\/\/shop.natur-konkret.ch\/it\/#website","url":"https:\/\/shop.natur-konkret.ch\/it\/","name":"Natur Konkret","description":"Wenn nur das Beste auf den Tisch soll","publisher":{"@id":"https:\/\/shop.natur-konkret.ch\/it\/#organization"},"potentialAction":[{"@type":"SearchAction","target":{"@type":"EntryPoint","urlTemplate":"https:\/\/shop.natur-konkret.ch\/it\/?s={search_term_string}"},"query-input":{"@type":"PropertyValueSpecification","valueRequired":true,"valueName":"search_term_string"}}],"inLanguage":"it-IT"},{"@type":"Organization","@id":"https:\/\/shop.natur-konkret.ch\/it\/#organization","name":"Natur Konkret","url":"https:\/\/shop.natur-konkret.ch\/it\/","logo":{"@type":"ImageObject","inLanguage":"it-IT","@id":"https:\/\/shop.natur-konkret.ch\/it\/#\/schema\/logo\/image\/","url":"","contentUrl":"","caption":"Natur Konkret"},"image":{"@id":"https:\/\/shop.natur-konkret.ch\/it\/#\/schema\/logo\/image\/"}}]}},"_links":{"self":[{"href":"https:\/\/shop.natur-konkret.ch\/it\/wp-json\/wp\/v2\/product\/284852","targetHints":{"allow":["GET"]}}],"collection":[{"href":"https:\/\/shop.natur-konkret.ch\/it\/wp-json\/wp\/v2\/product"}],"about":[{"href":"https:\/\/shop.natur-konkret.ch\/it\/wp-json\/wp\/v2\/types\/product"}],"wp:featuredmedia":[{"embeddable":true,"href":"https:\/\/shop.natur-konkret.ch\/it\/wp-json\/wp\/v2\/media\/287147"}],"wp:attachment":[{"href":"https:\/\/shop.natur-konkret.ch\/it\/wp-json\/wp\/v2\/media?parent=284852"}],"wp:term":[{"taxonomy":"product_brand","embeddable":true,"href":"https:\/\/shop.natur-konkret.ch\/it\/wp-json\/wp\/v2\/product_brand?post=284852"},{"taxonomy":"product_cat","embeddable":true,"href":"https:\/\/shop.natur-konkret.ch\/it\/wp-json\/wp\/v2\/product_cat?post=284852"},{"taxonomy":"product_tag","embeddable":true,"href":"https:\/\/shop.natur-konkret.ch\/it\/wp-json\/wp\/v2\/product_tag?post=284852"}],"curies":[{"name":"wp","href":"https:\/\/api.w.org\/{rel}","templated":true}]}}