{"id":288179,"date":"2026-03-06T12:03:03","date_gmt":"2026-03-06T11:03:03","guid":{"rendered":"https:\/\/shop.natur-konkret.ch\/produkt\/schalotten-2\/"},"modified":"2026-04-13T17:08:12","modified_gmt":"2026-04-13T15:08:12","slug":"schalotten-2","status":"publish","type":"product","link":"https:\/\/shop.natur-konkret.ch\/it\/prodotti\/schalotten-2\/","title":{"rendered":"Schalotten"},"content":{"rendered":"<p>\n      Verkaufseinheit: 500g\n    <\/p>\n<p>\n      <b>Demeter Schalotten<\/b><br \/>Schalotten gelten als Edelzwiebeln und<br \/>\n      zeichnen sich durch ein mildes, s\u00fcssliches und trotzdem w\u00fcrziges Aroma<br \/>\n      aus. Obwohl Schalotten auch lagerf\u00e4hig sind, eignen sie sich besonders<br \/>\n      f\u00fcr den Frischeverzehr in einem k\u00f6stlichen Salat aber auch zum Schmoren<br \/>\n      und D\u00fcnsten. Kein Tr\u00e4nenmeer beim Kochen! Die Schalotte enth\u00e4lt weniger<br \/>\n      schwefelhaltige Stoffe als die K\u00fcchenzwiebel und ist somit auch f\u00fcr die<br \/>\n      Augen viel bek\u00f6mmlicher.\n    <\/p>\n<p>\n      <b>Herkunft<\/b><br \/>Unser Demeter-Gem\u00fcse stammt vom Feldhof in<br \/>\n      Scherzingen. Der Feldhof ist ein landwirtschaftlicher<br \/>\n      Genossenschaftsbetrieb mit \u00fcber 40-j\u00e4hriger Geschichte.\n    <\/p>\n","protected":false},"excerpt":{"rendered":"<p>Verkaufseinheit: 500g Demeter SchalottenSchalotten gelten als Edelzwiebeln und zeichnen sich durch ein mildes, s\u00fcssliches und trotzdem w\u00fcrziges Aroma aus. Obwohl Schalotten auch lagerf\u00e4hig sind, eignen sie sich besonders f\u00fcr den Frischeverzehr in einem k\u00f6stlichen Salat aber auch zum Schmoren und D\u00fcnsten. Kein Tr\u00e4nenmeer beim Kochen! Die Schalotte enth\u00e4lt weniger schwefelhaltige Stoffe als die K\u00fcchenzwiebel und [&hellip;]<\/p>\n","protected":false},"featured_media":288174,"template":"","meta":{"_acf_changed":false},"product_brand":[],"product_cat":[158,616],"product_tag":[],"class_list":{"0":"post-288179","1":"product","2":"type-product","3":"status-publish","4":"has-post-thumbnail","6":"product_cat-prodotti","7":"product_cat-verdure-insalate-frutta-it","9":"first","10":"instock","11":"taxable","12":"shipping-taxable","13":"purchasable","14":"product-type-simple"},"acf":[],"yoast_head":"<!-- This site is optimized with the Yoast SEO plugin v27.4 - https:\/\/yoast.com\/product\/yoast-seo-wordpress\/ -->\n<title>Schalotten - Natur Konkret - Onlineshop<\/title>\n<meta name=\"description\" content=\"Schalotten - Con metodi di produzione naturali conciliamo la tutela dell&#039;ambiente, il benessere degli animali e la produzione di alimenti sani e di alta qualit\u00e0.\" \/>\n<meta name=\"robots\" content=\"index, follow, max-snippet:-1, max-image-preview:large, max-video-preview:-1\" \/>\n<link rel=\"canonical\" href=\"https:\/\/shop.natur-konkret.ch\/it\/prodotti\/schalotten-2\/\" \/>\n<meta property=\"og:locale\" content=\"it_IT\" \/>\n<meta property=\"og:type\" content=\"article\" \/>\n<meta property=\"og:title\" content=\"Schalotten - Natur Konkret - Onlineshop\" \/>\n<meta property=\"og:description\" content=\"Schalotten - Con metodi di produzione naturali conciliamo la tutela dell&#039;ambiente, il benessere degli animali e la produzione di alimenti sani e di alta qualit\u00e0.\" \/>\n<meta property=\"og:url\" content=\"https:\/\/shop.natur-konkret.ch\/it\/prodotti\/schalotten-2\/\" \/>\n<meta property=\"og:site_name\" content=\"Natur Konkret - Onlineshop\" \/>\n<meta property=\"article:modified_time\" content=\"2026-04-13T15:08:12+00:00\" \/>\n<meta property=\"og:image\" content=\"https:\/\/shop.natur-konkret.ch\/wp-content\/uploads\/53_02.jpeg\" \/>\n\t<meta property=\"og:image:width\" content=\"950\" \/>\n\t<meta property=\"og:image:height\" content=\"950\" \/>\n\t<meta property=\"og:image:type\" content=\"image\/jpeg\" \/>\n<meta name=\"twitter:card\" content=\"summary_large_image\" \/>\n<script type=\"application\/ld+json\" class=\"yoast-schema-graph\">{\"@context\":\"https:\\\/\\\/schema.org\",\"@graph\":[{\"@type\":\"WebPage\",\"@id\":\"https:\\\/\\\/shop.natur-konkret.ch\\\/it\\\/prodotti\\\/schalotten-2\\\/\",\"url\":\"https:\\\/\\\/shop.natur-konkret.ch\\\/it\\\/prodotti\\\/schalotten-2\\\/\",\"name\":\"Schalotten - Natur Konkret - Onlineshop\",\"isPartOf\":{\"@id\":\"https:\\\/\\\/shop.natur-konkret.ch\\\/it\\\/#website\"},\"primaryImageOfPage\":{\"@id\":\"https:\\\/\\\/shop.natur-konkret.ch\\\/it\\\/prodotti\\\/schalotten-2\\\/#primaryimage\"},\"image\":{\"@id\":\"https:\\\/\\\/shop.natur-konkret.ch\\\/it\\\/prodotti\\\/schalotten-2\\\/#primaryimage\"},\"thumbnailUrl\":\"https:\\\/\\\/shop.natur-konkret.ch\\\/wp-content\\\/uploads\\\/53_02.jpeg\",\"datePublished\":\"2026-03-06T11:03:03+00:00\",\"dateModified\":\"2026-04-13T15:08:12+00:00\",\"description\":\"Schalotten - Con metodi di produzione naturali conciliamo la tutela dell'ambiente, il benessere degli animali e la produzione di alimenti sani e di alta qualit\u00e0.\",\"breadcrumb\":{\"@id\":\"https:\\\/\\\/shop.natur-konkret.ch\\\/it\\\/prodotti\\\/schalotten-2\\\/#breadcrumb\"},\"inLanguage\":\"it-IT\",\"potentialAction\":[{\"@type\":\"ReadAction\",\"target\":[\"https:\\\/\\\/shop.natur-konkret.ch\\\/it\\\/prodotti\\\/schalotten-2\\\/\"]}]},{\"@type\":\"ImageObject\",\"inLanguage\":\"it-IT\",\"@id\":\"https:\\\/\\\/shop.natur-konkret.ch\\\/it\\\/prodotti\\\/schalotten-2\\\/#primaryimage\",\"url\":\"https:\\\/\\\/shop.natur-konkret.ch\\\/wp-content\\\/uploads\\\/53_02.jpeg\",\"contentUrl\":\"https:\\\/\\\/shop.natur-konkret.ch\\\/wp-content\\\/uploads\\\/53_02.jpeg\",\"width\":950,\"height\":950},{\"@type\":\"BreadcrumbList\",\"@id\":\"https:\\\/\\\/shop.natur-konkret.ch\\\/it\\\/prodotti\\\/schalotten-2\\\/#breadcrumb\",\"itemListElement\":[{\"@type\":\"ListItem\",\"position\":1,\"name\":\"Home\",\"item\":\"https:\\\/\\\/shop.natur-konkret.ch\\\/it\\\/\"},{\"@type\":\"ListItem\",\"position\":2,\"name\":\"Prodotti\",\"item\":\"https:\\\/\\\/shop.natur-konkret.ch\\\/it\\\/prodotti\\\/\"},{\"@type\":\"ListItem\",\"position\":3,\"name\":\"Schalotten\"}]},{\"@type\":\"WebSite\",\"@id\":\"https:\\\/\\\/shop.natur-konkret.ch\\\/it\\\/#website\",\"url\":\"https:\\\/\\\/shop.natur-konkret.ch\\\/it\\\/\",\"name\":\"Natur Konkret\",\"description\":\"Wenn nur das Beste auf den Tisch soll\",\"publisher\":{\"@id\":\"https:\\\/\\\/shop.natur-konkret.ch\\\/it\\\/#organization\"},\"potentialAction\":[{\"@type\":\"SearchAction\",\"target\":{\"@type\":\"EntryPoint\",\"urlTemplate\":\"https:\\\/\\\/shop.natur-konkret.ch\\\/it\\\/?s={search_term_string}\"},\"query-input\":{\"@type\":\"PropertyValueSpecification\",\"valueRequired\":true,\"valueName\":\"search_term_string\"}}],\"inLanguage\":\"it-IT\"},{\"@type\":\"Organization\",\"@id\":\"https:\\\/\\\/shop.natur-konkret.ch\\\/it\\\/#organization\",\"name\":\"Natur Konkret\",\"url\":\"https:\\\/\\\/shop.natur-konkret.ch\\\/it\\\/\",\"logo\":{\"@type\":\"ImageObject\",\"inLanguage\":\"it-IT\",\"@id\":\"https:\\\/\\\/shop.natur-konkret.ch\\\/it\\\/#\\\/schema\\\/logo\\\/image\\\/\",\"url\":\"\",\"contentUrl\":\"\",\"caption\":\"Natur Konkret\"},\"image\":{\"@id\":\"https:\\\/\\\/shop.natur-konkret.ch\\\/it\\\/#\\\/schema\\\/logo\\\/image\\\/\"}}]}<\/script>\n<!-- \/ Yoast SEO plugin. -->","yoast_head_json":{"title":"Schalotten - Natur Konkret - Onlineshop","description":"Schalotten - Con metodi di produzione naturali conciliamo la tutela dell'ambiente, il benessere degli animali e la produzione di alimenti sani e di alta qualit\u00e0.","robots":{"index":"index","follow":"follow","max-snippet":"max-snippet:-1","max-image-preview":"max-image-preview:large","max-video-preview":"max-video-preview:-1"},"canonical":"https:\/\/shop.natur-konkret.ch\/it\/prodotti\/schalotten-2\/","og_locale":"it_IT","og_type":"article","og_title":"Schalotten - Natur Konkret - Onlineshop","og_description":"Schalotten - Con metodi di produzione naturali conciliamo la tutela dell'ambiente, il benessere degli animali e la produzione di alimenti sani e di alta qualit\u00e0.","og_url":"https:\/\/shop.natur-konkret.ch\/it\/prodotti\/schalotten-2\/","og_site_name":"Natur Konkret - Onlineshop","article_modified_time":"2026-04-13T15:08:12+00:00","og_image":[{"width":950,"height":950,"url":"https:\/\/shop.natur-konkret.ch\/wp-content\/uploads\/53_02.jpeg","type":"image\/jpeg"}],"twitter_card":"summary_large_image","schema":{"@context":"https:\/\/schema.org","@graph":[{"@type":"WebPage","@id":"https:\/\/shop.natur-konkret.ch\/it\/prodotti\/schalotten-2\/","url":"https:\/\/shop.natur-konkret.ch\/it\/prodotti\/schalotten-2\/","name":"Schalotten - Natur Konkret - Onlineshop","isPartOf":{"@id":"https:\/\/shop.natur-konkret.ch\/it\/#website"},"primaryImageOfPage":{"@id":"https:\/\/shop.natur-konkret.ch\/it\/prodotti\/schalotten-2\/#primaryimage"},"image":{"@id":"https:\/\/shop.natur-konkret.ch\/it\/prodotti\/schalotten-2\/#primaryimage"},"thumbnailUrl":"https:\/\/shop.natur-konkret.ch\/wp-content\/uploads\/53_02.jpeg","datePublished":"2026-03-06T11:03:03+00:00","dateModified":"2026-04-13T15:08:12+00:00","description":"Schalotten - Con metodi di produzione naturali conciliamo la tutela dell'ambiente, il benessere degli animali e la produzione di alimenti sani e di alta qualit\u00e0.","breadcrumb":{"@id":"https:\/\/shop.natur-konkret.ch\/it\/prodotti\/schalotten-2\/#breadcrumb"},"inLanguage":"it-IT","potentialAction":[{"@type":"ReadAction","target":["https:\/\/shop.natur-konkret.ch\/it\/prodotti\/schalotten-2\/"]}]},{"@type":"ImageObject","inLanguage":"it-IT","@id":"https:\/\/shop.natur-konkret.ch\/it\/prodotti\/schalotten-2\/#primaryimage","url":"https:\/\/shop.natur-konkret.ch\/wp-content\/uploads\/53_02.jpeg","contentUrl":"https:\/\/shop.natur-konkret.ch\/wp-content\/uploads\/53_02.jpeg","width":950,"height":950},{"@type":"BreadcrumbList","@id":"https:\/\/shop.natur-konkret.ch\/it\/prodotti\/schalotten-2\/#breadcrumb","itemListElement":[{"@type":"ListItem","position":1,"name":"Home","item":"https:\/\/shop.natur-konkret.ch\/it\/"},{"@type":"ListItem","position":2,"name":"Prodotti","item":"https:\/\/shop.natur-konkret.ch\/it\/prodotti\/"},{"@type":"ListItem","position":3,"name":"Schalotten"}]},{"@type":"WebSite","@id":"https:\/\/shop.natur-konkret.ch\/it\/#website","url":"https:\/\/shop.natur-konkret.ch\/it\/","name":"Natur Konkret","description":"Wenn nur das Beste auf den Tisch soll","publisher":{"@id":"https:\/\/shop.natur-konkret.ch\/it\/#organization"},"potentialAction":[{"@type":"SearchAction","target":{"@type":"EntryPoint","urlTemplate":"https:\/\/shop.natur-konkret.ch\/it\/?s={search_term_string}"},"query-input":{"@type":"PropertyValueSpecification","valueRequired":true,"valueName":"search_term_string"}}],"inLanguage":"it-IT"},{"@type":"Organization","@id":"https:\/\/shop.natur-konkret.ch\/it\/#organization","name":"Natur Konkret","url":"https:\/\/shop.natur-konkret.ch\/it\/","logo":{"@type":"ImageObject","inLanguage":"it-IT","@id":"https:\/\/shop.natur-konkret.ch\/it\/#\/schema\/logo\/image\/","url":"","contentUrl":"","caption":"Natur Konkret"},"image":{"@id":"https:\/\/shop.natur-konkret.ch\/it\/#\/schema\/logo\/image\/"}}]}},"_links":{"self":[{"href":"https:\/\/shop.natur-konkret.ch\/it\/wp-json\/wp\/v2\/product\/288179","targetHints":{"allow":["GET"]}}],"collection":[{"href":"https:\/\/shop.natur-konkret.ch\/it\/wp-json\/wp\/v2\/product"}],"about":[{"href":"https:\/\/shop.natur-konkret.ch\/it\/wp-json\/wp\/v2\/types\/product"}],"wp:featuredmedia":[{"embeddable":true,"href":"https:\/\/shop.natur-konkret.ch\/it\/wp-json\/wp\/v2\/media\/288174"}],"wp:attachment":[{"href":"https:\/\/shop.natur-konkret.ch\/it\/wp-json\/wp\/v2\/media?parent=288179"}],"wp:term":[{"taxonomy":"product_brand","embeddable":true,"href":"https:\/\/shop.natur-konkret.ch\/it\/wp-json\/wp\/v2\/product_brand?post=288179"},{"taxonomy":"product_cat","embeddable":true,"href":"https:\/\/shop.natur-konkret.ch\/it\/wp-json\/wp\/v2\/product_cat?post=288179"},{"taxonomy":"product_tag","embeddable":true,"href":"https:\/\/shop.natur-konkret.ch\/it\/wp-json\/wp\/v2\/product_tag?post=288179"}],"curies":[{"name":"wp","href":"https:\/\/api.w.org\/{rel}","templated":true}]}}