{"id":289150,"date":"2026-04-20T12:32:24","date_gmt":"2026-04-20T10:32:24","guid":{"rendered":"https:\/\/shop.natur-konkret.ch\/produkt\/fondue-chinoise-di-maiale\/"},"modified":"2026-04-20T12:32:24","modified_gmt":"2026-04-20T10:32:24","slug":"fondue-chinoise-di-maiale","status":"publish","type":"product","link":"https:\/\/shop.natur-konkret.ch\/it\/prodotti\/fondue-chinoise-di-maiale\/","title":{"rendered":"Fondue chinoise di maiale"},"content":{"rendered":"<p>\n      <b>Wollschwein Fondue Chinoise<br \/><\/b>Fondue Chinoise &#8211; das Weihnachts-<br \/>\n      oder Neujahrsgericht schlechthin &#8230; aber auch zu jeder anderen<br \/>\n      Jahreszeit ein Festmahl. Zart und einzigartig im Geschmack, in<br \/>\n      Pl\u00e4tzliform, nicht gerollt.\n    <\/p>\n<p>\n      Geheimtipp\u2026nebst den w\u00fcrzigen Dips k\u00f6nnen Sie ihre G\u00e4ste mit einem<br \/>\n      feinen Apfel, Quitten oder Birnen Chutney begeistern.\n    <\/p>\n<p>\n      Das Wollschwein ist eine alte Haustierrasse, die beinahe ausgestorben<br \/>\n      w\u00e4re. Ein Erhaltungs- und Zuchtprogramm der Stiftung Pro Specie Rara hat<br \/>\n      dies in letzter Minute gl\u00fccklicherweise verhindert. Wollschweine<br \/>\n      verf\u00fcgen \u00fcber einen ruhigen und sehr sozialen Charakter. Unsere<br \/>\n      Haltungsform unterscheidet sich deutlich von der industriellen<br \/>\n      Massentierhaltung. Ganzj\u00e4hrig im Freien, eine H\u00fctte mit ausreichend<br \/>\n      Stroh, Suhlm\u00f6glichkeiten und eine Haltung in kleinen Gruppen kommt den<br \/>\n      \u00abSchweinebed\u00fcrfnissen\u00bb entgegen.\n    <\/p>\n<p>\n      Gef\u00fcttert werden die Schweine mit Biofutter, Bioschotte von einem<br \/>\n      Ziegenk\u00e4seproduzenten, Kastanien und Eicheln.\n    <\/p>\n<p>\n      Unter dem Label Kastanien-Wollschwein erhalten Sie kr\u00e4ftiges und<br \/>\n      geschmackvolles Fleisch, das im Einklang mit der Natur erzeugt wurde.\n    <\/p>\n<p>\n      <b>Zutaten<br \/><\/b>Fleisch vom Wollschwein\n    <\/p>\n<p>\n      <b>Allergene<br \/><\/b>Keine\n    <\/p>\n<p>\n      <b>Herkunft<\/b><br \/>Das Wollschwein stammt von unseren eigenen Betrieben,<br \/>\n      im Tessin und im Kanton Thurgau.\n    <\/p>\n","protected":false},"excerpt":{"rendered":"<p>Wollschwein Fondue ChinoiseFondue Chinoise &#8211; das Weihnachts- oder Neujahrsgericht schlechthin &#8230; aber auch zu jeder anderen Jahreszeit ein Festmahl. Zart und einzigartig im Geschmack, in Pl\u00e4tzliform, nicht gerollt. Geheimtipp\u2026nebst den w\u00fcrzigen Dips k\u00f6nnen Sie ihre G\u00e4ste mit einem feinen Apfel, Quitten oder Birnen Chutney begeistern. Das Wollschwein ist eine alte Haustierrasse, die beinahe ausgestorben w\u00e4re. [&hellip;]<\/p>\n","protected":false},"featured_media":289147,"template":"","meta":{"_acf_changed":false},"product_brand":[],"product_cat":[158,647],"product_tag":[],"class_list":{"0":"post-289150","1":"product","2":"type-product","3":"status-publish","4":"has-post-thumbnail","6":"product_cat-prodotti","7":"product_cat-maiale-lanuto-it","9":"first","10":"instock","11":"taxable","12":"shipping-taxable","13":"purchasable","14":"product-type-simple"},"acf":[],"yoast_head":"<!-- This site is optimized with the Yoast SEO plugin v27.4 - https:\/\/yoast.com\/product\/yoast-seo-wordpress\/ -->\n<title>Fondue chinoise di maiale - Natur Konkret - Onlineshop<\/title>\n<meta name=\"description\" content=\"Fondue chinoise di maiale - Con metodi di produzione naturali conciliamo la tutela dell&#039;ambiente, il benessere degli animali e la produzione di alimenti sani e di alta qualit\u00e0.\" \/>\n<meta name=\"robots\" content=\"index, follow, max-snippet:-1, max-image-preview:large, max-video-preview:-1\" \/>\n<link rel=\"canonical\" href=\"https:\/\/shop.natur-konkret.ch\/it\/prodotti\/fondue-chinoise-di-maiale\/\" \/>\n<meta property=\"og:locale\" content=\"it_IT\" \/>\n<meta property=\"og:type\" content=\"article\" \/>\n<meta property=\"og:title\" content=\"Fondue chinoise di maiale - Natur Konkret - Onlineshop\" \/>\n<meta property=\"og:description\" content=\"Fondue chinoise di maiale - Con metodi di produzione naturali conciliamo la tutela dell&#039;ambiente, il benessere degli animali e la produzione di alimenti sani e di alta qualit\u00e0.\" \/>\n<meta property=\"og:url\" content=\"https:\/\/shop.natur-konkret.ch\/it\/prodotti\/fondue-chinoise-di-maiale\/\" \/>\n<meta property=\"og:site_name\" content=\"Natur Konkret - Onlineshop\" \/>\n<meta name=\"twitter:card\" content=\"summary_large_image\" \/>\n<meta name=\"twitter:label1\" content=\"Est. reading time\" \/>\n\t<meta name=\"twitter:data1\" content=\"1 minute\" \/>\n<script type=\"application\/ld+json\" class=\"yoast-schema-graph\">{\"@context\":\"https:\\\/\\\/schema.org\",\"@graph\":[{\"@type\":\"WebPage\",\"@id\":\"https:\\\/\\\/shop.natur-konkret.ch\\\/it\\\/prodotti\\\/fondue-chinoise-di-maiale\\\/\",\"url\":\"https:\\\/\\\/shop.natur-konkret.ch\\\/it\\\/prodotti\\\/fondue-chinoise-di-maiale\\\/\",\"name\":\"Fondue chinoise di maiale - Natur Konkret - Onlineshop\",\"isPartOf\":{\"@id\":\"https:\\\/\\\/shop.natur-konkret.ch\\\/it\\\/#website\"},\"primaryImageOfPage\":{\"@id\":\"https:\\\/\\\/shop.natur-konkret.ch\\\/it\\\/prodotti\\\/fondue-chinoise-di-maiale\\\/#primaryimage\"},\"image\":{\"@id\":\"https:\\\/\\\/shop.natur-konkret.ch\\\/it\\\/prodotti\\\/fondue-chinoise-di-maiale\\\/#primaryimage\"},\"thumbnailUrl\":\"https:\\\/\\\/shop.natur-konkret.ch\\\/wp-content\\\/uploads\\\/2206_02.jpeg\",\"datePublished\":\"2026-04-20T10:32:24+00:00\",\"description\":\"Fondue chinoise di maiale - Con metodi di produzione naturali conciliamo la tutela dell'ambiente, il benessere degli animali e la produzione di alimenti sani e di alta qualit\u00e0.\",\"breadcrumb\":{\"@id\":\"https:\\\/\\\/shop.natur-konkret.ch\\\/it\\\/prodotti\\\/fondue-chinoise-di-maiale\\\/#breadcrumb\"},\"inLanguage\":\"it-IT\",\"potentialAction\":[{\"@type\":\"ReadAction\",\"target\":[\"https:\\\/\\\/shop.natur-konkret.ch\\\/it\\\/prodotti\\\/fondue-chinoise-di-maiale\\\/\"]}]},{\"@type\":\"ImageObject\",\"inLanguage\":\"it-IT\",\"@id\":\"https:\\\/\\\/shop.natur-konkret.ch\\\/it\\\/prodotti\\\/fondue-chinoise-di-maiale\\\/#primaryimage\",\"url\":\"https:\\\/\\\/shop.natur-konkret.ch\\\/wp-content\\\/uploads\\\/2206_02.jpeg\",\"contentUrl\":\"https:\\\/\\\/shop.natur-konkret.ch\\\/wp-content\\\/uploads\\\/2206_02.jpeg\",\"width\":950,\"height\":950},{\"@type\":\"BreadcrumbList\",\"@id\":\"https:\\\/\\\/shop.natur-konkret.ch\\\/it\\\/prodotti\\\/fondue-chinoise-di-maiale\\\/#breadcrumb\",\"itemListElement\":[{\"@type\":\"ListItem\",\"position\":1,\"name\":\"Home\",\"item\":\"https:\\\/\\\/shop.natur-konkret.ch\\\/it\\\/\"},{\"@type\":\"ListItem\",\"position\":2,\"name\":\"Prodotti\",\"item\":\"https:\\\/\\\/shop.natur-konkret.ch\\\/it\\\/prodotti\\\/\"},{\"@type\":\"ListItem\",\"position\":3,\"name\":\"Fondue chinoise di maiale\"}]},{\"@type\":\"WebSite\",\"@id\":\"https:\\\/\\\/shop.natur-konkret.ch\\\/it\\\/#website\",\"url\":\"https:\\\/\\\/shop.natur-konkret.ch\\\/it\\\/\",\"name\":\"Natur Konkret\",\"description\":\"Wenn nur das Beste auf den Tisch soll\",\"publisher\":{\"@id\":\"https:\\\/\\\/shop.natur-konkret.ch\\\/it\\\/#organization\"},\"potentialAction\":[{\"@type\":\"SearchAction\",\"target\":{\"@type\":\"EntryPoint\",\"urlTemplate\":\"https:\\\/\\\/shop.natur-konkret.ch\\\/it\\\/?s={search_term_string}\"},\"query-input\":{\"@type\":\"PropertyValueSpecification\",\"valueRequired\":true,\"valueName\":\"search_term_string\"}}],\"inLanguage\":\"it-IT\"},{\"@type\":\"Organization\",\"@id\":\"https:\\\/\\\/shop.natur-konkret.ch\\\/it\\\/#organization\",\"name\":\"Natur Konkret\",\"url\":\"https:\\\/\\\/shop.natur-konkret.ch\\\/it\\\/\",\"logo\":{\"@type\":\"ImageObject\",\"inLanguage\":\"it-IT\",\"@id\":\"https:\\\/\\\/shop.natur-konkret.ch\\\/it\\\/#\\\/schema\\\/logo\\\/image\\\/\",\"url\":\"\",\"contentUrl\":\"\",\"caption\":\"Natur Konkret\"},\"image\":{\"@id\":\"https:\\\/\\\/shop.natur-konkret.ch\\\/it\\\/#\\\/schema\\\/logo\\\/image\\\/\"}}]}<\/script>\n<!-- \/ Yoast SEO plugin. -->","yoast_head_json":{"title":"Fondue chinoise di maiale - Natur Konkret - Onlineshop","description":"Fondue chinoise di maiale - Con metodi di produzione naturali conciliamo la tutela dell'ambiente, il benessere degli animali e la produzione di alimenti sani e di alta qualit\u00e0.","robots":{"index":"index","follow":"follow","max-snippet":"max-snippet:-1","max-image-preview":"max-image-preview:large","max-video-preview":"max-video-preview:-1"},"canonical":"https:\/\/shop.natur-konkret.ch\/it\/prodotti\/fondue-chinoise-di-maiale\/","og_locale":"it_IT","og_type":"article","og_title":"Fondue chinoise di maiale - Natur Konkret - Onlineshop","og_description":"Fondue chinoise di maiale - Con metodi di produzione naturali conciliamo la tutela dell'ambiente, il benessere degli animali e la produzione di alimenti sani e di alta qualit\u00e0.","og_url":"https:\/\/shop.natur-konkret.ch\/it\/prodotti\/fondue-chinoise-di-maiale\/","og_site_name":"Natur Konkret - Onlineshop","twitter_card":"summary_large_image","twitter_misc":{"Est. reading time":"1 minute"},"schema":{"@context":"https:\/\/schema.org","@graph":[{"@type":"WebPage","@id":"https:\/\/shop.natur-konkret.ch\/it\/prodotti\/fondue-chinoise-di-maiale\/","url":"https:\/\/shop.natur-konkret.ch\/it\/prodotti\/fondue-chinoise-di-maiale\/","name":"Fondue chinoise di maiale - Natur Konkret - Onlineshop","isPartOf":{"@id":"https:\/\/shop.natur-konkret.ch\/it\/#website"},"primaryImageOfPage":{"@id":"https:\/\/shop.natur-konkret.ch\/it\/prodotti\/fondue-chinoise-di-maiale\/#primaryimage"},"image":{"@id":"https:\/\/shop.natur-konkret.ch\/it\/prodotti\/fondue-chinoise-di-maiale\/#primaryimage"},"thumbnailUrl":"https:\/\/shop.natur-konkret.ch\/wp-content\/uploads\/2206_02.jpeg","datePublished":"2026-04-20T10:32:24+00:00","description":"Fondue chinoise di maiale - Con metodi di produzione naturali conciliamo la tutela dell'ambiente, il benessere degli animali e la produzione di alimenti sani e di alta qualit\u00e0.","breadcrumb":{"@id":"https:\/\/shop.natur-konkret.ch\/it\/prodotti\/fondue-chinoise-di-maiale\/#breadcrumb"},"inLanguage":"it-IT","potentialAction":[{"@type":"ReadAction","target":["https:\/\/shop.natur-konkret.ch\/it\/prodotti\/fondue-chinoise-di-maiale\/"]}]},{"@type":"ImageObject","inLanguage":"it-IT","@id":"https:\/\/shop.natur-konkret.ch\/it\/prodotti\/fondue-chinoise-di-maiale\/#primaryimage","url":"https:\/\/shop.natur-konkret.ch\/wp-content\/uploads\/2206_02.jpeg","contentUrl":"https:\/\/shop.natur-konkret.ch\/wp-content\/uploads\/2206_02.jpeg","width":950,"height":950},{"@type":"BreadcrumbList","@id":"https:\/\/shop.natur-konkret.ch\/it\/prodotti\/fondue-chinoise-di-maiale\/#breadcrumb","itemListElement":[{"@type":"ListItem","position":1,"name":"Home","item":"https:\/\/shop.natur-konkret.ch\/it\/"},{"@type":"ListItem","position":2,"name":"Prodotti","item":"https:\/\/shop.natur-konkret.ch\/it\/prodotti\/"},{"@type":"ListItem","position":3,"name":"Fondue chinoise di maiale"}]},{"@type":"WebSite","@id":"https:\/\/shop.natur-konkret.ch\/it\/#website","url":"https:\/\/shop.natur-konkret.ch\/it\/","name":"Natur Konkret","description":"Wenn nur das Beste auf den Tisch soll","publisher":{"@id":"https:\/\/shop.natur-konkret.ch\/it\/#organization"},"potentialAction":[{"@type":"SearchAction","target":{"@type":"EntryPoint","urlTemplate":"https:\/\/shop.natur-konkret.ch\/it\/?s={search_term_string}"},"query-input":{"@type":"PropertyValueSpecification","valueRequired":true,"valueName":"search_term_string"}}],"inLanguage":"it-IT"},{"@type":"Organization","@id":"https:\/\/shop.natur-konkret.ch\/it\/#organization","name":"Natur Konkret","url":"https:\/\/shop.natur-konkret.ch\/it\/","logo":{"@type":"ImageObject","inLanguage":"it-IT","@id":"https:\/\/shop.natur-konkret.ch\/it\/#\/schema\/logo\/image\/","url":"","contentUrl":"","caption":"Natur Konkret"},"image":{"@id":"https:\/\/shop.natur-konkret.ch\/it\/#\/schema\/logo\/image\/"}}]}},"_links":{"self":[{"href":"https:\/\/shop.natur-konkret.ch\/it\/wp-json\/wp\/v2\/product\/289150","targetHints":{"allow":["GET"]}}],"collection":[{"href":"https:\/\/shop.natur-konkret.ch\/it\/wp-json\/wp\/v2\/product"}],"about":[{"href":"https:\/\/shop.natur-konkret.ch\/it\/wp-json\/wp\/v2\/types\/product"}],"wp:featuredmedia":[{"embeddable":true,"href":"https:\/\/shop.natur-konkret.ch\/it\/wp-json\/wp\/v2\/media\/289147"}],"wp:attachment":[{"href":"https:\/\/shop.natur-konkret.ch\/it\/wp-json\/wp\/v2\/media?parent=289150"}],"wp:term":[{"taxonomy":"product_brand","embeddable":true,"href":"https:\/\/shop.natur-konkret.ch\/it\/wp-json\/wp\/v2\/product_brand?post=289150"},{"taxonomy":"product_cat","embeddable":true,"href":"https:\/\/shop.natur-konkret.ch\/it\/wp-json\/wp\/v2\/product_cat?post=289150"},{"taxonomy":"product_tag","embeddable":true,"href":"https:\/\/shop.natur-konkret.ch\/it\/wp-json\/wp\/v2\/product_tag?post=289150"}],"curies":[{"name":"wp","href":"https:\/\/api.w.org\/{rel}","templated":true}]}}