{"id":36873,"date":"2025-05-05T14:15:04","date_gmt":"2025-05-05T12:15:04","guid":{"rendered":"https:\/\/natur-konkret.dev6\/produkt\/bio-kartoffel-gnocchi\/"},"modified":"2026-04-13T17:02:22","modified_gmt":"2026-04-13T15:02:22","slug":"bio-kartoffel-gnocchi","status":"publish","type":"product","link":"https:\/\/shop.natur-konkret.ch\/it\/prodotti\/bio-kartoffel-gnocchi\/","title":{"rendered":"Bio Kartoffel-Gnocchi"},"content":{"rendered":"<p>\n      <b>EINF\u00dcHRUNGSAKTION 10%<\/b>\n    <\/p>\n<p>\n      <b>Neuer Preis 0.90 CHF \/ 100g anstatt 1.00 CHF \/ 100g <\/b>\n    <\/p>\n<p>\n      Verkaufseinheit: 1x 300g\n    <\/p>\n<p>\n      <b>Bio Kartoffel-Gnocchi <\/b><br \/>Hausgemacht und Herzhaft, unsere<br \/>\n      Kartoffel-Gnocchi werden frisch zubereitet und bestehen aus besten,<br \/>\n      sorgf\u00e4ltig ausgew\u00e4hlten Kartoffeln. Jeder Biss ist ein St\u00fcck<br \/>\n      italienische Tradition. Ob in einer cremigen Sauce, mit frischem Pesto<br \/>\n      oder einfach nur mit etwas Oliven\u00f6l &#8211; ganz nach Ihrem Gusto.\n    <\/p>\n<p>\n      <b>Zubereitung <\/b><br \/>Tiefgefroren in kochendes und gesalzenes Wasser<br \/>\n      f\u00fcr circa 3 min.\n    <\/p>\n<p>\n      <b>Zutaten<\/b><br \/>Bio-Kartoffeln, Salz, Pfeffer, Eier, Weissmehl.\n    <\/p>\n<p>\n      <b>Herkunft<\/b><br \/>Unser eigener Betrieb \/ Kranichhof Ribbeckshorst\n    <\/p>\n","protected":false},"excerpt":{"rendered":"<p>EINF\u00dcHRUNGSAKTION 10% Neuer Preis 0.90 CHF \/ 100g anstatt 1.00 CHF \/ 100g Verkaufseinheit: 1x 300g Bio Kartoffel-Gnocchi Hausgemacht und Herzhaft, unsere Kartoffel-Gnocchi werden frisch zubereitet und bestehen aus besten, sorgf\u00e4ltig ausgew\u00e4hlten Kartoffeln. Jeder Biss ist ein St\u00fcck italienische Tradition. Ob in einer cremigen Sauce, mit frischem Pesto oder einfach nur mit etwas Oliven\u00f6l &#8211; [&hellip;]<\/p>\n","protected":false},"featured_media":285859,"template":"","meta":{"_acf_changed":false},"product_brand":[],"product_cat":[158,610],"product_tag":[],"class_list":{"0":"post-36873","1":"product","2":"type-product","3":"status-publish","4":"has-post-thumbnail","6":"product_cat-prodotti","7":"product_cat-scaldare-e-gustare-it","9":"first","10":"instock","11":"taxable","12":"shipping-taxable","13":"purchasable","14":"product-type-simple"},"acf":[],"yoast_head":"<!-- This site is optimized with the Yoast SEO plugin v27.4 - https:\/\/yoast.com\/product\/yoast-seo-wordpress\/ -->\n<title>Bio Kartoffel-Gnocchi - Natur Konkret - Onlineshop<\/title>\n<meta name=\"description\" content=\"Bio Kartoffel-Gnocchi - Con metodi di produzione naturali conciliamo la tutela dell&#039;ambiente, il benessere degli animali e la produzione di alimenti sani e di alta qualit\u00e0.\" \/>\n<meta name=\"robots\" content=\"index, follow, max-snippet:-1, max-image-preview:large, max-video-preview:-1\" \/>\n<link rel=\"canonical\" href=\"https:\/\/shop.natur-konkret.ch\/it\/prodotti\/bio-kartoffel-gnocchi\/\" \/>\n<meta property=\"og:locale\" content=\"it_IT\" \/>\n<meta property=\"og:type\" content=\"article\" \/>\n<meta property=\"og:title\" content=\"Bio Kartoffel-Gnocchi - Natur Konkret - Onlineshop\" \/>\n<meta property=\"og:description\" content=\"Bio Kartoffel-Gnocchi - Con metodi di produzione naturali conciliamo la tutela dell&#039;ambiente, il benessere degli animali e la produzione di alimenti sani e di alta qualit\u00e0.\" \/>\n<meta property=\"og:url\" content=\"https:\/\/shop.natur-konkret.ch\/it\/prodotti\/bio-kartoffel-gnocchi\/\" \/>\n<meta property=\"og:site_name\" content=\"Natur Konkret - Onlineshop\" \/>\n<meta property=\"article:modified_time\" content=\"2026-04-13T15:02:22+00:00\" \/>\n<meta property=\"og:image\" content=\"https:\/\/shop.natur-konkret.ch\/wp-content\/uploads\/3186_03.jpeg\" \/>\n\t<meta property=\"og:image:width\" content=\"950\" \/>\n\t<meta property=\"og:image:height\" content=\"950\" \/>\n\t<meta property=\"og:image:type\" content=\"image\/jpeg\" \/>\n<meta name=\"twitter:card\" content=\"summary_large_image\" \/>\n<script type=\"application\/ld+json\" class=\"yoast-schema-graph\">{\"@context\":\"https:\\\/\\\/schema.org\",\"@graph\":[{\"@type\":\"WebPage\",\"@id\":\"https:\\\/\\\/shop.natur-konkret.ch\\\/it\\\/prodotti\\\/bio-kartoffel-gnocchi\\\/\",\"url\":\"https:\\\/\\\/shop.natur-konkret.ch\\\/it\\\/prodotti\\\/bio-kartoffel-gnocchi\\\/\",\"name\":\"Bio Kartoffel-Gnocchi - Natur Konkret - Onlineshop\",\"isPartOf\":{\"@id\":\"https:\\\/\\\/shop.natur-konkret.ch\\\/it\\\/#website\"},\"primaryImageOfPage\":{\"@id\":\"https:\\\/\\\/shop.natur-konkret.ch\\\/it\\\/prodotti\\\/bio-kartoffel-gnocchi\\\/#primaryimage\"},\"image\":{\"@id\":\"https:\\\/\\\/shop.natur-konkret.ch\\\/it\\\/prodotti\\\/bio-kartoffel-gnocchi\\\/#primaryimage\"},\"thumbnailUrl\":\"https:\\\/\\\/shop.natur-konkret.ch\\\/wp-content\\\/uploads\\\/3186_03.jpeg\",\"datePublished\":\"2025-05-05T12:15:04+00:00\",\"dateModified\":\"2026-04-13T15:02:22+00:00\",\"description\":\"Bio Kartoffel-Gnocchi - Con metodi di produzione naturali conciliamo la tutela dell'ambiente, il benessere degli animali e la produzione di alimenti sani e di alta qualit\u00e0.\",\"breadcrumb\":{\"@id\":\"https:\\\/\\\/shop.natur-konkret.ch\\\/it\\\/prodotti\\\/bio-kartoffel-gnocchi\\\/#breadcrumb\"},\"inLanguage\":\"it-IT\",\"potentialAction\":[{\"@type\":\"ReadAction\",\"target\":[\"https:\\\/\\\/shop.natur-konkret.ch\\\/it\\\/prodotti\\\/bio-kartoffel-gnocchi\\\/\"]}]},{\"@type\":\"ImageObject\",\"inLanguage\":\"it-IT\",\"@id\":\"https:\\\/\\\/shop.natur-konkret.ch\\\/it\\\/prodotti\\\/bio-kartoffel-gnocchi\\\/#primaryimage\",\"url\":\"https:\\\/\\\/shop.natur-konkret.ch\\\/wp-content\\\/uploads\\\/3186_03.jpeg\",\"contentUrl\":\"https:\\\/\\\/shop.natur-konkret.ch\\\/wp-content\\\/uploads\\\/3186_03.jpeg\",\"width\":950,\"height\":950},{\"@type\":\"BreadcrumbList\",\"@id\":\"https:\\\/\\\/shop.natur-konkret.ch\\\/it\\\/prodotti\\\/bio-kartoffel-gnocchi\\\/#breadcrumb\",\"itemListElement\":[{\"@type\":\"ListItem\",\"position\":1,\"name\":\"Home\",\"item\":\"https:\\\/\\\/shop.natur-konkret.ch\\\/it\\\/\"},{\"@type\":\"ListItem\",\"position\":2,\"name\":\"Prodotti\",\"item\":\"https:\\\/\\\/shop.natur-konkret.ch\\\/it\\\/prodotti\\\/\"},{\"@type\":\"ListItem\",\"position\":3,\"name\":\"Bio Kartoffel-Gnocchi\"}]},{\"@type\":\"WebSite\",\"@id\":\"https:\\\/\\\/shop.natur-konkret.ch\\\/it\\\/#website\",\"url\":\"https:\\\/\\\/shop.natur-konkret.ch\\\/it\\\/\",\"name\":\"Natur Konkret\",\"description\":\"Wenn nur das Beste auf den Tisch soll\",\"publisher\":{\"@id\":\"https:\\\/\\\/shop.natur-konkret.ch\\\/it\\\/#organization\"},\"potentialAction\":[{\"@type\":\"SearchAction\",\"target\":{\"@type\":\"EntryPoint\",\"urlTemplate\":\"https:\\\/\\\/shop.natur-konkret.ch\\\/it\\\/?s={search_term_string}\"},\"query-input\":{\"@type\":\"PropertyValueSpecification\",\"valueRequired\":true,\"valueName\":\"search_term_string\"}}],\"inLanguage\":\"it-IT\"},{\"@type\":\"Organization\",\"@id\":\"https:\\\/\\\/shop.natur-konkret.ch\\\/it\\\/#organization\",\"name\":\"Natur Konkret\",\"url\":\"https:\\\/\\\/shop.natur-konkret.ch\\\/it\\\/\",\"logo\":{\"@type\":\"ImageObject\",\"inLanguage\":\"it-IT\",\"@id\":\"https:\\\/\\\/shop.natur-konkret.ch\\\/it\\\/#\\\/schema\\\/logo\\\/image\\\/\",\"url\":\"\",\"contentUrl\":\"\",\"caption\":\"Natur Konkret\"},\"image\":{\"@id\":\"https:\\\/\\\/shop.natur-konkret.ch\\\/it\\\/#\\\/schema\\\/logo\\\/image\\\/\"}}]}<\/script>\n<!-- \/ Yoast SEO plugin. -->","yoast_head_json":{"title":"Bio Kartoffel-Gnocchi - Natur Konkret - Onlineshop","description":"Bio Kartoffel-Gnocchi - Con metodi di produzione naturali conciliamo la tutela dell'ambiente, il benessere degli animali e la produzione di alimenti sani e di alta qualit\u00e0.","robots":{"index":"index","follow":"follow","max-snippet":"max-snippet:-1","max-image-preview":"max-image-preview:large","max-video-preview":"max-video-preview:-1"},"canonical":"https:\/\/shop.natur-konkret.ch\/it\/prodotti\/bio-kartoffel-gnocchi\/","og_locale":"it_IT","og_type":"article","og_title":"Bio Kartoffel-Gnocchi - Natur Konkret - Onlineshop","og_description":"Bio Kartoffel-Gnocchi - Con metodi di produzione naturali conciliamo la tutela dell'ambiente, il benessere degli animali e la produzione di alimenti sani e di alta qualit\u00e0.","og_url":"https:\/\/shop.natur-konkret.ch\/it\/prodotti\/bio-kartoffel-gnocchi\/","og_site_name":"Natur Konkret - Onlineshop","article_modified_time":"2026-04-13T15:02:22+00:00","og_image":[{"width":950,"height":950,"url":"https:\/\/shop.natur-konkret.ch\/wp-content\/uploads\/3186_03.jpeg","type":"image\/jpeg"}],"twitter_card":"summary_large_image","schema":{"@context":"https:\/\/schema.org","@graph":[{"@type":"WebPage","@id":"https:\/\/shop.natur-konkret.ch\/it\/prodotti\/bio-kartoffel-gnocchi\/","url":"https:\/\/shop.natur-konkret.ch\/it\/prodotti\/bio-kartoffel-gnocchi\/","name":"Bio Kartoffel-Gnocchi - Natur Konkret - Onlineshop","isPartOf":{"@id":"https:\/\/shop.natur-konkret.ch\/it\/#website"},"primaryImageOfPage":{"@id":"https:\/\/shop.natur-konkret.ch\/it\/prodotti\/bio-kartoffel-gnocchi\/#primaryimage"},"image":{"@id":"https:\/\/shop.natur-konkret.ch\/it\/prodotti\/bio-kartoffel-gnocchi\/#primaryimage"},"thumbnailUrl":"https:\/\/shop.natur-konkret.ch\/wp-content\/uploads\/3186_03.jpeg","datePublished":"2025-05-05T12:15:04+00:00","dateModified":"2026-04-13T15:02:22+00:00","description":"Bio Kartoffel-Gnocchi - Con metodi di produzione naturali conciliamo la tutela dell'ambiente, il benessere degli animali e la produzione di alimenti sani e di alta qualit\u00e0.","breadcrumb":{"@id":"https:\/\/shop.natur-konkret.ch\/it\/prodotti\/bio-kartoffel-gnocchi\/#breadcrumb"},"inLanguage":"it-IT","potentialAction":[{"@type":"ReadAction","target":["https:\/\/shop.natur-konkret.ch\/it\/prodotti\/bio-kartoffel-gnocchi\/"]}]},{"@type":"ImageObject","inLanguage":"it-IT","@id":"https:\/\/shop.natur-konkret.ch\/it\/prodotti\/bio-kartoffel-gnocchi\/#primaryimage","url":"https:\/\/shop.natur-konkret.ch\/wp-content\/uploads\/3186_03.jpeg","contentUrl":"https:\/\/shop.natur-konkret.ch\/wp-content\/uploads\/3186_03.jpeg","width":950,"height":950},{"@type":"BreadcrumbList","@id":"https:\/\/shop.natur-konkret.ch\/it\/prodotti\/bio-kartoffel-gnocchi\/#breadcrumb","itemListElement":[{"@type":"ListItem","position":1,"name":"Home","item":"https:\/\/shop.natur-konkret.ch\/it\/"},{"@type":"ListItem","position":2,"name":"Prodotti","item":"https:\/\/shop.natur-konkret.ch\/it\/prodotti\/"},{"@type":"ListItem","position":3,"name":"Bio Kartoffel-Gnocchi"}]},{"@type":"WebSite","@id":"https:\/\/shop.natur-konkret.ch\/it\/#website","url":"https:\/\/shop.natur-konkret.ch\/it\/","name":"Natur Konkret","description":"Wenn nur das Beste auf den Tisch soll","publisher":{"@id":"https:\/\/shop.natur-konkret.ch\/it\/#organization"},"potentialAction":[{"@type":"SearchAction","target":{"@type":"EntryPoint","urlTemplate":"https:\/\/shop.natur-konkret.ch\/it\/?s={search_term_string}"},"query-input":{"@type":"PropertyValueSpecification","valueRequired":true,"valueName":"search_term_string"}}],"inLanguage":"it-IT"},{"@type":"Organization","@id":"https:\/\/shop.natur-konkret.ch\/it\/#organization","name":"Natur Konkret","url":"https:\/\/shop.natur-konkret.ch\/it\/","logo":{"@type":"ImageObject","inLanguage":"it-IT","@id":"https:\/\/shop.natur-konkret.ch\/it\/#\/schema\/logo\/image\/","url":"","contentUrl":"","caption":"Natur Konkret"},"image":{"@id":"https:\/\/shop.natur-konkret.ch\/it\/#\/schema\/logo\/image\/"}}]}},"_links":{"self":[{"href":"https:\/\/shop.natur-konkret.ch\/it\/wp-json\/wp\/v2\/product\/36873","targetHints":{"allow":["GET"]}}],"collection":[{"href":"https:\/\/shop.natur-konkret.ch\/it\/wp-json\/wp\/v2\/product"}],"about":[{"href":"https:\/\/shop.natur-konkret.ch\/it\/wp-json\/wp\/v2\/types\/product"}],"wp:featuredmedia":[{"embeddable":true,"href":"https:\/\/shop.natur-konkret.ch\/it\/wp-json\/wp\/v2\/media\/285859"}],"wp:attachment":[{"href":"https:\/\/shop.natur-konkret.ch\/it\/wp-json\/wp\/v2\/media?parent=36873"}],"wp:term":[{"taxonomy":"product_brand","embeddable":true,"href":"https:\/\/shop.natur-konkret.ch\/it\/wp-json\/wp\/v2\/product_brand?post=36873"},{"taxonomy":"product_cat","embeddable":true,"href":"https:\/\/shop.natur-konkret.ch\/it\/wp-json\/wp\/v2\/product_cat?post=36873"},{"taxonomy":"product_tag","embeddable":true,"href":"https:\/\/shop.natur-konkret.ch\/it\/wp-json\/wp\/v2\/product_tag?post=36873"}],"curies":[{"name":"wp","href":"https:\/\/api.w.org\/{rel}","templated":true}]}}