{"id":37129,"date":"2025-05-05T14:24:46","date_gmt":"2025-05-05T12:24:46","guid":{"rendered":"https:\/\/natur-konkret.dev6\/produkt\/bio-truten-schnitzel-paniert\/"},"modified":"2026-04-13T17:02:33","modified_gmt":"2026-04-13T15:02:33","slug":"bio-truten-schnitzel-paniert","status":"publish","type":"product","link":"https:\/\/shop.natur-konkret.ch\/it\/prodotti\/bio-truten-schnitzel-paniert\/","title":{"rendered":"Bio Truten Schnitzel Paniert"},"content":{"rendered":"<p>\n      <b>SONDERAKTION 30 % RABATT<\/b>\n    <\/p>\n<p>\n      <b>Neuer Preis 5.46 CHF \/ 100g anstatt 7.80 CHF \/ 100g<\/b>\n    <\/p>\n<p>\n      Verkaufseinheit: 1 St\u00fcck\n    <\/p>\n<p>\n      <b>Bio Truten Schnitzel Paniert<\/b><br \/>F\u00fcr ein gelungenes Gericht,<br \/>\n      d\u00fcrfen die bereits fertig panierten Schnitzel vom Truthahn nicht fehlen.<br \/>\n      Selbstverst\u00e4ndlich mit Eiern aus Biohaltung. Zart und einzigartig im<br \/>\n      Geschmack.\n    <\/p>\n<p>\n      <b>Zubereitung<\/b><br \/>Schnitzel im K\u00fchlschrank auftauen lassen. Etwas <b><a href=\"https:\/\/shop.natur-konkret.ch\/de\/A~5797\/Schmalz-zum-Anbraten-%28in-Dose%29-300g-Schmalz-zum-Anbraten-%28in-Dose%29\" rel=\"nofollow\">Schmalz<\/a><\/b><br \/>\n      in die Pfanne geben und beidseitig je 2-4 Minuten goldbraun braten. Das<br \/>\n      Schnitzel mit einem Zitronenschnitz garnieren und auf einem Teller mit<br \/>\n      verschiedenen <b><a href=\"https:\/\/shop.natur-konkret.ch\/de\/1~177\/Gem%C3%BCse-Salate-Fr%C3%BCchte\" rel=\"nofollow\">Salaten<\/a><\/b><br \/>\n      servieren.\n    <\/p>\n<p>\n      <b>Zutaten<\/b><br \/>Fleisch vom Bio Truthahn, Paprika, Salz, Eier, Mehl,<br \/>\n      Paniermehl\n    <\/p>\n<p>\n      <b>Allergene<\/b><br \/>Glutenhaltiges Getreide, Eier\n    <\/p>\n<p>\n      <b>Herkunft<\/b><br \/>Bio-Betrieb Joe und Damaris Santo auf dem Thurgauer<br \/>\n      Seer\u00fccken<br \/>Hergestellt wird das parnierte Schnitzel von unserem<br \/>\n      Metzger Team in Masein.\n    <\/p>\n<p>\n      <b>ESBL (Antibiotika resistente Keime)<\/b><br \/>Wir lassen unser Gefl\u00fcgel<br \/>\n      regelm\u00e4ssig auf ESBL-Freiheit \u00fcberpr\u00fcfen, weitere Informationen finden<br \/>\n      Sie hier:<br \/><a href=\"https:\/\/www.natur-konkret.ch\/untersuchungsberichte\/\" rel=\"nofollow\">Untersuchungsberichte<br \/>\n      &#8211; Natur Konkret (natur-konkret.ch)<\/a>\n    <\/p>\n","protected":false},"excerpt":{"rendered":"<p>SONDERAKTION 30 % RABATT Neuer Preis 5.46 CHF \/ 100g anstatt 7.80 CHF \/ 100g Verkaufseinheit: 1 St\u00fcck Bio Truten Schnitzel PaniertF\u00fcr ein gelungenes Gericht, d\u00fcrfen die bereits fertig panierten Schnitzel vom Truthahn nicht fehlen. Selbstverst\u00e4ndlich mit Eiern aus Biohaltung. Zart und einzigartig im Geschmack. ZubereitungSchnitzel im K\u00fchlschrank auftauen lassen. Etwas Schmalz in die Pfanne [&hellip;]<\/p>\n","protected":false},"featured_media":285957,"template":"","meta":{"_acf_changed":false},"product_brand":[],"product_cat":[158,596,610],"product_tag":[],"class_list":{"0":"post-37129","1":"product","2":"type-product","3":"status-publish","4":"has-post-thumbnail","6":"product_cat-prodotti","7":"product_cat-pollame-it","8":"product_cat-scaldare-e-gustare-it","10":"first","11":"instock","12":"taxable","13":"shipping-taxable","14":"purchasable","15":"product-type-simple"},"acf":[],"yoast_head":"<!-- This site is optimized with the Yoast SEO plugin v27.4 - https:\/\/yoast.com\/product\/yoast-seo-wordpress\/ -->\n<title>Bio Truten Schnitzel Paniert - Natur Konkret - Onlineshop<\/title>\n<meta name=\"description\" content=\"Bio Truten Schnitzel Paniert - Con metodi di produzione naturali conciliamo la tutela dell&#039;ambiente, il benessere degli animali e la produzione di alimenti sani e di alta qualit\u00e0.\" \/>\n<meta name=\"robots\" content=\"index, follow, max-snippet:-1, max-image-preview:large, max-video-preview:-1\" \/>\n<link rel=\"canonical\" href=\"https:\/\/shop.natur-konkret.ch\/it\/prodotti\/bio-truten-schnitzel-paniert\/\" \/>\n<meta property=\"og:locale\" content=\"it_IT\" \/>\n<meta property=\"og:type\" content=\"article\" \/>\n<meta property=\"og:title\" content=\"Bio Truten Schnitzel Paniert - Natur Konkret - Onlineshop\" \/>\n<meta property=\"og:description\" content=\"Bio Truten Schnitzel Paniert - Con metodi di produzione naturali conciliamo la tutela dell&#039;ambiente, il benessere degli animali e la produzione di alimenti sani e di alta qualit\u00e0.\" \/>\n<meta property=\"og:url\" content=\"https:\/\/shop.natur-konkret.ch\/it\/prodotti\/bio-truten-schnitzel-paniert\/\" \/>\n<meta property=\"og:site_name\" content=\"Natur Konkret - Onlineshop\" \/>\n<meta property=\"article:modified_time\" content=\"2026-04-13T15:02:33+00:00\" \/>\n<meta property=\"og:image\" content=\"https:\/\/shop.natur-konkret.ch\/wp-content\/uploads\/4792_copy_02.jpeg\" \/>\n\t<meta property=\"og:image:width\" content=\"567\" \/>\n\t<meta property=\"og:image:height\" content=\"850\" \/>\n\t<meta property=\"og:image:type\" content=\"image\/jpeg\" \/>\n<meta name=\"twitter:card\" content=\"summary_large_image\" \/>\n<meta name=\"twitter:label1\" content=\"Est. reading time\" \/>\n\t<meta name=\"twitter:data1\" content=\"1 minute\" \/>\n<script type=\"application\/ld+json\" class=\"yoast-schema-graph\">{\"@context\":\"https:\\\/\\\/schema.org\",\"@graph\":[{\"@type\":\"WebPage\",\"@id\":\"https:\\\/\\\/shop.natur-konkret.ch\\\/it\\\/prodotti\\\/bio-truten-schnitzel-paniert\\\/\",\"url\":\"https:\\\/\\\/shop.natur-konkret.ch\\\/it\\\/prodotti\\\/bio-truten-schnitzel-paniert\\\/\",\"name\":\"Bio Truten Schnitzel Paniert - Natur Konkret - Onlineshop\",\"isPartOf\":{\"@id\":\"https:\\\/\\\/shop.natur-konkret.ch\\\/it\\\/#website\"},\"primaryImageOfPage\":{\"@id\":\"https:\\\/\\\/shop.natur-konkret.ch\\\/it\\\/prodotti\\\/bio-truten-schnitzel-paniert\\\/#primaryimage\"},\"image\":{\"@id\":\"https:\\\/\\\/shop.natur-konkret.ch\\\/it\\\/prodotti\\\/bio-truten-schnitzel-paniert\\\/#primaryimage\"},\"thumbnailUrl\":\"https:\\\/\\\/shop.natur-konkret.ch\\\/wp-content\\\/uploads\\\/4792_copy_02.jpeg\",\"datePublished\":\"2025-05-05T12:24:46+00:00\",\"dateModified\":\"2026-04-13T15:02:33+00:00\",\"description\":\"Bio Truten Schnitzel Paniert - Con metodi di produzione naturali conciliamo la tutela dell'ambiente, il benessere degli animali e la produzione di alimenti sani e di alta qualit\u00e0.\",\"breadcrumb\":{\"@id\":\"https:\\\/\\\/shop.natur-konkret.ch\\\/it\\\/prodotti\\\/bio-truten-schnitzel-paniert\\\/#breadcrumb\"},\"inLanguage\":\"it-IT\",\"potentialAction\":[{\"@type\":\"ReadAction\",\"target\":[\"https:\\\/\\\/shop.natur-konkret.ch\\\/it\\\/prodotti\\\/bio-truten-schnitzel-paniert\\\/\"]}]},{\"@type\":\"ImageObject\",\"inLanguage\":\"it-IT\",\"@id\":\"https:\\\/\\\/shop.natur-konkret.ch\\\/it\\\/prodotti\\\/bio-truten-schnitzel-paniert\\\/#primaryimage\",\"url\":\"https:\\\/\\\/shop.natur-konkret.ch\\\/wp-content\\\/uploads\\\/4792_copy_02.jpeg\",\"contentUrl\":\"https:\\\/\\\/shop.natur-konkret.ch\\\/wp-content\\\/uploads\\\/4792_copy_02.jpeg\",\"width\":567,\"height\":850},{\"@type\":\"BreadcrumbList\",\"@id\":\"https:\\\/\\\/shop.natur-konkret.ch\\\/it\\\/prodotti\\\/bio-truten-schnitzel-paniert\\\/#breadcrumb\",\"itemListElement\":[{\"@type\":\"ListItem\",\"position\":1,\"name\":\"Home\",\"item\":\"https:\\\/\\\/shop.natur-konkret.ch\\\/it\\\/\"},{\"@type\":\"ListItem\",\"position\":2,\"name\":\"Prodotti\",\"item\":\"https:\\\/\\\/shop.natur-konkret.ch\\\/it\\\/prodotti\\\/\"},{\"@type\":\"ListItem\",\"position\":3,\"name\":\"Bio Truten Schnitzel Paniert\"}]},{\"@type\":\"WebSite\",\"@id\":\"https:\\\/\\\/shop.natur-konkret.ch\\\/it\\\/#website\",\"url\":\"https:\\\/\\\/shop.natur-konkret.ch\\\/it\\\/\",\"name\":\"Natur Konkret\",\"description\":\"Wenn nur das Beste auf den Tisch soll\",\"publisher\":{\"@id\":\"https:\\\/\\\/shop.natur-konkret.ch\\\/it\\\/#organization\"},\"potentialAction\":[{\"@type\":\"SearchAction\",\"target\":{\"@type\":\"EntryPoint\",\"urlTemplate\":\"https:\\\/\\\/shop.natur-konkret.ch\\\/it\\\/?s={search_term_string}\"},\"query-input\":{\"@type\":\"PropertyValueSpecification\",\"valueRequired\":true,\"valueName\":\"search_term_string\"}}],\"inLanguage\":\"it-IT\"},{\"@type\":\"Organization\",\"@id\":\"https:\\\/\\\/shop.natur-konkret.ch\\\/it\\\/#organization\",\"name\":\"Natur Konkret\",\"url\":\"https:\\\/\\\/shop.natur-konkret.ch\\\/it\\\/\",\"logo\":{\"@type\":\"ImageObject\",\"inLanguage\":\"it-IT\",\"@id\":\"https:\\\/\\\/shop.natur-konkret.ch\\\/it\\\/#\\\/schema\\\/logo\\\/image\\\/\",\"url\":\"\",\"contentUrl\":\"\",\"caption\":\"Natur Konkret\"},\"image\":{\"@id\":\"https:\\\/\\\/shop.natur-konkret.ch\\\/it\\\/#\\\/schema\\\/logo\\\/image\\\/\"}}]}<\/script>\n<!-- \/ Yoast SEO plugin. -->","yoast_head_json":{"title":"Bio Truten Schnitzel Paniert - Natur Konkret - Onlineshop","description":"Bio Truten Schnitzel Paniert - Con metodi di produzione naturali conciliamo la tutela dell'ambiente, il benessere degli animali e la produzione di alimenti sani e di alta qualit\u00e0.","robots":{"index":"index","follow":"follow","max-snippet":"max-snippet:-1","max-image-preview":"max-image-preview:large","max-video-preview":"max-video-preview:-1"},"canonical":"https:\/\/shop.natur-konkret.ch\/it\/prodotti\/bio-truten-schnitzel-paniert\/","og_locale":"it_IT","og_type":"article","og_title":"Bio Truten Schnitzel Paniert - Natur Konkret - Onlineshop","og_description":"Bio Truten Schnitzel Paniert - Con metodi di produzione naturali conciliamo la tutela dell'ambiente, il benessere degli animali e la produzione di alimenti sani e di alta qualit\u00e0.","og_url":"https:\/\/shop.natur-konkret.ch\/it\/prodotti\/bio-truten-schnitzel-paniert\/","og_site_name":"Natur Konkret - Onlineshop","article_modified_time":"2026-04-13T15:02:33+00:00","og_image":[{"width":567,"height":850,"url":"https:\/\/shop.natur-konkret.ch\/wp-content\/uploads\/4792_copy_02.jpeg","type":"image\/jpeg"}],"twitter_card":"summary_large_image","twitter_misc":{"Est. reading time":"1 minute"},"schema":{"@context":"https:\/\/schema.org","@graph":[{"@type":"WebPage","@id":"https:\/\/shop.natur-konkret.ch\/it\/prodotti\/bio-truten-schnitzel-paniert\/","url":"https:\/\/shop.natur-konkret.ch\/it\/prodotti\/bio-truten-schnitzel-paniert\/","name":"Bio Truten Schnitzel Paniert - Natur Konkret - Onlineshop","isPartOf":{"@id":"https:\/\/shop.natur-konkret.ch\/it\/#website"},"primaryImageOfPage":{"@id":"https:\/\/shop.natur-konkret.ch\/it\/prodotti\/bio-truten-schnitzel-paniert\/#primaryimage"},"image":{"@id":"https:\/\/shop.natur-konkret.ch\/it\/prodotti\/bio-truten-schnitzel-paniert\/#primaryimage"},"thumbnailUrl":"https:\/\/shop.natur-konkret.ch\/wp-content\/uploads\/4792_copy_02.jpeg","datePublished":"2025-05-05T12:24:46+00:00","dateModified":"2026-04-13T15:02:33+00:00","description":"Bio Truten Schnitzel Paniert - Con metodi di produzione naturali conciliamo la tutela dell'ambiente, il benessere degli animali e la produzione di alimenti sani e di alta qualit\u00e0.","breadcrumb":{"@id":"https:\/\/shop.natur-konkret.ch\/it\/prodotti\/bio-truten-schnitzel-paniert\/#breadcrumb"},"inLanguage":"it-IT","potentialAction":[{"@type":"ReadAction","target":["https:\/\/shop.natur-konkret.ch\/it\/prodotti\/bio-truten-schnitzel-paniert\/"]}]},{"@type":"ImageObject","inLanguage":"it-IT","@id":"https:\/\/shop.natur-konkret.ch\/it\/prodotti\/bio-truten-schnitzel-paniert\/#primaryimage","url":"https:\/\/shop.natur-konkret.ch\/wp-content\/uploads\/4792_copy_02.jpeg","contentUrl":"https:\/\/shop.natur-konkret.ch\/wp-content\/uploads\/4792_copy_02.jpeg","width":567,"height":850},{"@type":"BreadcrumbList","@id":"https:\/\/shop.natur-konkret.ch\/it\/prodotti\/bio-truten-schnitzel-paniert\/#breadcrumb","itemListElement":[{"@type":"ListItem","position":1,"name":"Home","item":"https:\/\/shop.natur-konkret.ch\/it\/"},{"@type":"ListItem","position":2,"name":"Prodotti","item":"https:\/\/shop.natur-konkret.ch\/it\/prodotti\/"},{"@type":"ListItem","position":3,"name":"Bio Truten Schnitzel Paniert"}]},{"@type":"WebSite","@id":"https:\/\/shop.natur-konkret.ch\/it\/#website","url":"https:\/\/shop.natur-konkret.ch\/it\/","name":"Natur Konkret","description":"Wenn nur das Beste auf den Tisch soll","publisher":{"@id":"https:\/\/shop.natur-konkret.ch\/it\/#organization"},"potentialAction":[{"@type":"SearchAction","target":{"@type":"EntryPoint","urlTemplate":"https:\/\/shop.natur-konkret.ch\/it\/?s={search_term_string}"},"query-input":{"@type":"PropertyValueSpecification","valueRequired":true,"valueName":"search_term_string"}}],"inLanguage":"it-IT"},{"@type":"Organization","@id":"https:\/\/shop.natur-konkret.ch\/it\/#organization","name":"Natur Konkret","url":"https:\/\/shop.natur-konkret.ch\/it\/","logo":{"@type":"ImageObject","inLanguage":"it-IT","@id":"https:\/\/shop.natur-konkret.ch\/it\/#\/schema\/logo\/image\/","url":"","contentUrl":"","caption":"Natur Konkret"},"image":{"@id":"https:\/\/shop.natur-konkret.ch\/it\/#\/schema\/logo\/image\/"}}]}},"_links":{"self":[{"href":"https:\/\/shop.natur-konkret.ch\/it\/wp-json\/wp\/v2\/product\/37129","targetHints":{"allow":["GET"]}}],"collection":[{"href":"https:\/\/shop.natur-konkret.ch\/it\/wp-json\/wp\/v2\/product"}],"about":[{"href":"https:\/\/shop.natur-konkret.ch\/it\/wp-json\/wp\/v2\/types\/product"}],"wp:featuredmedia":[{"embeddable":true,"href":"https:\/\/shop.natur-konkret.ch\/it\/wp-json\/wp\/v2\/media\/285957"}],"wp:attachment":[{"href":"https:\/\/shop.natur-konkret.ch\/it\/wp-json\/wp\/v2\/media?parent=37129"}],"wp:term":[{"taxonomy":"product_brand","embeddable":true,"href":"https:\/\/shop.natur-konkret.ch\/it\/wp-json\/wp\/v2\/product_brand?post=37129"},{"taxonomy":"product_cat","embeddable":true,"href":"https:\/\/shop.natur-konkret.ch\/it\/wp-json\/wp\/v2\/product_cat?post=37129"},{"taxonomy":"product_tag","embeddable":true,"href":"https:\/\/shop.natur-konkret.ch\/it\/wp-json\/wp\/v2\/product_tag?post=37129"}],"curies":[{"name":"wp","href":"https:\/\/api.w.org\/{rel}","templated":true}]}}