{"id":37255,"date":"2025-05-05T14:29:22","date_gmt":"2025-05-05T12:29:22","guid":{"rendered":"https:\/\/natur-konkret.dev6\/produkt\/wasserbuffel-schulterbraten-4\/"},"modified":"2026-04-13T17:02:44","modified_gmt":"2026-04-13T15:02:44","slug":"wasserbuffel-schulterbraten-4","status":"publish","type":"product","link":"https:\/\/shop.natur-konkret.ch\/it\/prodotti\/wasserbuffel-schulterbraten-4\/","title":{"rendered":"Wasserb\u00fcffel-Schulterbraten"},"content":{"rendered":"<p>\n      <b>Bio Wasserb\u00fcffel-Schulterbraten<\/b><br \/>Der Schulterbraten vom<br \/>\n      Wasserb\u00fcffel ist mit Sicherheit eine Besonderheit zu jedem Festmahl.<br \/>\n      Unsere Wasserb\u00fcffel geniessen es, das ganze Jahr im Freien zu sein und<br \/>\n      sich ausgewogen aus der Natur zu ern\u00e4hren. Diese stressfreie und<br \/>\n      naturnahe Haltung widerspiegelt sich im ausgesprochen aromatischen und<br \/>\n      zarten Fleisch des Tiers.\n    <\/p>\n<p>    \u00a0<\/p>\n<p>\n      <b>Zutaten<\/b><br \/>Fleisch vom Bio Wasserb\u00fcffel\n    <\/p>\n<p>\n      <b>Allergene <\/b><br \/>Keine\n    <\/p>\n<p>\n      <b>Herkunft<\/b><br \/>Das Fleisch vom Bio Wasserb\u00fcffel stammt aus unserem<br \/>\n      Teichland Linum in Brandenburg (DE). Dort werden die Tiere zur<br \/>\n      naturnahen Pflege und Offenhaltung unserer Fischteiche eingesetzt.\n    <\/p>\n","protected":false},"excerpt":{"rendered":"<p>Bio Wasserb\u00fcffel-SchulterbratenDer Schulterbraten vom Wasserb\u00fcffel ist mit Sicherheit eine Besonderheit zu jedem Festmahl. Unsere Wasserb\u00fcffel geniessen es, das ganze Jahr im Freien zu sein und sich ausgewogen aus der Natur zu ern\u00e4hren. Diese stressfreie und naturnahe Haltung widerspiegelt sich im ausgesprochen aromatischen und zarten Fleisch des Tiers. \u00a0 ZutatenFleisch vom Bio Wasserb\u00fcffel Allergene Keine HerkunftDas [&hellip;]<\/p>\n","protected":false},"featured_media":286001,"template":"","meta":{"_acf_changed":false},"product_brand":[],"product_cat":[158,602],"product_tag":[],"class_list":{"0":"post-37255","1":"product","2":"type-product","3":"status-publish","4":"has-post-thumbnail","6":"product_cat-prodotti","7":"product_cat-bufalo-dacqua-it","9":"first","10":"instock","11":"taxable","12":"shipping-taxable","13":"product-type-grouped"},"acf":[],"yoast_head":"<!-- This site is optimized with the Yoast SEO plugin v27.4 - https:\/\/yoast.com\/product\/yoast-seo-wordpress\/ -->\n<title>Wasserb\u00fcffel-Schulterbraten - Natur Konkret - Onlineshop<\/title>\n<meta name=\"description\" content=\"Wasserb\u00fcffel-Schulterbraten - Con metodi di produzione naturali conciliamo la tutela dell&#039;ambiente, il benessere degli animali e la produzione di alimenti sani e di alta qualit\u00e0.\" \/>\n<meta name=\"robots\" content=\"index, follow, max-snippet:-1, max-image-preview:large, max-video-preview:-1\" \/>\n<link rel=\"canonical\" href=\"https:\/\/shop.natur-konkret.ch\/it\/prodotti\/wasserbuffel-schulterbraten-4\/\" \/>\n<meta property=\"og:locale\" content=\"it_IT\" \/>\n<meta property=\"og:type\" content=\"article\" \/>\n<meta property=\"og:title\" content=\"Wasserb\u00fcffel-Schulterbraten - Natur Konkret - Onlineshop\" \/>\n<meta property=\"og:description\" content=\"Wasserb\u00fcffel-Schulterbraten - Con metodi di produzione naturali conciliamo la tutela dell&#039;ambiente, il benessere degli animali e la produzione di alimenti sani e di alta qualit\u00e0.\" \/>\n<meta property=\"og:url\" content=\"https:\/\/shop.natur-konkret.ch\/it\/prodotti\/wasserbuffel-schulterbraten-4\/\" \/>\n<meta property=\"og:site_name\" content=\"Natur Konkret - Onlineshop\" \/>\n<meta property=\"article:modified_time\" content=\"2026-04-13T15:02:44+00:00\" \/>\n<meta property=\"og:image\" content=\"https:\/\/shop.natur-konkret.ch\/wp-content\/uploads\/wasserb\u00fcffel-schulterbraten_02.jpeg\" \/>\n\t<meta property=\"og:image:width\" content=\"950\" \/>\n\t<meta property=\"og:image:height\" content=\"950\" \/>\n\t<meta property=\"og:image:type\" content=\"image\/jpeg\" \/>\n<meta name=\"twitter:card\" content=\"summary_large_image\" \/>\n<script type=\"application\/ld+json\" class=\"yoast-schema-graph\">{\"@context\":\"https:\\\/\\\/schema.org\",\"@graph\":[{\"@type\":\"WebPage\",\"@id\":\"https:\\\/\\\/shop.natur-konkret.ch\\\/it\\\/prodotti\\\/wasserbuffel-schulterbraten-4\\\/\",\"url\":\"https:\\\/\\\/shop.natur-konkret.ch\\\/it\\\/prodotti\\\/wasserbuffel-schulterbraten-4\\\/\",\"name\":\"Wasserb\u00fcffel-Schulterbraten - Natur Konkret - Onlineshop\",\"isPartOf\":{\"@id\":\"https:\\\/\\\/shop.natur-konkret.ch\\\/it\\\/#website\"},\"primaryImageOfPage\":{\"@id\":\"https:\\\/\\\/shop.natur-konkret.ch\\\/it\\\/prodotti\\\/wasserbuffel-schulterbraten-4\\\/#primaryimage\"},\"image\":{\"@id\":\"https:\\\/\\\/shop.natur-konkret.ch\\\/it\\\/prodotti\\\/wasserbuffel-schulterbraten-4\\\/#primaryimage\"},\"thumbnailUrl\":\"https:\\\/\\\/shop.natur-konkret.ch\\\/wp-content\\\/uploads\\\/wasserb\u00fcffel-schulterbraten_02.jpeg\",\"datePublished\":\"2025-05-05T12:29:22+00:00\",\"dateModified\":\"2026-04-13T15:02:44+00:00\",\"description\":\"Wasserb\u00fcffel-Schulterbraten - Con metodi di produzione naturali conciliamo la tutela dell'ambiente, il benessere degli animali e la produzione di alimenti sani e di alta qualit\u00e0.\",\"breadcrumb\":{\"@id\":\"https:\\\/\\\/shop.natur-konkret.ch\\\/it\\\/prodotti\\\/wasserbuffel-schulterbraten-4\\\/#breadcrumb\"},\"inLanguage\":\"it-IT\",\"potentialAction\":[{\"@type\":\"ReadAction\",\"target\":[\"https:\\\/\\\/shop.natur-konkret.ch\\\/it\\\/prodotti\\\/wasserbuffel-schulterbraten-4\\\/\"]}]},{\"@type\":\"ImageObject\",\"inLanguage\":\"it-IT\",\"@id\":\"https:\\\/\\\/shop.natur-konkret.ch\\\/it\\\/prodotti\\\/wasserbuffel-schulterbraten-4\\\/#primaryimage\",\"url\":\"https:\\\/\\\/shop.natur-konkret.ch\\\/wp-content\\\/uploads\\\/wasserb\u00fcffel-schulterbraten_02.jpeg\",\"contentUrl\":\"https:\\\/\\\/shop.natur-konkret.ch\\\/wp-content\\\/uploads\\\/wasserb\u00fcffel-schulterbraten_02.jpeg\",\"width\":950,\"height\":950},{\"@type\":\"BreadcrumbList\",\"@id\":\"https:\\\/\\\/shop.natur-konkret.ch\\\/it\\\/prodotti\\\/wasserbuffel-schulterbraten-4\\\/#breadcrumb\",\"itemListElement\":[{\"@type\":\"ListItem\",\"position\":1,\"name\":\"Home\",\"item\":\"https:\\\/\\\/shop.natur-konkret.ch\\\/it\\\/\"},{\"@type\":\"ListItem\",\"position\":2,\"name\":\"Prodotti\",\"item\":\"https:\\\/\\\/shop.natur-konkret.ch\\\/it\\\/prodotti\\\/\"},{\"@type\":\"ListItem\",\"position\":3,\"name\":\"Wasserb\u00fcffel-Schulterbraten\"}]},{\"@type\":\"WebSite\",\"@id\":\"https:\\\/\\\/shop.natur-konkret.ch\\\/it\\\/#website\",\"url\":\"https:\\\/\\\/shop.natur-konkret.ch\\\/it\\\/\",\"name\":\"Natur Konkret\",\"description\":\"Wenn nur das Beste auf den Tisch soll\",\"publisher\":{\"@id\":\"https:\\\/\\\/shop.natur-konkret.ch\\\/it\\\/#organization\"},\"potentialAction\":[{\"@type\":\"SearchAction\",\"target\":{\"@type\":\"EntryPoint\",\"urlTemplate\":\"https:\\\/\\\/shop.natur-konkret.ch\\\/it\\\/?s={search_term_string}\"},\"query-input\":{\"@type\":\"PropertyValueSpecification\",\"valueRequired\":true,\"valueName\":\"search_term_string\"}}],\"inLanguage\":\"it-IT\"},{\"@type\":\"Organization\",\"@id\":\"https:\\\/\\\/shop.natur-konkret.ch\\\/it\\\/#organization\",\"name\":\"Natur Konkret\",\"url\":\"https:\\\/\\\/shop.natur-konkret.ch\\\/it\\\/\",\"logo\":{\"@type\":\"ImageObject\",\"inLanguage\":\"it-IT\",\"@id\":\"https:\\\/\\\/shop.natur-konkret.ch\\\/it\\\/#\\\/schema\\\/logo\\\/image\\\/\",\"url\":\"\",\"contentUrl\":\"\",\"caption\":\"Natur Konkret\"},\"image\":{\"@id\":\"https:\\\/\\\/shop.natur-konkret.ch\\\/it\\\/#\\\/schema\\\/logo\\\/image\\\/\"}}]}<\/script>\n<!-- \/ Yoast SEO plugin. -->","yoast_head_json":{"title":"Wasserb\u00fcffel-Schulterbraten - Natur Konkret - Onlineshop","description":"Wasserb\u00fcffel-Schulterbraten - Con metodi di produzione naturali conciliamo la tutela dell'ambiente, il benessere degli animali e la produzione di alimenti sani e di alta qualit\u00e0.","robots":{"index":"index","follow":"follow","max-snippet":"max-snippet:-1","max-image-preview":"max-image-preview:large","max-video-preview":"max-video-preview:-1"},"canonical":"https:\/\/shop.natur-konkret.ch\/it\/prodotti\/wasserbuffel-schulterbraten-4\/","og_locale":"it_IT","og_type":"article","og_title":"Wasserb\u00fcffel-Schulterbraten - Natur Konkret - Onlineshop","og_description":"Wasserb\u00fcffel-Schulterbraten - Con metodi di produzione naturali conciliamo la tutela dell'ambiente, il benessere degli animali e la produzione di alimenti sani e di alta qualit\u00e0.","og_url":"https:\/\/shop.natur-konkret.ch\/it\/prodotti\/wasserbuffel-schulterbraten-4\/","og_site_name":"Natur Konkret - Onlineshop","article_modified_time":"2026-04-13T15:02:44+00:00","og_image":[{"width":950,"height":950,"url":"https:\/\/shop.natur-konkret.ch\/wp-content\/uploads\/wasserb\u00fcffel-schulterbraten_02.jpeg","type":"image\/jpeg"}],"twitter_card":"summary_large_image","schema":{"@context":"https:\/\/schema.org","@graph":[{"@type":"WebPage","@id":"https:\/\/shop.natur-konkret.ch\/it\/prodotti\/wasserbuffel-schulterbraten-4\/","url":"https:\/\/shop.natur-konkret.ch\/it\/prodotti\/wasserbuffel-schulterbraten-4\/","name":"Wasserb\u00fcffel-Schulterbraten - Natur Konkret - Onlineshop","isPartOf":{"@id":"https:\/\/shop.natur-konkret.ch\/it\/#website"},"primaryImageOfPage":{"@id":"https:\/\/shop.natur-konkret.ch\/it\/prodotti\/wasserbuffel-schulterbraten-4\/#primaryimage"},"image":{"@id":"https:\/\/shop.natur-konkret.ch\/it\/prodotti\/wasserbuffel-schulterbraten-4\/#primaryimage"},"thumbnailUrl":"https:\/\/shop.natur-konkret.ch\/wp-content\/uploads\/wasserb\u00fcffel-schulterbraten_02.jpeg","datePublished":"2025-05-05T12:29:22+00:00","dateModified":"2026-04-13T15:02:44+00:00","description":"Wasserb\u00fcffel-Schulterbraten - Con metodi di produzione naturali conciliamo la tutela dell'ambiente, il benessere degli animali e la produzione di alimenti sani e di alta qualit\u00e0.","breadcrumb":{"@id":"https:\/\/shop.natur-konkret.ch\/it\/prodotti\/wasserbuffel-schulterbraten-4\/#breadcrumb"},"inLanguage":"it-IT","potentialAction":[{"@type":"ReadAction","target":["https:\/\/shop.natur-konkret.ch\/it\/prodotti\/wasserbuffel-schulterbraten-4\/"]}]},{"@type":"ImageObject","inLanguage":"it-IT","@id":"https:\/\/shop.natur-konkret.ch\/it\/prodotti\/wasserbuffel-schulterbraten-4\/#primaryimage","url":"https:\/\/shop.natur-konkret.ch\/wp-content\/uploads\/wasserb\u00fcffel-schulterbraten_02.jpeg","contentUrl":"https:\/\/shop.natur-konkret.ch\/wp-content\/uploads\/wasserb\u00fcffel-schulterbraten_02.jpeg","width":950,"height":950},{"@type":"BreadcrumbList","@id":"https:\/\/shop.natur-konkret.ch\/it\/prodotti\/wasserbuffel-schulterbraten-4\/#breadcrumb","itemListElement":[{"@type":"ListItem","position":1,"name":"Home","item":"https:\/\/shop.natur-konkret.ch\/it\/"},{"@type":"ListItem","position":2,"name":"Prodotti","item":"https:\/\/shop.natur-konkret.ch\/it\/prodotti\/"},{"@type":"ListItem","position":3,"name":"Wasserb\u00fcffel-Schulterbraten"}]},{"@type":"WebSite","@id":"https:\/\/shop.natur-konkret.ch\/it\/#website","url":"https:\/\/shop.natur-konkret.ch\/it\/","name":"Natur Konkret","description":"Wenn nur das Beste auf den Tisch soll","publisher":{"@id":"https:\/\/shop.natur-konkret.ch\/it\/#organization"},"potentialAction":[{"@type":"SearchAction","target":{"@type":"EntryPoint","urlTemplate":"https:\/\/shop.natur-konkret.ch\/it\/?s={search_term_string}"},"query-input":{"@type":"PropertyValueSpecification","valueRequired":true,"valueName":"search_term_string"}}],"inLanguage":"it-IT"},{"@type":"Organization","@id":"https:\/\/shop.natur-konkret.ch\/it\/#organization","name":"Natur Konkret","url":"https:\/\/shop.natur-konkret.ch\/it\/","logo":{"@type":"ImageObject","inLanguage":"it-IT","@id":"https:\/\/shop.natur-konkret.ch\/it\/#\/schema\/logo\/image\/","url":"","contentUrl":"","caption":"Natur Konkret"},"image":{"@id":"https:\/\/shop.natur-konkret.ch\/it\/#\/schema\/logo\/image\/"}}]}},"_links":{"self":[{"href":"https:\/\/shop.natur-konkret.ch\/it\/wp-json\/wp\/v2\/product\/37255","targetHints":{"allow":["GET"]}}],"collection":[{"href":"https:\/\/shop.natur-konkret.ch\/it\/wp-json\/wp\/v2\/product"}],"about":[{"href":"https:\/\/shop.natur-konkret.ch\/it\/wp-json\/wp\/v2\/types\/product"}],"wp:featuredmedia":[{"embeddable":true,"href":"https:\/\/shop.natur-konkret.ch\/it\/wp-json\/wp\/v2\/media\/286001"}],"wp:attachment":[{"href":"https:\/\/shop.natur-konkret.ch\/it\/wp-json\/wp\/v2\/media?parent=37255"}],"wp:term":[{"taxonomy":"product_brand","embeddable":true,"href":"https:\/\/shop.natur-konkret.ch\/it\/wp-json\/wp\/v2\/product_brand?post=37255"},{"taxonomy":"product_cat","embeddable":true,"href":"https:\/\/shop.natur-konkret.ch\/it\/wp-json\/wp\/v2\/product_cat?post=37255"},{"taxonomy":"product_tag","embeddable":true,"href":"https:\/\/shop.natur-konkret.ch\/it\/wp-json\/wp\/v2\/product_tag?post=37255"}],"curies":[{"name":"wp","href":"https:\/\/api.w.org\/{rel}","templated":true}]}}