{"id":37261,"date":"2025-05-05T14:29:37","date_gmt":"2025-05-05T12:29:37","guid":{"rendered":"https:\/\/natur-konkret.dev6\/produkt\/wasserbuffel-schulterspitz\/"},"modified":"2026-04-13T17:02:45","modified_gmt":"2026-04-13T15:02:45","slug":"wasserbuffel-schulterspitz","status":"publish","type":"product","link":"https:\/\/shop.natur-konkret.ch\/it\/prodotti\/wasserbuffel-schulterspitz\/","title":{"rendered":"Wasserb\u00fcffel-Schulterspitz"},"content":{"rendered":"<p>\n      <b>Bio Wasserb\u00fcffel-Schulterspitz<\/b><br \/>Der Schulterspitz \u2013 ein<br \/>\n      echter Allrounder in der Schmork\u00fcche. Ob als Sauerbraten, Geschnetzeltes<br \/>\n      oder in W\u00fcrfel geschnitten als Ragout oder Gulasch, der Schulterspitz<br \/>\n      l\u00e4sst viel Raum f\u00fcr Kreativit\u00e4t und eigen Variationen. Das St\u00fcck stammt<br \/>\n      aus dem Vorderviertel vom Wasserb\u00fcffel. Saftig, zart und \u00e4usserst<br \/>\n      aromatisch sind die Eigenschaften dieses vorz\u00fcglichen Fleischst\u00fcckes.\n    <\/p>\n<p>    \u00a0<\/p>\n<p>\n      <b>Zutaten <\/b>\n    <\/p>\n<p>\n      Fleisch vom Bio Wasserb\u00fcffel\n    <\/p>\n<p>\n      <b>Allergene<\/b><br \/>Keine\n    <\/p>\n<p>\n      <b>Herkunft<\/b><br \/>Das Fleisch vom Bio Wasserb\u00fcffel stammt aus unserem<br \/>\n      Teichland Linum in Brandenburg (DE). Dort werden die Tiere zur<br \/>\n      naturnahen Pflege und Offenhaltung unserer Fischteiche eingesetzt.\n    <\/p>\n","protected":false},"excerpt":{"rendered":"<p>Bio Wasserb\u00fcffel-SchulterspitzDer Schulterspitz \u2013 ein echter Allrounder in der Schmork\u00fcche. Ob als Sauerbraten, Geschnetzeltes oder in W\u00fcrfel geschnitten als Ragout oder Gulasch, der Schulterspitz l\u00e4sst viel Raum f\u00fcr Kreativit\u00e4t und eigen Variationen. Das St\u00fcck stammt aus dem Vorderviertel vom Wasserb\u00fcffel. Saftig, zart und \u00e4usserst aromatisch sind die Eigenschaften dieses vorz\u00fcglichen Fleischst\u00fcckes. \u00a0 Zutaten Fleisch vom [&hellip;]<\/p>\n","protected":false},"featured_media":286003,"template":"","meta":{"_acf_changed":false},"product_brand":[],"product_cat":[158,602],"product_tag":[],"class_list":{"0":"post-37261","1":"product","2":"type-product","3":"status-publish","4":"has-post-thumbnail","6":"product_cat-prodotti","7":"product_cat-bufalo-dacqua-it","9":"first","10":"instock","11":"taxable","12":"shipping-taxable","13":"purchasable","14":"product-type-simple"},"acf":[],"yoast_head":"<!-- This site is optimized with the Yoast SEO plugin v27.4 - https:\/\/yoast.com\/product\/yoast-seo-wordpress\/ -->\n<title>Wasserb\u00fcffel-Schulterspitz - Natur Konkret - Onlineshop<\/title>\n<meta name=\"description\" content=\"Wasserb\u00fcffel-Schulterspitz - Con metodi di produzione naturali conciliamo la tutela dell&#039;ambiente, il benessere degli animali e la produzione di alimenti sani e di alta qualit\u00e0.\" \/>\n<meta name=\"robots\" content=\"index, follow, max-snippet:-1, max-image-preview:large, max-video-preview:-1\" \/>\n<link rel=\"canonical\" href=\"https:\/\/shop.natur-konkret.ch\/it\/prodotti\/wasserbuffel-schulterspitz\/\" \/>\n<meta property=\"og:locale\" content=\"it_IT\" \/>\n<meta property=\"og:type\" content=\"article\" \/>\n<meta property=\"og:title\" content=\"Wasserb\u00fcffel-Schulterspitz - Natur Konkret - Onlineshop\" \/>\n<meta property=\"og:description\" content=\"Wasserb\u00fcffel-Schulterspitz - Con metodi di produzione naturali conciliamo la tutela dell&#039;ambiente, il benessere degli animali e la produzione di alimenti sani e di alta qualit\u00e0.\" \/>\n<meta property=\"og:url\" content=\"https:\/\/shop.natur-konkret.ch\/it\/prodotti\/wasserbuffel-schulterspitz\/\" \/>\n<meta property=\"og:site_name\" content=\"Natur Konkret - Onlineshop\" \/>\n<meta property=\"article:modified_time\" content=\"2026-04-13T15:02:45+00:00\" \/>\n<meta property=\"og:image\" content=\"https:\/\/shop.natur-konkret.ch\/wp-content\/uploads\/15147_02.jpeg\" \/>\n\t<meta property=\"og:image:width\" content=\"950\" \/>\n\t<meta property=\"og:image:height\" content=\"950\" \/>\n\t<meta property=\"og:image:type\" content=\"image\/jpeg\" \/>\n<meta name=\"twitter:card\" content=\"summary_large_image\" \/>\n<script type=\"application\/ld+json\" class=\"yoast-schema-graph\">{\"@context\":\"https:\\\/\\\/schema.org\",\"@graph\":[{\"@type\":\"WebPage\",\"@id\":\"https:\\\/\\\/shop.natur-konkret.ch\\\/it\\\/prodotti\\\/wasserbuffel-schulterspitz\\\/\",\"url\":\"https:\\\/\\\/shop.natur-konkret.ch\\\/it\\\/prodotti\\\/wasserbuffel-schulterspitz\\\/\",\"name\":\"Wasserb\u00fcffel-Schulterspitz - Natur Konkret - Onlineshop\",\"isPartOf\":{\"@id\":\"https:\\\/\\\/shop.natur-konkret.ch\\\/it\\\/#website\"},\"primaryImageOfPage\":{\"@id\":\"https:\\\/\\\/shop.natur-konkret.ch\\\/it\\\/prodotti\\\/wasserbuffel-schulterspitz\\\/#primaryimage\"},\"image\":{\"@id\":\"https:\\\/\\\/shop.natur-konkret.ch\\\/it\\\/prodotti\\\/wasserbuffel-schulterspitz\\\/#primaryimage\"},\"thumbnailUrl\":\"https:\\\/\\\/shop.natur-konkret.ch\\\/wp-content\\\/uploads\\\/15147_02.jpeg\",\"datePublished\":\"2025-05-05T12:29:37+00:00\",\"dateModified\":\"2026-04-13T15:02:45+00:00\",\"description\":\"Wasserb\u00fcffel-Schulterspitz - Con metodi di produzione naturali conciliamo la tutela dell'ambiente, il benessere degli animali e la produzione di alimenti sani e di alta qualit\u00e0.\",\"breadcrumb\":{\"@id\":\"https:\\\/\\\/shop.natur-konkret.ch\\\/it\\\/prodotti\\\/wasserbuffel-schulterspitz\\\/#breadcrumb\"},\"inLanguage\":\"it-IT\",\"potentialAction\":[{\"@type\":\"ReadAction\",\"target\":[\"https:\\\/\\\/shop.natur-konkret.ch\\\/it\\\/prodotti\\\/wasserbuffel-schulterspitz\\\/\"]}]},{\"@type\":\"ImageObject\",\"inLanguage\":\"it-IT\",\"@id\":\"https:\\\/\\\/shop.natur-konkret.ch\\\/it\\\/prodotti\\\/wasserbuffel-schulterspitz\\\/#primaryimage\",\"url\":\"https:\\\/\\\/shop.natur-konkret.ch\\\/wp-content\\\/uploads\\\/15147_02.jpeg\",\"contentUrl\":\"https:\\\/\\\/shop.natur-konkret.ch\\\/wp-content\\\/uploads\\\/15147_02.jpeg\",\"width\":950,\"height\":950},{\"@type\":\"BreadcrumbList\",\"@id\":\"https:\\\/\\\/shop.natur-konkret.ch\\\/it\\\/prodotti\\\/wasserbuffel-schulterspitz\\\/#breadcrumb\",\"itemListElement\":[{\"@type\":\"ListItem\",\"position\":1,\"name\":\"Home\",\"item\":\"https:\\\/\\\/shop.natur-konkret.ch\\\/it\\\/\"},{\"@type\":\"ListItem\",\"position\":2,\"name\":\"Prodotti\",\"item\":\"https:\\\/\\\/shop.natur-konkret.ch\\\/it\\\/prodotti\\\/\"},{\"@type\":\"ListItem\",\"position\":3,\"name\":\"Wasserb\u00fcffel-Schulterspitz\"}]},{\"@type\":\"WebSite\",\"@id\":\"https:\\\/\\\/shop.natur-konkret.ch\\\/it\\\/#website\",\"url\":\"https:\\\/\\\/shop.natur-konkret.ch\\\/it\\\/\",\"name\":\"Natur Konkret\",\"description\":\"Wenn nur das Beste auf den Tisch soll\",\"publisher\":{\"@id\":\"https:\\\/\\\/shop.natur-konkret.ch\\\/it\\\/#organization\"},\"potentialAction\":[{\"@type\":\"SearchAction\",\"target\":{\"@type\":\"EntryPoint\",\"urlTemplate\":\"https:\\\/\\\/shop.natur-konkret.ch\\\/it\\\/?s={search_term_string}\"},\"query-input\":{\"@type\":\"PropertyValueSpecification\",\"valueRequired\":true,\"valueName\":\"search_term_string\"}}],\"inLanguage\":\"it-IT\"},{\"@type\":\"Organization\",\"@id\":\"https:\\\/\\\/shop.natur-konkret.ch\\\/it\\\/#organization\",\"name\":\"Natur Konkret\",\"url\":\"https:\\\/\\\/shop.natur-konkret.ch\\\/it\\\/\",\"logo\":{\"@type\":\"ImageObject\",\"inLanguage\":\"it-IT\",\"@id\":\"https:\\\/\\\/shop.natur-konkret.ch\\\/it\\\/#\\\/schema\\\/logo\\\/image\\\/\",\"url\":\"\",\"contentUrl\":\"\",\"caption\":\"Natur Konkret\"},\"image\":{\"@id\":\"https:\\\/\\\/shop.natur-konkret.ch\\\/it\\\/#\\\/schema\\\/logo\\\/image\\\/\"}}]}<\/script>\n<!-- \/ Yoast SEO plugin. -->","yoast_head_json":{"title":"Wasserb\u00fcffel-Schulterspitz - Natur Konkret - Onlineshop","description":"Wasserb\u00fcffel-Schulterspitz - Con metodi di produzione naturali conciliamo la tutela dell'ambiente, il benessere degli animali e la produzione di alimenti sani e di alta qualit\u00e0.","robots":{"index":"index","follow":"follow","max-snippet":"max-snippet:-1","max-image-preview":"max-image-preview:large","max-video-preview":"max-video-preview:-1"},"canonical":"https:\/\/shop.natur-konkret.ch\/it\/prodotti\/wasserbuffel-schulterspitz\/","og_locale":"it_IT","og_type":"article","og_title":"Wasserb\u00fcffel-Schulterspitz - Natur Konkret - Onlineshop","og_description":"Wasserb\u00fcffel-Schulterspitz - Con metodi di produzione naturali conciliamo la tutela dell'ambiente, il benessere degli animali e la produzione di alimenti sani e di alta qualit\u00e0.","og_url":"https:\/\/shop.natur-konkret.ch\/it\/prodotti\/wasserbuffel-schulterspitz\/","og_site_name":"Natur Konkret - Onlineshop","article_modified_time":"2026-04-13T15:02:45+00:00","og_image":[{"width":950,"height":950,"url":"https:\/\/shop.natur-konkret.ch\/wp-content\/uploads\/15147_02.jpeg","type":"image\/jpeg"}],"twitter_card":"summary_large_image","schema":{"@context":"https:\/\/schema.org","@graph":[{"@type":"WebPage","@id":"https:\/\/shop.natur-konkret.ch\/it\/prodotti\/wasserbuffel-schulterspitz\/","url":"https:\/\/shop.natur-konkret.ch\/it\/prodotti\/wasserbuffel-schulterspitz\/","name":"Wasserb\u00fcffel-Schulterspitz - Natur Konkret - Onlineshop","isPartOf":{"@id":"https:\/\/shop.natur-konkret.ch\/it\/#website"},"primaryImageOfPage":{"@id":"https:\/\/shop.natur-konkret.ch\/it\/prodotti\/wasserbuffel-schulterspitz\/#primaryimage"},"image":{"@id":"https:\/\/shop.natur-konkret.ch\/it\/prodotti\/wasserbuffel-schulterspitz\/#primaryimage"},"thumbnailUrl":"https:\/\/shop.natur-konkret.ch\/wp-content\/uploads\/15147_02.jpeg","datePublished":"2025-05-05T12:29:37+00:00","dateModified":"2026-04-13T15:02:45+00:00","description":"Wasserb\u00fcffel-Schulterspitz - Con metodi di produzione naturali conciliamo la tutela dell'ambiente, il benessere degli animali e la produzione di alimenti sani e di alta qualit\u00e0.","breadcrumb":{"@id":"https:\/\/shop.natur-konkret.ch\/it\/prodotti\/wasserbuffel-schulterspitz\/#breadcrumb"},"inLanguage":"it-IT","potentialAction":[{"@type":"ReadAction","target":["https:\/\/shop.natur-konkret.ch\/it\/prodotti\/wasserbuffel-schulterspitz\/"]}]},{"@type":"ImageObject","inLanguage":"it-IT","@id":"https:\/\/shop.natur-konkret.ch\/it\/prodotti\/wasserbuffel-schulterspitz\/#primaryimage","url":"https:\/\/shop.natur-konkret.ch\/wp-content\/uploads\/15147_02.jpeg","contentUrl":"https:\/\/shop.natur-konkret.ch\/wp-content\/uploads\/15147_02.jpeg","width":950,"height":950},{"@type":"BreadcrumbList","@id":"https:\/\/shop.natur-konkret.ch\/it\/prodotti\/wasserbuffel-schulterspitz\/#breadcrumb","itemListElement":[{"@type":"ListItem","position":1,"name":"Home","item":"https:\/\/shop.natur-konkret.ch\/it\/"},{"@type":"ListItem","position":2,"name":"Prodotti","item":"https:\/\/shop.natur-konkret.ch\/it\/prodotti\/"},{"@type":"ListItem","position":3,"name":"Wasserb\u00fcffel-Schulterspitz"}]},{"@type":"WebSite","@id":"https:\/\/shop.natur-konkret.ch\/it\/#website","url":"https:\/\/shop.natur-konkret.ch\/it\/","name":"Natur Konkret","description":"Wenn nur das Beste auf den Tisch soll","publisher":{"@id":"https:\/\/shop.natur-konkret.ch\/it\/#organization"},"potentialAction":[{"@type":"SearchAction","target":{"@type":"EntryPoint","urlTemplate":"https:\/\/shop.natur-konkret.ch\/it\/?s={search_term_string}"},"query-input":{"@type":"PropertyValueSpecification","valueRequired":true,"valueName":"search_term_string"}}],"inLanguage":"it-IT"},{"@type":"Organization","@id":"https:\/\/shop.natur-konkret.ch\/it\/#organization","name":"Natur Konkret","url":"https:\/\/shop.natur-konkret.ch\/it\/","logo":{"@type":"ImageObject","inLanguage":"it-IT","@id":"https:\/\/shop.natur-konkret.ch\/it\/#\/schema\/logo\/image\/","url":"","contentUrl":"","caption":"Natur Konkret"},"image":{"@id":"https:\/\/shop.natur-konkret.ch\/it\/#\/schema\/logo\/image\/"}}]}},"_links":{"self":[{"href":"https:\/\/shop.natur-konkret.ch\/it\/wp-json\/wp\/v2\/product\/37261","targetHints":{"allow":["GET"]}}],"collection":[{"href":"https:\/\/shop.natur-konkret.ch\/it\/wp-json\/wp\/v2\/product"}],"about":[{"href":"https:\/\/shop.natur-konkret.ch\/it\/wp-json\/wp\/v2\/types\/product"}],"wp:featuredmedia":[{"embeddable":true,"href":"https:\/\/shop.natur-konkret.ch\/it\/wp-json\/wp\/v2\/media\/286003"}],"wp:attachment":[{"href":"https:\/\/shop.natur-konkret.ch\/it\/wp-json\/wp\/v2\/media?parent=37261"}],"wp:term":[{"taxonomy":"product_brand","embeddable":true,"href":"https:\/\/shop.natur-konkret.ch\/it\/wp-json\/wp\/v2\/product_brand?post=37261"},{"taxonomy":"product_cat","embeddable":true,"href":"https:\/\/shop.natur-konkret.ch\/it\/wp-json\/wp\/v2\/product_cat?post=37261"},{"taxonomy":"product_tag","embeddable":true,"href":"https:\/\/shop.natur-konkret.ch\/it\/wp-json\/wp\/v2\/product_tag?post=37261"}],"curies":[{"name":"wp","href":"https:\/\/api.w.org\/{rel}","templated":true}]}}