{"id":37341,"date":"2025-05-05T14:32:51","date_gmt":"2025-05-05T12:32:51","guid":{"rendered":"https:\/\/natur-konkret.dev6\/produkt\/wasserbuffel-filetspitz\/"},"modified":"2026-04-13T17:02:58","modified_gmt":"2026-04-13T15:02:58","slug":"wasserbuffel-filetspitz","status":"publish","type":"product","link":"https:\/\/shop.natur-konkret.ch\/it\/prodotti\/wasserbuffel-filetspitz\/","title":{"rendered":"Wasserb\u00fcffel-Filetspitz"},"content":{"rendered":"<p>\n      <b>Bio Wasserb\u00fcffel-Filetspitz<\/b><br \/>Filetspitz oder auch Filet<br \/>\n      Mignon genannt, ist bekannt daf\u00fcr, dass es an Zartheit kaum zu<br \/>\n      \u00fcbertreffen ist. Die Filetspitze vom Bio Wasserb\u00fcffel \u00fcberzeugt jedoch<br \/>\n      zus\u00e4tzlich mit dem wild\u00e4hnlichen Aroma und sorgt f\u00fcr ein unvergessliches<br \/>\n      Gourmet-Erlebnis. Wenn Sie Ihre G\u00e4ste mit einem besonderen Gericht<br \/>\n      \u00fcberraschen m\u00f6chten, ist dieses wunderbare St\u00fcck Fleisch genau das<br \/>\n      Richtige.\n    <\/p>\n<p>    \u00a0<\/p>\n<p>\n      <b>Zutaten<\/b><br \/>Fleisch vom Bio Wasserb\u00fcffel\n    <\/p>\n<p>\n      <b>Allergene<\/b><br \/>Keine\n    <\/p>\n<p>\n      <b>Herkunft<\/b><br \/>Das Fleisch vom Bio Wasserb\u00fcffel stammt aus unserem<br \/>\n      Teichland Linum in Brandenburg (DE). Dort werden die Tiere zur<br \/>\n      naturnahen Pflege und Offenhaltung unserer Fischteiche eingesetzt.\n    <\/p>\n","protected":false},"excerpt":{"rendered":"<p>Bio Wasserb\u00fcffel-FiletspitzFiletspitz oder auch Filet Mignon genannt, ist bekannt daf\u00fcr, dass es an Zartheit kaum zu \u00fcbertreffen ist. Die Filetspitze vom Bio Wasserb\u00fcffel \u00fcberzeugt jedoch zus\u00e4tzlich mit dem wild\u00e4hnlichen Aroma und sorgt f\u00fcr ein unvergessliches Gourmet-Erlebnis. Wenn Sie Ihre G\u00e4ste mit einem besonderen Gericht \u00fcberraschen m\u00f6chten, ist dieses wunderbare St\u00fcck Fleisch genau das Richtige. \u00a0 [&hellip;]<\/p>\n","protected":false},"featured_media":286033,"template":"","meta":{"_acf_changed":false},"product_brand":[],"product_cat":[158,602],"product_tag":[],"class_list":{"0":"post-37341","1":"product","2":"type-product","3":"status-publish","4":"has-post-thumbnail","6":"product_cat-prodotti","7":"product_cat-bufalo-dacqua-it","9":"first","10":"outofstock","11":"taxable","12":"shipping-taxable","13":"purchasable","14":"product-type-simple"},"acf":[],"yoast_head":"<!-- This site is optimized with the Yoast SEO plugin v27.4 - https:\/\/yoast.com\/product\/yoast-seo-wordpress\/ -->\n<title>Wasserb\u00fcffel-Filetspitz - Natur Konkret - Onlineshop<\/title>\n<meta name=\"description\" content=\"Wasserb\u00fcffel-Filetspitz - Con metodi di produzione naturali conciliamo la tutela dell&#039;ambiente, il benessere degli animali e la produzione di alimenti sani e di alta qualit\u00e0.\" \/>\n<meta name=\"robots\" content=\"index, follow, max-snippet:-1, max-image-preview:large, max-video-preview:-1\" \/>\n<link rel=\"canonical\" href=\"https:\/\/shop.natur-konkret.ch\/it\/prodotti\/wasserbuffel-filetspitz\/\" \/>\n<meta property=\"og:locale\" content=\"it_IT\" \/>\n<meta property=\"og:type\" content=\"article\" \/>\n<meta property=\"og:title\" content=\"Wasserb\u00fcffel-Filetspitz - Natur Konkret - Onlineshop\" \/>\n<meta property=\"og:description\" content=\"Wasserb\u00fcffel-Filetspitz - Con metodi di produzione naturali conciliamo la tutela dell&#039;ambiente, il benessere degli animali e la produzione di alimenti sani e di alta qualit\u00e0.\" \/>\n<meta property=\"og:url\" content=\"https:\/\/shop.natur-konkret.ch\/it\/prodotti\/wasserbuffel-filetspitz\/\" \/>\n<meta property=\"og:site_name\" content=\"Natur Konkret - Onlineshop\" \/>\n<meta property=\"article:modified_time\" content=\"2026-04-13T15:02:58+00:00\" \/>\n<meta property=\"og:image\" content=\"https:\/\/shop.natur-konkret.ch\/wp-content\/uploads\/15120_02.jpeg\" \/>\n\t<meta property=\"og:image:width\" content=\"950\" \/>\n\t<meta property=\"og:image:height\" content=\"950\" \/>\n\t<meta property=\"og:image:type\" content=\"image\/jpeg\" \/>\n<meta name=\"twitter:card\" content=\"summary_large_image\" \/>\n<script type=\"application\/ld+json\" class=\"yoast-schema-graph\">{\"@context\":\"https:\\\/\\\/schema.org\",\"@graph\":[{\"@type\":\"WebPage\",\"@id\":\"https:\\\/\\\/shop.natur-konkret.ch\\\/it\\\/prodotti\\\/wasserbuffel-filetspitz\\\/\",\"url\":\"https:\\\/\\\/shop.natur-konkret.ch\\\/it\\\/prodotti\\\/wasserbuffel-filetspitz\\\/\",\"name\":\"Wasserb\u00fcffel-Filetspitz - Natur Konkret - Onlineshop\",\"isPartOf\":{\"@id\":\"https:\\\/\\\/shop.natur-konkret.ch\\\/it\\\/#website\"},\"primaryImageOfPage\":{\"@id\":\"https:\\\/\\\/shop.natur-konkret.ch\\\/it\\\/prodotti\\\/wasserbuffel-filetspitz\\\/#primaryimage\"},\"image\":{\"@id\":\"https:\\\/\\\/shop.natur-konkret.ch\\\/it\\\/prodotti\\\/wasserbuffel-filetspitz\\\/#primaryimage\"},\"thumbnailUrl\":\"https:\\\/\\\/shop.natur-konkret.ch\\\/wp-content\\\/uploads\\\/15120_02.jpeg\",\"datePublished\":\"2025-05-05T12:32:51+00:00\",\"dateModified\":\"2026-04-13T15:02:58+00:00\",\"description\":\"Wasserb\u00fcffel-Filetspitz - Con metodi di produzione naturali conciliamo la tutela dell'ambiente, il benessere degli animali e la produzione di alimenti sani e di alta qualit\u00e0.\",\"breadcrumb\":{\"@id\":\"https:\\\/\\\/shop.natur-konkret.ch\\\/it\\\/prodotti\\\/wasserbuffel-filetspitz\\\/#breadcrumb\"},\"inLanguage\":\"it-IT\",\"potentialAction\":[{\"@type\":\"ReadAction\",\"target\":[\"https:\\\/\\\/shop.natur-konkret.ch\\\/it\\\/prodotti\\\/wasserbuffel-filetspitz\\\/\"]}]},{\"@type\":\"ImageObject\",\"inLanguage\":\"it-IT\",\"@id\":\"https:\\\/\\\/shop.natur-konkret.ch\\\/it\\\/prodotti\\\/wasserbuffel-filetspitz\\\/#primaryimage\",\"url\":\"https:\\\/\\\/shop.natur-konkret.ch\\\/wp-content\\\/uploads\\\/15120_02.jpeg\",\"contentUrl\":\"https:\\\/\\\/shop.natur-konkret.ch\\\/wp-content\\\/uploads\\\/15120_02.jpeg\",\"width\":950,\"height\":950},{\"@type\":\"BreadcrumbList\",\"@id\":\"https:\\\/\\\/shop.natur-konkret.ch\\\/it\\\/prodotti\\\/wasserbuffel-filetspitz\\\/#breadcrumb\",\"itemListElement\":[{\"@type\":\"ListItem\",\"position\":1,\"name\":\"Home\",\"item\":\"https:\\\/\\\/shop.natur-konkret.ch\\\/it\\\/\"},{\"@type\":\"ListItem\",\"position\":2,\"name\":\"Prodotti\",\"item\":\"https:\\\/\\\/shop.natur-konkret.ch\\\/it\\\/prodotti\\\/\"},{\"@type\":\"ListItem\",\"position\":3,\"name\":\"Wasserb\u00fcffel-Filetspitz\"}]},{\"@type\":\"WebSite\",\"@id\":\"https:\\\/\\\/shop.natur-konkret.ch\\\/it\\\/#website\",\"url\":\"https:\\\/\\\/shop.natur-konkret.ch\\\/it\\\/\",\"name\":\"Natur Konkret\",\"description\":\"Wenn nur das Beste auf den Tisch soll\",\"publisher\":{\"@id\":\"https:\\\/\\\/shop.natur-konkret.ch\\\/it\\\/#organization\"},\"potentialAction\":[{\"@type\":\"SearchAction\",\"target\":{\"@type\":\"EntryPoint\",\"urlTemplate\":\"https:\\\/\\\/shop.natur-konkret.ch\\\/it\\\/?s={search_term_string}\"},\"query-input\":{\"@type\":\"PropertyValueSpecification\",\"valueRequired\":true,\"valueName\":\"search_term_string\"}}],\"inLanguage\":\"it-IT\"},{\"@type\":\"Organization\",\"@id\":\"https:\\\/\\\/shop.natur-konkret.ch\\\/it\\\/#organization\",\"name\":\"Natur Konkret\",\"url\":\"https:\\\/\\\/shop.natur-konkret.ch\\\/it\\\/\",\"logo\":{\"@type\":\"ImageObject\",\"inLanguage\":\"it-IT\",\"@id\":\"https:\\\/\\\/shop.natur-konkret.ch\\\/it\\\/#\\\/schema\\\/logo\\\/image\\\/\",\"url\":\"\",\"contentUrl\":\"\",\"caption\":\"Natur Konkret\"},\"image\":{\"@id\":\"https:\\\/\\\/shop.natur-konkret.ch\\\/it\\\/#\\\/schema\\\/logo\\\/image\\\/\"}}]}<\/script>\n<!-- \/ Yoast SEO plugin. -->","yoast_head_json":{"title":"Wasserb\u00fcffel-Filetspitz - Natur Konkret - Onlineshop","description":"Wasserb\u00fcffel-Filetspitz - Con metodi di produzione naturali conciliamo la tutela dell'ambiente, il benessere degli animali e la produzione di alimenti sani e di alta qualit\u00e0.","robots":{"index":"index","follow":"follow","max-snippet":"max-snippet:-1","max-image-preview":"max-image-preview:large","max-video-preview":"max-video-preview:-1"},"canonical":"https:\/\/shop.natur-konkret.ch\/it\/prodotti\/wasserbuffel-filetspitz\/","og_locale":"it_IT","og_type":"article","og_title":"Wasserb\u00fcffel-Filetspitz - Natur Konkret - Onlineshop","og_description":"Wasserb\u00fcffel-Filetspitz - Con metodi di produzione naturali conciliamo la tutela dell'ambiente, il benessere degli animali e la produzione di alimenti sani e di alta qualit\u00e0.","og_url":"https:\/\/shop.natur-konkret.ch\/it\/prodotti\/wasserbuffel-filetspitz\/","og_site_name":"Natur Konkret - Onlineshop","article_modified_time":"2026-04-13T15:02:58+00:00","og_image":[{"width":950,"height":950,"url":"https:\/\/shop.natur-konkret.ch\/wp-content\/uploads\/15120_02.jpeg","type":"image\/jpeg"}],"twitter_card":"summary_large_image","schema":{"@context":"https:\/\/schema.org","@graph":[{"@type":"WebPage","@id":"https:\/\/shop.natur-konkret.ch\/it\/prodotti\/wasserbuffel-filetspitz\/","url":"https:\/\/shop.natur-konkret.ch\/it\/prodotti\/wasserbuffel-filetspitz\/","name":"Wasserb\u00fcffel-Filetspitz - Natur Konkret - Onlineshop","isPartOf":{"@id":"https:\/\/shop.natur-konkret.ch\/it\/#website"},"primaryImageOfPage":{"@id":"https:\/\/shop.natur-konkret.ch\/it\/prodotti\/wasserbuffel-filetspitz\/#primaryimage"},"image":{"@id":"https:\/\/shop.natur-konkret.ch\/it\/prodotti\/wasserbuffel-filetspitz\/#primaryimage"},"thumbnailUrl":"https:\/\/shop.natur-konkret.ch\/wp-content\/uploads\/15120_02.jpeg","datePublished":"2025-05-05T12:32:51+00:00","dateModified":"2026-04-13T15:02:58+00:00","description":"Wasserb\u00fcffel-Filetspitz - Con metodi di produzione naturali conciliamo la tutela dell'ambiente, il benessere degli animali e la produzione di alimenti sani e di alta qualit\u00e0.","breadcrumb":{"@id":"https:\/\/shop.natur-konkret.ch\/it\/prodotti\/wasserbuffel-filetspitz\/#breadcrumb"},"inLanguage":"it-IT","potentialAction":[{"@type":"ReadAction","target":["https:\/\/shop.natur-konkret.ch\/it\/prodotti\/wasserbuffel-filetspitz\/"]}]},{"@type":"ImageObject","inLanguage":"it-IT","@id":"https:\/\/shop.natur-konkret.ch\/it\/prodotti\/wasserbuffel-filetspitz\/#primaryimage","url":"https:\/\/shop.natur-konkret.ch\/wp-content\/uploads\/15120_02.jpeg","contentUrl":"https:\/\/shop.natur-konkret.ch\/wp-content\/uploads\/15120_02.jpeg","width":950,"height":950},{"@type":"BreadcrumbList","@id":"https:\/\/shop.natur-konkret.ch\/it\/prodotti\/wasserbuffel-filetspitz\/#breadcrumb","itemListElement":[{"@type":"ListItem","position":1,"name":"Home","item":"https:\/\/shop.natur-konkret.ch\/it\/"},{"@type":"ListItem","position":2,"name":"Prodotti","item":"https:\/\/shop.natur-konkret.ch\/it\/prodotti\/"},{"@type":"ListItem","position":3,"name":"Wasserb\u00fcffel-Filetspitz"}]},{"@type":"WebSite","@id":"https:\/\/shop.natur-konkret.ch\/it\/#website","url":"https:\/\/shop.natur-konkret.ch\/it\/","name":"Natur Konkret","description":"Wenn nur das Beste auf den Tisch soll","publisher":{"@id":"https:\/\/shop.natur-konkret.ch\/it\/#organization"},"potentialAction":[{"@type":"SearchAction","target":{"@type":"EntryPoint","urlTemplate":"https:\/\/shop.natur-konkret.ch\/it\/?s={search_term_string}"},"query-input":{"@type":"PropertyValueSpecification","valueRequired":true,"valueName":"search_term_string"}}],"inLanguage":"it-IT"},{"@type":"Organization","@id":"https:\/\/shop.natur-konkret.ch\/it\/#organization","name":"Natur Konkret","url":"https:\/\/shop.natur-konkret.ch\/it\/","logo":{"@type":"ImageObject","inLanguage":"it-IT","@id":"https:\/\/shop.natur-konkret.ch\/it\/#\/schema\/logo\/image\/","url":"","contentUrl":"","caption":"Natur Konkret"},"image":{"@id":"https:\/\/shop.natur-konkret.ch\/it\/#\/schema\/logo\/image\/"}}]}},"_links":{"self":[{"href":"https:\/\/shop.natur-konkret.ch\/it\/wp-json\/wp\/v2\/product\/37341","targetHints":{"allow":["GET"]}}],"collection":[{"href":"https:\/\/shop.natur-konkret.ch\/it\/wp-json\/wp\/v2\/product"}],"about":[{"href":"https:\/\/shop.natur-konkret.ch\/it\/wp-json\/wp\/v2\/types\/product"}],"wp:featuredmedia":[{"embeddable":true,"href":"https:\/\/shop.natur-konkret.ch\/it\/wp-json\/wp\/v2\/media\/286033"}],"wp:attachment":[{"href":"https:\/\/shop.natur-konkret.ch\/it\/wp-json\/wp\/v2\/media?parent=37341"}],"wp:term":[{"taxonomy":"product_brand","embeddable":true,"href":"https:\/\/shop.natur-konkret.ch\/it\/wp-json\/wp\/v2\/product_brand?post=37341"},{"taxonomy":"product_cat","embeddable":true,"href":"https:\/\/shop.natur-konkret.ch\/it\/wp-json\/wp\/v2\/product_cat?post=37341"},{"taxonomy":"product_tag","embeddable":true,"href":"https:\/\/shop.natur-konkret.ch\/it\/wp-json\/wp\/v2\/product_tag?post=37341"}],"curies":[{"name":"wp","href":"https:\/\/api.w.org\/{rel}","templated":true}]}}