{"id":37443,"date":"2025-05-05T14:36:37","date_gmt":"2025-05-05T12:36:37","guid":{"rendered":"https:\/\/natur-konkret.dev6\/produkt\/bio-truten-keule\/"},"modified":"2026-04-13T17:03:18","modified_gmt":"2026-04-13T15:03:18","slug":"bio-truten-keule","status":"publish","type":"product","link":"https:\/\/shop.natur-konkret.ch\/it\/prodotti\/bio-truten-keule\/","title":{"rendered":"Bio Truten-Keule"},"content":{"rendered":"<p>\n      <b>Bio Truten-Keule <\/b><br \/>Die Bio Truten-Keule besteht aus dunklerem,<br \/>\n      fettreicherem Fleisch, das kr\u00e4ftiger und saftiger schmeckt als das der<br \/>\n      Trutenbrust. Deshalb eignet sich die Keule auch optimal f\u00fcr<br \/>\n      Schmorgerichte.\n    <\/p>\n<p>\n      <b>Zubereitungsvorschlag<\/b><br \/>Die Trutenkeule mit Salz, Pfeffer und<br \/>\n      Paprikapulver w\u00fcrzen. In einer heissen Pfanne von allen Seiten scharf<br \/>\n      anbraten und anschliessend in eine backofenfeste Form geben. In der<br \/>\n      gleichen Pfanne erst die klein geschnittenen Zwiebeln, dann die Tomaten<br \/>\n      anbraten. Etwas w\u00fcrzen und zu den Keulen geben. Alles mit Gefl\u00fcgelbr\u00fche<br \/>\n      (ich habe es auch schon mit Rinderbr\u00fche gemacht) aufgiessen. Im<br \/>\n      vorgeheizten Backofen bei 200\u00b0C mindestens 1,5 Stunden schmoren.<br \/>\n      Anschlie\u00dfend die Sauce nach Bedarf mit Saucenbinder andicken und erneut<br \/>\n      abschmecken. Dazu passt <b><a href=\"https:\/\/shop.natur-konkret.ch\/de\/1~174\/Pasta-Reis-Polenta\" rel=\"nofollow\">Reis<\/a><\/b><br \/>\n      oder einen knackigen <b><a href=\"https:\/\/shop.natur-konkret.ch\/de\/1~177\/Gem%C3%BCse-Salate-Fr%C3%BCchte\" rel=\"nofollow\">Salat<\/a><\/b>.\n    <\/p>\n<p>\n      <b>Zutaten <\/b><br \/>Fleisch vom Bio Truthahn<br \/>Ohne Antibiotika<br \/>\n      resistente Keime (ESBL)\n    <\/p>\n<p>\n      <b>Allergene<\/b><br \/>Keine\n    <\/p>\n<p>\n      <b>Herkunft <\/b><br \/>Bio-Betrieb Joe und Damaris Santo auf dem Thurgauer<br \/>\n      Seer\u00fccken\n    <\/p>\n","protected":false},"excerpt":{"rendered":"<p>Bio Truten-Keule Die Bio Truten-Keule besteht aus dunklerem, fettreicherem Fleisch, das kr\u00e4ftiger und saftiger schmeckt als das der Trutenbrust. Deshalb eignet sich die Keule auch optimal f\u00fcr Schmorgerichte. ZubereitungsvorschlagDie Trutenkeule mit Salz, Pfeffer und Paprikapulver w\u00fcrzen. In einer heissen Pfanne von allen Seiten scharf anbraten und anschliessend in eine backofenfeste Form geben. In der gleichen [&hellip;]<\/p>\n","protected":false},"featured_media":288093,"template":"","meta":{"_acf_changed":false},"product_brand":[],"product_cat":[158,596],"product_tag":[],"class_list":{"0":"post-37443","1":"product","2":"type-product","3":"status-publish","4":"has-post-thumbnail","6":"product_cat-prodotti","7":"product_cat-pollame-it","9":"first","10":"instock","11":"taxable","12":"shipping-taxable","13":"product-type-grouped"},"acf":[],"yoast_head":"<!-- This site is optimized with the Yoast SEO plugin v27.4 - https:\/\/yoast.com\/product\/yoast-seo-wordpress\/ -->\n<title>Bio Truten-Keule - Natur Konkret - Onlineshop<\/title>\n<meta name=\"description\" content=\"Bio Truten-Keule - Con metodi di produzione naturali conciliamo la tutela dell&#039;ambiente, il benessere degli animali e la produzione di alimenti sani e di alta qualit\u00e0.\" \/>\n<meta name=\"robots\" content=\"index, follow, max-snippet:-1, max-image-preview:large, max-video-preview:-1\" \/>\n<link rel=\"canonical\" href=\"https:\/\/shop.natur-konkret.ch\/it\/prodotti\/bio-truten-keule\/\" \/>\n<meta property=\"og:locale\" content=\"it_IT\" \/>\n<meta property=\"og:type\" content=\"article\" \/>\n<meta property=\"og:title\" content=\"Bio Truten-Keule - Natur Konkret - Onlineshop\" \/>\n<meta property=\"og:description\" content=\"Bio Truten-Keule - Con metodi di produzione naturali conciliamo la tutela dell&#039;ambiente, il benessere degli animali e la produzione di alimenti sani e di alta qualit\u00e0.\" \/>\n<meta property=\"og:url\" content=\"https:\/\/shop.natur-konkret.ch\/it\/prodotti\/bio-truten-keule\/\" \/>\n<meta property=\"og:site_name\" content=\"Natur Konkret - Onlineshop\" \/>\n<meta property=\"article:modified_time\" content=\"2026-04-13T15:03:18+00:00\" \/>\n<meta property=\"og:image\" content=\"https:\/\/shop.natur-konkret.ch\/wp-content\/uploads\/truten-keule_02.jpeg\" \/>\n\t<meta property=\"og:image:width\" content=\"950\" \/>\n\t<meta property=\"og:image:height\" content=\"950\" \/>\n\t<meta property=\"og:image:type\" content=\"image\/jpeg\" \/>\n<meta name=\"twitter:card\" content=\"summary_large_image\" \/>\n<meta name=\"twitter:label1\" content=\"Est. reading time\" \/>\n\t<meta name=\"twitter:data1\" content=\"1 minute\" \/>\n<script type=\"application\/ld+json\" class=\"yoast-schema-graph\">{\"@context\":\"https:\\\/\\\/schema.org\",\"@graph\":[{\"@type\":\"WebPage\",\"@id\":\"https:\\\/\\\/shop.natur-konkret.ch\\\/it\\\/prodotti\\\/bio-truten-keule\\\/\",\"url\":\"https:\\\/\\\/shop.natur-konkret.ch\\\/it\\\/prodotti\\\/bio-truten-keule\\\/\",\"name\":\"Bio Truten-Keule - Natur Konkret - Onlineshop\",\"isPartOf\":{\"@id\":\"https:\\\/\\\/shop.natur-konkret.ch\\\/it\\\/#website\"},\"primaryImageOfPage\":{\"@id\":\"https:\\\/\\\/shop.natur-konkret.ch\\\/it\\\/prodotti\\\/bio-truten-keule\\\/#primaryimage\"},\"image\":{\"@id\":\"https:\\\/\\\/shop.natur-konkret.ch\\\/it\\\/prodotti\\\/bio-truten-keule\\\/#primaryimage\"},\"thumbnailUrl\":\"https:\\\/\\\/shop.natur-konkret.ch\\\/wp-content\\\/uploads\\\/truten-keule_02.jpeg\",\"datePublished\":\"2025-05-05T12:36:37+00:00\",\"dateModified\":\"2026-04-13T15:03:18+00:00\",\"description\":\"Bio Truten-Keule - Con metodi di produzione naturali conciliamo la tutela dell'ambiente, il benessere degli animali e la produzione di alimenti sani e di alta qualit\u00e0.\",\"breadcrumb\":{\"@id\":\"https:\\\/\\\/shop.natur-konkret.ch\\\/it\\\/prodotti\\\/bio-truten-keule\\\/#breadcrumb\"},\"inLanguage\":\"it-IT\",\"potentialAction\":[{\"@type\":\"ReadAction\",\"target\":[\"https:\\\/\\\/shop.natur-konkret.ch\\\/it\\\/prodotti\\\/bio-truten-keule\\\/\"]}]},{\"@type\":\"ImageObject\",\"inLanguage\":\"it-IT\",\"@id\":\"https:\\\/\\\/shop.natur-konkret.ch\\\/it\\\/prodotti\\\/bio-truten-keule\\\/#primaryimage\",\"url\":\"https:\\\/\\\/shop.natur-konkret.ch\\\/wp-content\\\/uploads\\\/truten-keule_02.jpeg\",\"contentUrl\":\"https:\\\/\\\/shop.natur-konkret.ch\\\/wp-content\\\/uploads\\\/truten-keule_02.jpeg\",\"width\":950,\"height\":950},{\"@type\":\"BreadcrumbList\",\"@id\":\"https:\\\/\\\/shop.natur-konkret.ch\\\/it\\\/prodotti\\\/bio-truten-keule\\\/#breadcrumb\",\"itemListElement\":[{\"@type\":\"ListItem\",\"position\":1,\"name\":\"Home\",\"item\":\"https:\\\/\\\/shop.natur-konkret.ch\\\/it\\\/\"},{\"@type\":\"ListItem\",\"position\":2,\"name\":\"Prodotti\",\"item\":\"https:\\\/\\\/shop.natur-konkret.ch\\\/it\\\/prodotti\\\/\"},{\"@type\":\"ListItem\",\"position\":3,\"name\":\"Bio Truten-Keule\"}]},{\"@type\":\"WebSite\",\"@id\":\"https:\\\/\\\/shop.natur-konkret.ch\\\/it\\\/#website\",\"url\":\"https:\\\/\\\/shop.natur-konkret.ch\\\/it\\\/\",\"name\":\"Natur Konkret\",\"description\":\"Wenn nur das Beste auf den Tisch soll\",\"publisher\":{\"@id\":\"https:\\\/\\\/shop.natur-konkret.ch\\\/it\\\/#organization\"},\"potentialAction\":[{\"@type\":\"SearchAction\",\"target\":{\"@type\":\"EntryPoint\",\"urlTemplate\":\"https:\\\/\\\/shop.natur-konkret.ch\\\/it\\\/?s={search_term_string}\"},\"query-input\":{\"@type\":\"PropertyValueSpecification\",\"valueRequired\":true,\"valueName\":\"search_term_string\"}}],\"inLanguage\":\"it-IT\"},{\"@type\":\"Organization\",\"@id\":\"https:\\\/\\\/shop.natur-konkret.ch\\\/it\\\/#organization\",\"name\":\"Natur Konkret\",\"url\":\"https:\\\/\\\/shop.natur-konkret.ch\\\/it\\\/\",\"logo\":{\"@type\":\"ImageObject\",\"inLanguage\":\"it-IT\",\"@id\":\"https:\\\/\\\/shop.natur-konkret.ch\\\/it\\\/#\\\/schema\\\/logo\\\/image\\\/\",\"url\":\"\",\"contentUrl\":\"\",\"caption\":\"Natur Konkret\"},\"image\":{\"@id\":\"https:\\\/\\\/shop.natur-konkret.ch\\\/it\\\/#\\\/schema\\\/logo\\\/image\\\/\"}}]}<\/script>\n<!-- \/ Yoast SEO plugin. -->","yoast_head_json":{"title":"Bio Truten-Keule - Natur Konkret - Onlineshop","description":"Bio Truten-Keule - Con metodi di produzione naturali conciliamo la tutela dell'ambiente, il benessere degli animali e la produzione di alimenti sani e di alta qualit\u00e0.","robots":{"index":"index","follow":"follow","max-snippet":"max-snippet:-1","max-image-preview":"max-image-preview:large","max-video-preview":"max-video-preview:-1"},"canonical":"https:\/\/shop.natur-konkret.ch\/it\/prodotti\/bio-truten-keule\/","og_locale":"it_IT","og_type":"article","og_title":"Bio Truten-Keule - Natur Konkret - Onlineshop","og_description":"Bio Truten-Keule - Con metodi di produzione naturali conciliamo la tutela dell'ambiente, il benessere degli animali e la produzione di alimenti sani e di alta qualit\u00e0.","og_url":"https:\/\/shop.natur-konkret.ch\/it\/prodotti\/bio-truten-keule\/","og_site_name":"Natur Konkret - Onlineshop","article_modified_time":"2026-04-13T15:03:18+00:00","og_image":[{"width":950,"height":950,"url":"https:\/\/shop.natur-konkret.ch\/wp-content\/uploads\/truten-keule_02.jpeg","type":"image\/jpeg"}],"twitter_card":"summary_large_image","twitter_misc":{"Est. reading time":"1 minute"},"schema":{"@context":"https:\/\/schema.org","@graph":[{"@type":"WebPage","@id":"https:\/\/shop.natur-konkret.ch\/it\/prodotti\/bio-truten-keule\/","url":"https:\/\/shop.natur-konkret.ch\/it\/prodotti\/bio-truten-keule\/","name":"Bio Truten-Keule - Natur Konkret - Onlineshop","isPartOf":{"@id":"https:\/\/shop.natur-konkret.ch\/it\/#website"},"primaryImageOfPage":{"@id":"https:\/\/shop.natur-konkret.ch\/it\/prodotti\/bio-truten-keule\/#primaryimage"},"image":{"@id":"https:\/\/shop.natur-konkret.ch\/it\/prodotti\/bio-truten-keule\/#primaryimage"},"thumbnailUrl":"https:\/\/shop.natur-konkret.ch\/wp-content\/uploads\/truten-keule_02.jpeg","datePublished":"2025-05-05T12:36:37+00:00","dateModified":"2026-04-13T15:03:18+00:00","description":"Bio Truten-Keule - Con metodi di produzione naturali conciliamo la tutela dell'ambiente, il benessere degli animali e la produzione di alimenti sani e di alta qualit\u00e0.","breadcrumb":{"@id":"https:\/\/shop.natur-konkret.ch\/it\/prodotti\/bio-truten-keule\/#breadcrumb"},"inLanguage":"it-IT","potentialAction":[{"@type":"ReadAction","target":["https:\/\/shop.natur-konkret.ch\/it\/prodotti\/bio-truten-keule\/"]}]},{"@type":"ImageObject","inLanguage":"it-IT","@id":"https:\/\/shop.natur-konkret.ch\/it\/prodotti\/bio-truten-keule\/#primaryimage","url":"https:\/\/shop.natur-konkret.ch\/wp-content\/uploads\/truten-keule_02.jpeg","contentUrl":"https:\/\/shop.natur-konkret.ch\/wp-content\/uploads\/truten-keule_02.jpeg","width":950,"height":950},{"@type":"BreadcrumbList","@id":"https:\/\/shop.natur-konkret.ch\/it\/prodotti\/bio-truten-keule\/#breadcrumb","itemListElement":[{"@type":"ListItem","position":1,"name":"Home","item":"https:\/\/shop.natur-konkret.ch\/it\/"},{"@type":"ListItem","position":2,"name":"Prodotti","item":"https:\/\/shop.natur-konkret.ch\/it\/prodotti\/"},{"@type":"ListItem","position":3,"name":"Bio Truten-Keule"}]},{"@type":"WebSite","@id":"https:\/\/shop.natur-konkret.ch\/it\/#website","url":"https:\/\/shop.natur-konkret.ch\/it\/","name":"Natur Konkret","description":"Wenn nur das Beste auf den Tisch soll","publisher":{"@id":"https:\/\/shop.natur-konkret.ch\/it\/#organization"},"potentialAction":[{"@type":"SearchAction","target":{"@type":"EntryPoint","urlTemplate":"https:\/\/shop.natur-konkret.ch\/it\/?s={search_term_string}"},"query-input":{"@type":"PropertyValueSpecification","valueRequired":true,"valueName":"search_term_string"}}],"inLanguage":"it-IT"},{"@type":"Organization","@id":"https:\/\/shop.natur-konkret.ch\/it\/#organization","name":"Natur Konkret","url":"https:\/\/shop.natur-konkret.ch\/it\/","logo":{"@type":"ImageObject","inLanguage":"it-IT","@id":"https:\/\/shop.natur-konkret.ch\/it\/#\/schema\/logo\/image\/","url":"","contentUrl":"","caption":"Natur Konkret"},"image":{"@id":"https:\/\/shop.natur-konkret.ch\/it\/#\/schema\/logo\/image\/"}}]}},"_links":{"self":[{"href":"https:\/\/shop.natur-konkret.ch\/it\/wp-json\/wp\/v2\/product\/37443","targetHints":{"allow":["GET"]}}],"collection":[{"href":"https:\/\/shop.natur-konkret.ch\/it\/wp-json\/wp\/v2\/product"}],"about":[{"href":"https:\/\/shop.natur-konkret.ch\/it\/wp-json\/wp\/v2\/types\/product"}],"wp:featuredmedia":[{"embeddable":true,"href":"https:\/\/shop.natur-konkret.ch\/it\/wp-json\/wp\/v2\/media\/288093"}],"wp:attachment":[{"href":"https:\/\/shop.natur-konkret.ch\/it\/wp-json\/wp\/v2\/media?parent=37443"}],"wp:term":[{"taxonomy":"product_brand","embeddable":true,"href":"https:\/\/shop.natur-konkret.ch\/it\/wp-json\/wp\/v2\/product_brand?post=37443"},{"taxonomy":"product_cat","embeddable":true,"href":"https:\/\/shop.natur-konkret.ch\/it\/wp-json\/wp\/v2\/product_cat?post=37443"},{"taxonomy":"product_tag","embeddable":true,"href":"https:\/\/shop.natur-konkret.ch\/it\/wp-json\/wp\/v2\/product_tag?post=37443"}],"curies":[{"name":"wp","href":"https:\/\/api.w.org\/{rel}","templated":true}]}}