{"id":40491,"date":"2025-05-05T16:18:13","date_gmt":"2025-05-05T14:18:13","guid":{"rendered":"https:\/\/natur-konkret.dev6\/produkt\/carne-secca-di-cervo\/"},"modified":"2026-04-13T17:24:23","modified_gmt":"2026-04-13T15:24:23","slug":"carne-secca-di-cervo","status":"publish","type":"product","link":"https:\/\/shop.natur-konkret.ch\/it\/prodotti\/carne-secca-di-cervo\/","title":{"rendered":"Carne secca di cervo"},"content":{"rendered":"<p>\n      Al pezzo \u00e0 250g\n    <\/p>\n<p>\n      <b>Carne secca di cervo<\/b><br \/>Questa prelibatezza di cervo vi<br \/>\n      delizier\u00e0. La carne di cervo \u00e8 particolarmente consigliata se si<br \/>\n      preferisce un gusto delicato di selvaggina.\n    <\/p>\n<p>\n      <b>Origine<\/b><br \/>origine Cervo da caccia ticinese. Lavorazione in Valle<br \/>\n      di Blenio\n    <\/p>\n<p>\n      <b>Ingredienti<\/b><br \/>carne di cervo, sale, zucchero, rosmarino, timo,<br \/>\n      ginepro, alloro\n    <\/p>\n<p>\n      <b>Allergeni<\/b><br \/>nessuno<br \/>Senza sale di stagionatura al nitrito\n    <\/p>\n","protected":false},"excerpt":{"rendered":"<p>Al pezzo \u00e0 250g Carne secca di cervoQuesta prelibatezza di cervo vi delizier\u00e0. La carne di cervo \u00e8 particolarmente consigliata se si preferisce un gusto delicato di selvaggina. Origineorigine Cervo da caccia ticinese. Lavorazione in Valle di Blenio Ingredienticarne di cervo, sale, zucchero, rosmarino, timo, ginepro, alloro AllergeninessunoSenza sale di stagionatura al nitrito<\/p>\n","protected":false},"featured_media":287279,"template":"","meta":{"_acf_changed":false},"product_brand":[],"product_cat":[158,649,608],"product_tag":[],"class_list":{"0":"post-40491","1":"product","2":"type-product","3":"status-publish","4":"has-post-thumbnail","6":"product_cat-prodotti","7":"product_cat-caccia-it","8":"product_cat-salsicce-carne-secca-it","10":"first","11":"outofstock","12":"taxable","13":"shipping-taxable","14":"purchasable","15":"product-type-simple"},"acf":[],"yoast_head":"<!-- This site is optimized with the Yoast SEO plugin v27.4 - https:\/\/yoast.com\/product\/yoast-seo-wordpress\/ -->\n<title>Carne secca di cervo - Natur Konkret - Onlineshop<\/title>\n<meta name=\"description\" content=\"Carne secca di cervo - Con metodi di produzione naturali conciliamo la tutela dell&#039;ambiente, il benessere degli animali e la produzione di alimenti sani e di alta qualit\u00e0.\" \/>\n<meta name=\"robots\" content=\"index, follow, max-snippet:-1, max-image-preview:large, max-video-preview:-1\" \/>\n<link rel=\"canonical\" href=\"https:\/\/shop.natur-konkret.ch\/it\/prodotti\/carne-secca-di-cervo\/\" \/>\n<meta property=\"og:locale\" content=\"it_IT\" \/>\n<meta property=\"og:type\" content=\"article\" \/>\n<meta property=\"og:title\" content=\"Carne secca di cervo - Natur Konkret - Onlineshop\" \/>\n<meta property=\"og:description\" content=\"Carne secca di cervo - Con metodi di produzione naturali conciliamo la tutela dell&#039;ambiente, il benessere degli animali e la produzione di alimenti sani e di alta qualit\u00e0.\" \/>\n<meta property=\"og:url\" content=\"https:\/\/shop.natur-konkret.ch\/it\/prodotti\/carne-secca-di-cervo\/\" \/>\n<meta property=\"og:site_name\" content=\"Natur Konkret - Onlineshop\" \/>\n<meta property=\"article:modified_time\" content=\"2026-04-13T15:24:23+00:00\" \/>\n<meta property=\"og:image\" content=\"https:\/\/shop.natur-konkret.ch\/wp-content\/uploads\/3125_02.jpeg\" \/>\n\t<meta property=\"og:image:width\" content=\"950\" \/>\n\t<meta property=\"og:image:height\" content=\"949\" \/>\n\t<meta property=\"og:image:type\" content=\"image\/jpeg\" \/>\n<meta name=\"twitter:card\" content=\"summary_large_image\" \/>\n<script type=\"application\/ld+json\" class=\"yoast-schema-graph\">{\"@context\":\"https:\\\/\\\/schema.org\",\"@graph\":[{\"@type\":\"WebPage\",\"@id\":\"https:\\\/\\\/shop.natur-konkret.ch\\\/it\\\/prodotti\\\/carne-secca-di-cervo\\\/\",\"url\":\"https:\\\/\\\/shop.natur-konkret.ch\\\/it\\\/prodotti\\\/carne-secca-di-cervo\\\/\",\"name\":\"Carne secca di cervo - Natur Konkret - Onlineshop\",\"isPartOf\":{\"@id\":\"https:\\\/\\\/shop.natur-konkret.ch\\\/it\\\/#website\"},\"primaryImageOfPage\":{\"@id\":\"https:\\\/\\\/shop.natur-konkret.ch\\\/it\\\/prodotti\\\/carne-secca-di-cervo\\\/#primaryimage\"},\"image\":{\"@id\":\"https:\\\/\\\/shop.natur-konkret.ch\\\/it\\\/prodotti\\\/carne-secca-di-cervo\\\/#primaryimage\"},\"thumbnailUrl\":\"https:\\\/\\\/shop.natur-konkret.ch\\\/wp-content\\\/uploads\\\/3125_02.jpeg\",\"datePublished\":\"2025-05-05T14:18:13+00:00\",\"dateModified\":\"2026-04-13T15:24:23+00:00\",\"description\":\"Carne secca di cervo - Con metodi di produzione naturali conciliamo la tutela dell'ambiente, il benessere degli animali e la produzione di alimenti sani e di alta qualit\u00e0.\",\"breadcrumb\":{\"@id\":\"https:\\\/\\\/shop.natur-konkret.ch\\\/it\\\/prodotti\\\/carne-secca-di-cervo\\\/#breadcrumb\"},\"inLanguage\":\"it-IT\",\"potentialAction\":[{\"@type\":\"ReadAction\",\"target\":[\"https:\\\/\\\/shop.natur-konkret.ch\\\/it\\\/prodotti\\\/carne-secca-di-cervo\\\/\"]}]},{\"@type\":\"ImageObject\",\"inLanguage\":\"it-IT\",\"@id\":\"https:\\\/\\\/shop.natur-konkret.ch\\\/it\\\/prodotti\\\/carne-secca-di-cervo\\\/#primaryimage\",\"url\":\"https:\\\/\\\/shop.natur-konkret.ch\\\/wp-content\\\/uploads\\\/3125_02.jpeg\",\"contentUrl\":\"https:\\\/\\\/shop.natur-konkret.ch\\\/wp-content\\\/uploads\\\/3125_02.jpeg\",\"width\":950,\"height\":949},{\"@type\":\"BreadcrumbList\",\"@id\":\"https:\\\/\\\/shop.natur-konkret.ch\\\/it\\\/prodotti\\\/carne-secca-di-cervo\\\/#breadcrumb\",\"itemListElement\":[{\"@type\":\"ListItem\",\"position\":1,\"name\":\"Home\",\"item\":\"https:\\\/\\\/shop.natur-konkret.ch\\\/it\\\/\"},{\"@type\":\"ListItem\",\"position\":2,\"name\":\"Prodotti\",\"item\":\"https:\\\/\\\/shop.natur-konkret.ch\\\/it\\\/prodotti\\\/\"},{\"@type\":\"ListItem\",\"position\":3,\"name\":\"Carne secca di cervo\"}]},{\"@type\":\"WebSite\",\"@id\":\"https:\\\/\\\/shop.natur-konkret.ch\\\/it\\\/#website\",\"url\":\"https:\\\/\\\/shop.natur-konkret.ch\\\/it\\\/\",\"name\":\"Natur Konkret\",\"description\":\"Wenn nur das Beste auf den Tisch soll\",\"publisher\":{\"@id\":\"https:\\\/\\\/shop.natur-konkret.ch\\\/it\\\/#organization\"},\"potentialAction\":[{\"@type\":\"SearchAction\",\"target\":{\"@type\":\"EntryPoint\",\"urlTemplate\":\"https:\\\/\\\/shop.natur-konkret.ch\\\/it\\\/?s={search_term_string}\"},\"query-input\":{\"@type\":\"PropertyValueSpecification\",\"valueRequired\":true,\"valueName\":\"search_term_string\"}}],\"inLanguage\":\"it-IT\"},{\"@type\":\"Organization\",\"@id\":\"https:\\\/\\\/shop.natur-konkret.ch\\\/it\\\/#organization\",\"name\":\"Natur Konkret\",\"url\":\"https:\\\/\\\/shop.natur-konkret.ch\\\/it\\\/\",\"logo\":{\"@type\":\"ImageObject\",\"inLanguage\":\"it-IT\",\"@id\":\"https:\\\/\\\/shop.natur-konkret.ch\\\/it\\\/#\\\/schema\\\/logo\\\/image\\\/\",\"url\":\"\",\"contentUrl\":\"\",\"caption\":\"Natur Konkret\"},\"image\":{\"@id\":\"https:\\\/\\\/shop.natur-konkret.ch\\\/it\\\/#\\\/schema\\\/logo\\\/image\\\/\"}}]}<\/script>\n<!-- \/ Yoast SEO plugin. -->","yoast_head_json":{"title":"Carne secca di cervo - Natur Konkret - Onlineshop","description":"Carne secca di cervo - Con metodi di produzione naturali conciliamo la tutela dell'ambiente, il benessere degli animali e la produzione di alimenti sani e di alta qualit\u00e0.","robots":{"index":"index","follow":"follow","max-snippet":"max-snippet:-1","max-image-preview":"max-image-preview:large","max-video-preview":"max-video-preview:-1"},"canonical":"https:\/\/shop.natur-konkret.ch\/it\/prodotti\/carne-secca-di-cervo\/","og_locale":"it_IT","og_type":"article","og_title":"Carne secca di cervo - Natur Konkret - Onlineshop","og_description":"Carne secca di cervo - Con metodi di produzione naturali conciliamo la tutela dell'ambiente, il benessere degli animali e la produzione di alimenti sani e di alta qualit\u00e0.","og_url":"https:\/\/shop.natur-konkret.ch\/it\/prodotti\/carne-secca-di-cervo\/","og_site_name":"Natur Konkret - Onlineshop","article_modified_time":"2026-04-13T15:24:23+00:00","og_image":[{"width":950,"height":949,"url":"https:\/\/shop.natur-konkret.ch\/wp-content\/uploads\/3125_02.jpeg","type":"image\/jpeg"}],"twitter_card":"summary_large_image","schema":{"@context":"https:\/\/schema.org","@graph":[{"@type":"WebPage","@id":"https:\/\/shop.natur-konkret.ch\/it\/prodotti\/carne-secca-di-cervo\/","url":"https:\/\/shop.natur-konkret.ch\/it\/prodotti\/carne-secca-di-cervo\/","name":"Carne secca di cervo - Natur Konkret - Onlineshop","isPartOf":{"@id":"https:\/\/shop.natur-konkret.ch\/it\/#website"},"primaryImageOfPage":{"@id":"https:\/\/shop.natur-konkret.ch\/it\/prodotti\/carne-secca-di-cervo\/#primaryimage"},"image":{"@id":"https:\/\/shop.natur-konkret.ch\/it\/prodotti\/carne-secca-di-cervo\/#primaryimage"},"thumbnailUrl":"https:\/\/shop.natur-konkret.ch\/wp-content\/uploads\/3125_02.jpeg","datePublished":"2025-05-05T14:18:13+00:00","dateModified":"2026-04-13T15:24:23+00:00","description":"Carne secca di cervo - Con metodi di produzione naturali conciliamo la tutela dell'ambiente, il benessere degli animali e la produzione di alimenti sani e di alta qualit\u00e0.","breadcrumb":{"@id":"https:\/\/shop.natur-konkret.ch\/it\/prodotti\/carne-secca-di-cervo\/#breadcrumb"},"inLanguage":"it-IT","potentialAction":[{"@type":"ReadAction","target":["https:\/\/shop.natur-konkret.ch\/it\/prodotti\/carne-secca-di-cervo\/"]}]},{"@type":"ImageObject","inLanguage":"it-IT","@id":"https:\/\/shop.natur-konkret.ch\/it\/prodotti\/carne-secca-di-cervo\/#primaryimage","url":"https:\/\/shop.natur-konkret.ch\/wp-content\/uploads\/3125_02.jpeg","contentUrl":"https:\/\/shop.natur-konkret.ch\/wp-content\/uploads\/3125_02.jpeg","width":950,"height":949},{"@type":"BreadcrumbList","@id":"https:\/\/shop.natur-konkret.ch\/it\/prodotti\/carne-secca-di-cervo\/#breadcrumb","itemListElement":[{"@type":"ListItem","position":1,"name":"Home","item":"https:\/\/shop.natur-konkret.ch\/it\/"},{"@type":"ListItem","position":2,"name":"Prodotti","item":"https:\/\/shop.natur-konkret.ch\/it\/prodotti\/"},{"@type":"ListItem","position":3,"name":"Carne secca di cervo"}]},{"@type":"WebSite","@id":"https:\/\/shop.natur-konkret.ch\/it\/#website","url":"https:\/\/shop.natur-konkret.ch\/it\/","name":"Natur Konkret","description":"Wenn nur das Beste auf den Tisch soll","publisher":{"@id":"https:\/\/shop.natur-konkret.ch\/it\/#organization"},"potentialAction":[{"@type":"SearchAction","target":{"@type":"EntryPoint","urlTemplate":"https:\/\/shop.natur-konkret.ch\/it\/?s={search_term_string}"},"query-input":{"@type":"PropertyValueSpecification","valueRequired":true,"valueName":"search_term_string"}}],"inLanguage":"it-IT"},{"@type":"Organization","@id":"https:\/\/shop.natur-konkret.ch\/it\/#organization","name":"Natur Konkret","url":"https:\/\/shop.natur-konkret.ch\/it\/","logo":{"@type":"ImageObject","inLanguage":"it-IT","@id":"https:\/\/shop.natur-konkret.ch\/it\/#\/schema\/logo\/image\/","url":"","contentUrl":"","caption":"Natur Konkret"},"image":{"@id":"https:\/\/shop.natur-konkret.ch\/it\/#\/schema\/logo\/image\/"}}]}},"_links":{"self":[{"href":"https:\/\/shop.natur-konkret.ch\/it\/wp-json\/wp\/v2\/product\/40491","targetHints":{"allow":["GET"]}}],"collection":[{"href":"https:\/\/shop.natur-konkret.ch\/it\/wp-json\/wp\/v2\/product"}],"about":[{"href":"https:\/\/shop.natur-konkret.ch\/it\/wp-json\/wp\/v2\/types\/product"}],"wp:featuredmedia":[{"embeddable":true,"href":"https:\/\/shop.natur-konkret.ch\/it\/wp-json\/wp\/v2\/media\/287279"}],"wp:attachment":[{"href":"https:\/\/shop.natur-konkret.ch\/it\/wp-json\/wp\/v2\/media?parent=40491"}],"wp:term":[{"taxonomy":"product_brand","embeddable":true,"href":"https:\/\/shop.natur-konkret.ch\/it\/wp-json\/wp\/v2\/product_brand?post=40491"},{"taxonomy":"product_cat","embeddable":true,"href":"https:\/\/shop.natur-konkret.ch\/it\/wp-json\/wp\/v2\/product_cat?post=40491"},{"taxonomy":"product_tag","embeddable":true,"href":"https:\/\/shop.natur-konkret.ch\/it\/wp-json\/wp\/v2\/product_tag?post=40491"}],"curies":[{"name":"wp","href":"https:\/\/api.w.org\/{rel}","templated":true}]}}