{"id":49498,"date":"2025-07-23T17:18:23","date_gmt":"2025-07-23T15:18:23","guid":{"rendered":"https:\/\/natur-konkret.nextag.ch\/produkt\/bonetti-baumnuss-pesto\/"},"modified":"2026-04-13T17:03:20","modified_gmt":"2026-04-13T15:03:20","slug":"bonetti-baumnuss-pesto","status":"publish","type":"product","link":"https:\/\/shop.natur-konkret.ch\/it\/prodotti\/bonetti-baumnuss-pesto\/","title":{"rendered":"Bonetti Baumnuss-Pesto"},"content":{"rendered":"<p>\n      <b>Baumnuss-Pesto<\/b><br \/>Dieses Baumnuss-Pesto passt hervorragend zu<br \/>\n      Teigwaren, Fleisch und Gem\u00fcse. Auch als Aufstrich f\u00fcr Crostini, zu K\u00e4se<br \/>\n      und in der Salatsauce ein Genuss.\n    <\/p>\n<p>\n      <b>Zutaten<\/b><br \/>Baumn\u00fcsse, Oliven\u00f6l extra Vergine, Cashewn\u00fcsse,<br \/>\n      Meersalz, S\u00e4ureregulator : Milchs\u00e4ure. Aus biologischem Anbau. Kann<br \/>\n      Spuren von Erdn\u00fcssen enthalten\n    <\/p>\n<p>\n      <b>Allergene<\/b><br \/>Baumn\u00fcsse, Cashewn\u00fcsse, Erdn\u00fcsse\n    <\/p>\n<p>\n      <b>Herkunft<\/b><br \/>Hergestellt in Italien\n    <\/p>\n<p>    \u00a0<\/p>\n<p>\n      <b>N\u00e4hrwerte pro 100 g<\/b><br \/>Energie: 715 Kcal<br \/>Fett: 69 g<br \/>Kohlenhydrate:<br \/>\n      12 g<br \/>Eiweiss: 11 g\n    <\/p>\n","protected":false},"excerpt":{"rendered":"<p>Baumnuss-PestoDieses Baumnuss-Pesto passt hervorragend zu Teigwaren, Fleisch und Gem\u00fcse. Auch als Aufstrich f\u00fcr Crostini, zu K\u00e4se und in der Salatsauce ein Genuss. ZutatenBaumn\u00fcsse, Oliven\u00f6l extra Vergine, Cashewn\u00fcsse, Meersalz, S\u00e4ureregulator : Milchs\u00e4ure. Aus biologischem Anbau. Kann Spuren von Erdn\u00fcssen enthalten AllergeneBaumn\u00fcsse, Cashewn\u00fcsse, Erdn\u00fcsse HerkunftHergestellt in Italien \u00a0 N\u00e4hrwerte pro 100 gEnergie: 715 KcalFett: 69 gKohlenhydrate: 12 [&hellip;]<\/p>\n","protected":false},"featured_media":286073,"template":"","meta":{"_acf_changed":false},"product_brand":[],"product_cat":[158,614,616],"product_tag":[],"class_list":{"0":"post-49498","1":"product","2":"type-product","3":"status-publish","4":"has-post-thumbnail","6":"product_cat-prodotti","7":"product_cat-pane-farina-it","8":"product_cat-verdure-insalate-frutta-it","10":"first","11":"instock","12":"taxable","13":"shipping-taxable","14":"purchasable","15":"product-type-simple"},"acf":[],"yoast_head":"<!-- This site is optimized with the Yoast SEO plugin v27.4 - https:\/\/yoast.com\/product\/yoast-seo-wordpress\/ -->\n<title>Bonetti Baumnuss-Pesto - Natur Konkret - Onlineshop<\/title>\n<meta name=\"description\" content=\"Bonetti Baumnuss-Pesto - Con metodi di produzione naturali conciliamo la tutela dell&#039;ambiente, il benessere degli animali e la produzione di alimenti sani e di alta qualit\u00e0.\" \/>\n<meta name=\"robots\" content=\"index, follow, max-snippet:-1, max-image-preview:large, max-video-preview:-1\" \/>\n<link rel=\"canonical\" href=\"https:\/\/shop.natur-konkret.ch\/it\/prodotti\/bonetti-baumnuss-pesto\/\" \/>\n<meta property=\"og:locale\" content=\"it_IT\" \/>\n<meta property=\"og:type\" content=\"article\" \/>\n<meta property=\"og:title\" content=\"Bonetti Baumnuss-Pesto - Natur Konkret - Onlineshop\" \/>\n<meta property=\"og:description\" content=\"Bonetti Baumnuss-Pesto - Con metodi di produzione naturali conciliamo la tutela dell&#039;ambiente, il benessere degli animali e la produzione di alimenti sani e di alta qualit\u00e0.\" \/>\n<meta property=\"og:url\" content=\"https:\/\/shop.natur-konkret.ch\/it\/prodotti\/bonetti-baumnuss-pesto\/\" \/>\n<meta property=\"og:site_name\" content=\"Natur Konkret - Onlineshop\" \/>\n<meta property=\"article:modified_time\" content=\"2026-04-13T15:03:20+00:00\" \/>\n<meta property=\"og:image\" content=\"https:\/\/shop.natur-konkret.ch\/wp-content\/uploads\/11022_10.jpeg\" \/>\n\t<meta property=\"og:image:width\" content=\"950\" \/>\n\t<meta property=\"og:image:height\" content=\"950\" \/>\n\t<meta property=\"og:image:type\" content=\"image\/jpeg\" \/>\n<meta name=\"twitter:card\" content=\"summary_large_image\" \/>\n<script type=\"application\/ld+json\" class=\"yoast-schema-graph\">{\"@context\":\"https:\\\/\\\/schema.org\",\"@graph\":[{\"@type\":\"WebPage\",\"@id\":\"https:\\\/\\\/shop.natur-konkret.ch\\\/it\\\/prodotti\\\/bonetti-baumnuss-pesto\\\/\",\"url\":\"https:\\\/\\\/shop.natur-konkret.ch\\\/it\\\/prodotti\\\/bonetti-baumnuss-pesto\\\/\",\"name\":\"Bonetti Baumnuss-Pesto - Natur Konkret - Onlineshop\",\"isPartOf\":{\"@id\":\"https:\\\/\\\/shop.natur-konkret.ch\\\/it\\\/#website\"},\"primaryImageOfPage\":{\"@id\":\"https:\\\/\\\/shop.natur-konkret.ch\\\/it\\\/prodotti\\\/bonetti-baumnuss-pesto\\\/#primaryimage\"},\"image\":{\"@id\":\"https:\\\/\\\/shop.natur-konkret.ch\\\/it\\\/prodotti\\\/bonetti-baumnuss-pesto\\\/#primaryimage\"},\"thumbnailUrl\":\"https:\\\/\\\/shop.natur-konkret.ch\\\/wp-content\\\/uploads\\\/11022_10.jpeg\",\"datePublished\":\"2025-07-23T15:18:23+00:00\",\"dateModified\":\"2026-04-13T15:03:20+00:00\",\"description\":\"Bonetti Baumnuss-Pesto - Con metodi di produzione naturali conciliamo la tutela dell'ambiente, il benessere degli animali e la produzione di alimenti sani e di alta qualit\u00e0.\",\"breadcrumb\":{\"@id\":\"https:\\\/\\\/shop.natur-konkret.ch\\\/it\\\/prodotti\\\/bonetti-baumnuss-pesto\\\/#breadcrumb\"},\"inLanguage\":\"it-IT\",\"potentialAction\":[{\"@type\":\"ReadAction\",\"target\":[\"https:\\\/\\\/shop.natur-konkret.ch\\\/it\\\/prodotti\\\/bonetti-baumnuss-pesto\\\/\"]}]},{\"@type\":\"ImageObject\",\"inLanguage\":\"it-IT\",\"@id\":\"https:\\\/\\\/shop.natur-konkret.ch\\\/it\\\/prodotti\\\/bonetti-baumnuss-pesto\\\/#primaryimage\",\"url\":\"https:\\\/\\\/shop.natur-konkret.ch\\\/wp-content\\\/uploads\\\/11022_10.jpeg\",\"contentUrl\":\"https:\\\/\\\/shop.natur-konkret.ch\\\/wp-content\\\/uploads\\\/11022_10.jpeg\",\"width\":950,\"height\":950},{\"@type\":\"BreadcrumbList\",\"@id\":\"https:\\\/\\\/shop.natur-konkret.ch\\\/it\\\/prodotti\\\/bonetti-baumnuss-pesto\\\/#breadcrumb\",\"itemListElement\":[{\"@type\":\"ListItem\",\"position\":1,\"name\":\"Home\",\"item\":\"https:\\\/\\\/shop.natur-konkret.ch\\\/it\\\/\"},{\"@type\":\"ListItem\",\"position\":2,\"name\":\"Prodotti\",\"item\":\"https:\\\/\\\/shop.natur-konkret.ch\\\/it\\\/prodotti\\\/\"},{\"@type\":\"ListItem\",\"position\":3,\"name\":\"Bonetti Baumnuss-Pesto\"}]},{\"@type\":\"WebSite\",\"@id\":\"https:\\\/\\\/shop.natur-konkret.ch\\\/it\\\/#website\",\"url\":\"https:\\\/\\\/shop.natur-konkret.ch\\\/it\\\/\",\"name\":\"Natur Konkret\",\"description\":\"Wenn nur das Beste auf den Tisch soll\",\"publisher\":{\"@id\":\"https:\\\/\\\/shop.natur-konkret.ch\\\/it\\\/#organization\"},\"potentialAction\":[{\"@type\":\"SearchAction\",\"target\":{\"@type\":\"EntryPoint\",\"urlTemplate\":\"https:\\\/\\\/shop.natur-konkret.ch\\\/it\\\/?s={search_term_string}\"},\"query-input\":{\"@type\":\"PropertyValueSpecification\",\"valueRequired\":true,\"valueName\":\"search_term_string\"}}],\"inLanguage\":\"it-IT\"},{\"@type\":\"Organization\",\"@id\":\"https:\\\/\\\/shop.natur-konkret.ch\\\/it\\\/#organization\",\"name\":\"Natur Konkret\",\"url\":\"https:\\\/\\\/shop.natur-konkret.ch\\\/it\\\/\",\"logo\":{\"@type\":\"ImageObject\",\"inLanguage\":\"it-IT\",\"@id\":\"https:\\\/\\\/shop.natur-konkret.ch\\\/it\\\/#\\\/schema\\\/logo\\\/image\\\/\",\"url\":\"\",\"contentUrl\":\"\",\"caption\":\"Natur Konkret\"},\"image\":{\"@id\":\"https:\\\/\\\/shop.natur-konkret.ch\\\/it\\\/#\\\/schema\\\/logo\\\/image\\\/\"}}]}<\/script>\n<!-- \/ Yoast SEO plugin. -->","yoast_head_json":{"title":"Bonetti Baumnuss-Pesto - Natur Konkret - Onlineshop","description":"Bonetti Baumnuss-Pesto - Con metodi di produzione naturali conciliamo la tutela dell'ambiente, il benessere degli animali e la produzione di alimenti sani e di alta qualit\u00e0.","robots":{"index":"index","follow":"follow","max-snippet":"max-snippet:-1","max-image-preview":"max-image-preview:large","max-video-preview":"max-video-preview:-1"},"canonical":"https:\/\/shop.natur-konkret.ch\/it\/prodotti\/bonetti-baumnuss-pesto\/","og_locale":"it_IT","og_type":"article","og_title":"Bonetti Baumnuss-Pesto - Natur Konkret - Onlineshop","og_description":"Bonetti Baumnuss-Pesto - Con metodi di produzione naturali conciliamo la tutela dell'ambiente, il benessere degli animali e la produzione di alimenti sani e di alta qualit\u00e0.","og_url":"https:\/\/shop.natur-konkret.ch\/it\/prodotti\/bonetti-baumnuss-pesto\/","og_site_name":"Natur Konkret - Onlineshop","article_modified_time":"2026-04-13T15:03:20+00:00","og_image":[{"width":950,"height":950,"url":"https:\/\/shop.natur-konkret.ch\/wp-content\/uploads\/11022_10.jpeg","type":"image\/jpeg"}],"twitter_card":"summary_large_image","schema":{"@context":"https:\/\/schema.org","@graph":[{"@type":"WebPage","@id":"https:\/\/shop.natur-konkret.ch\/it\/prodotti\/bonetti-baumnuss-pesto\/","url":"https:\/\/shop.natur-konkret.ch\/it\/prodotti\/bonetti-baumnuss-pesto\/","name":"Bonetti Baumnuss-Pesto - Natur Konkret - Onlineshop","isPartOf":{"@id":"https:\/\/shop.natur-konkret.ch\/it\/#website"},"primaryImageOfPage":{"@id":"https:\/\/shop.natur-konkret.ch\/it\/prodotti\/bonetti-baumnuss-pesto\/#primaryimage"},"image":{"@id":"https:\/\/shop.natur-konkret.ch\/it\/prodotti\/bonetti-baumnuss-pesto\/#primaryimage"},"thumbnailUrl":"https:\/\/shop.natur-konkret.ch\/wp-content\/uploads\/11022_10.jpeg","datePublished":"2025-07-23T15:18:23+00:00","dateModified":"2026-04-13T15:03:20+00:00","description":"Bonetti Baumnuss-Pesto - Con metodi di produzione naturali conciliamo la tutela dell'ambiente, il benessere degli animali e la produzione di alimenti sani e di alta qualit\u00e0.","breadcrumb":{"@id":"https:\/\/shop.natur-konkret.ch\/it\/prodotti\/bonetti-baumnuss-pesto\/#breadcrumb"},"inLanguage":"it-IT","potentialAction":[{"@type":"ReadAction","target":["https:\/\/shop.natur-konkret.ch\/it\/prodotti\/bonetti-baumnuss-pesto\/"]}]},{"@type":"ImageObject","inLanguage":"it-IT","@id":"https:\/\/shop.natur-konkret.ch\/it\/prodotti\/bonetti-baumnuss-pesto\/#primaryimage","url":"https:\/\/shop.natur-konkret.ch\/wp-content\/uploads\/11022_10.jpeg","contentUrl":"https:\/\/shop.natur-konkret.ch\/wp-content\/uploads\/11022_10.jpeg","width":950,"height":950},{"@type":"BreadcrumbList","@id":"https:\/\/shop.natur-konkret.ch\/it\/prodotti\/bonetti-baumnuss-pesto\/#breadcrumb","itemListElement":[{"@type":"ListItem","position":1,"name":"Home","item":"https:\/\/shop.natur-konkret.ch\/it\/"},{"@type":"ListItem","position":2,"name":"Prodotti","item":"https:\/\/shop.natur-konkret.ch\/it\/prodotti\/"},{"@type":"ListItem","position":3,"name":"Bonetti Baumnuss-Pesto"}]},{"@type":"WebSite","@id":"https:\/\/shop.natur-konkret.ch\/it\/#website","url":"https:\/\/shop.natur-konkret.ch\/it\/","name":"Natur Konkret","description":"Wenn nur das Beste auf den Tisch soll","publisher":{"@id":"https:\/\/shop.natur-konkret.ch\/it\/#organization"},"potentialAction":[{"@type":"SearchAction","target":{"@type":"EntryPoint","urlTemplate":"https:\/\/shop.natur-konkret.ch\/it\/?s={search_term_string}"},"query-input":{"@type":"PropertyValueSpecification","valueRequired":true,"valueName":"search_term_string"}}],"inLanguage":"it-IT"},{"@type":"Organization","@id":"https:\/\/shop.natur-konkret.ch\/it\/#organization","name":"Natur Konkret","url":"https:\/\/shop.natur-konkret.ch\/it\/","logo":{"@type":"ImageObject","inLanguage":"it-IT","@id":"https:\/\/shop.natur-konkret.ch\/it\/#\/schema\/logo\/image\/","url":"","contentUrl":"","caption":"Natur Konkret"},"image":{"@id":"https:\/\/shop.natur-konkret.ch\/it\/#\/schema\/logo\/image\/"}}]}},"_links":{"self":[{"href":"https:\/\/shop.natur-konkret.ch\/it\/wp-json\/wp\/v2\/product\/49498","targetHints":{"allow":["GET"]}}],"collection":[{"href":"https:\/\/shop.natur-konkret.ch\/it\/wp-json\/wp\/v2\/product"}],"about":[{"href":"https:\/\/shop.natur-konkret.ch\/it\/wp-json\/wp\/v2\/types\/product"}],"wp:featuredmedia":[{"embeddable":true,"href":"https:\/\/shop.natur-konkret.ch\/it\/wp-json\/wp\/v2\/media\/286073"}],"wp:attachment":[{"href":"https:\/\/shop.natur-konkret.ch\/it\/wp-json\/wp\/v2\/media?parent=49498"}],"wp:term":[{"taxonomy":"product_brand","embeddable":true,"href":"https:\/\/shop.natur-konkret.ch\/it\/wp-json\/wp\/v2\/product_brand?post=49498"},{"taxonomy":"product_cat","embeddable":true,"href":"https:\/\/shop.natur-konkret.ch\/it\/wp-json\/wp\/v2\/product_cat?post=49498"},{"taxonomy":"product_tag","embeddable":true,"href":"https:\/\/shop.natur-konkret.ch\/it\/wp-json\/wp\/v2\/product_tag?post=49498"}],"curies":[{"name":"wp","href":"https:\/\/api.w.org\/{rel}","templated":true}]}}